{"id":1372,"date":"2026-01-19T14:59:18","date_gmt":"2026-01-19T14:59:18","guid":{"rendered":"https:\/\/kumandatech.tr\/?post_type=product&#038;p=1372"},"modified":"2026-04-02T18:06:42","modified_gmt":"2026-04-02T15:06:42","slug":"hbc-radiomatic-joystick-jpppz181","status":"publish","type":"product","link":"https:\/\/kumandatech.tr\/en\/product\/hbc-radiomatic-joystick-jpppz181\/","title":{"rendered":"Hbc Radiomatic Joystick JPPPZ181"},"content":{"rendered":"<p data-start=\"953\" data-end=\"1374\"><strong data-start=\"953\" data-end=\"989\">HBC Radiomatic Joystick JPPPZ181<\/strong>, end\u00fcstriyel kontrol sistemleri i\u00e7in \u00f6zel olarak geli\u015ftirilmi\u015f, y\u00fcksek performansl\u0131 ve dayan\u0131kl\u0131 bir joystick kumanda eleman\u0131d\u0131r. Almanya merkezli HBC-radiomatic\u2019in premium kalite anlay\u0131\u015f\u0131yla \u00fcretilen bu joystick, vin\u00e7ler, mobil hidrolik makineler, a\u011f\u0131r i\u015f makineleri ve di\u011fer end\u00fcstriyel uygulamalarda hassas kontrol ve g\u00fcvenilir kumanda sa\u011flar.<\/p>\n<p data-start=\"1376\" data-end=\"1799\">Ergonomik tasar\u0131m\u0131 sayesinde operat\u00f6r konforunu maksimize ederken; sa\u011flam ve uzun \u00f6m\u00fcrl\u00fc yap\u0131s\u0131 zorlu end\u00fcstriyel \u00e7al\u0131\u015fma ko\u015fullar\u0131na kar\u015f\u0131 dayan\u0131kl\u0131l\u0131k g\u00f6sterir. Joystick, y\u00fcksek hassasiyetli hareket alg\u0131lama \u00f6zelli\u011fi ile makine s\u00fcr\u00fc\u015f y\u00f6n\u00fc, h\u0131z ayarlamas\u0131 ve ara\u00e7 ekipman fonksiyonlar\u0131n\u0131n etkin kontrol\u00fcn\u00fc destekler. Geni\u015f \u00e7apta adaptasyon imk\u00e2n\u0131 sayesinde farkl\u0131 makina ve kumanda sistemlerine kolayca entegre edilebilir.<\/p>\n<p data-start=\"1801\" data-end=\"2249\">HBC-radiomatic \u00fcr\u00fcnleri, d\u00fcnya genelinde end\u00fcstriyel kumanda \u00e7\u00f6z\u00fcmleriyle bilinir ve uzun y\u0131llara yay\u0131lan AR-GE deneyimi ile m\u00fchendislik standartlar\u0131n\u0131 yakalamay\u0131 ba\u015far\u0131r. Bu joystick, y\u00fcksek performans beklentisi olan \u00fcreticiler ve operat\u00f6rler i\u00e7in ideal bir tercihtir. \u00dcr\u00fcn, dayan\u0131kl\u0131l\u0131\u011f\u0131, hassasiyeti ve kontrol kolayl\u0131\u011f\u0131 ile i\u015fletmelerin \u00fcretkenli\u011fini art\u0131r\u0131rken kullan\u0131m g\u00fcvenli\u011fini de \u00fcst seviyeye ta\u015f\u0131r.<\/p>\n<h4 data-start=\"195\" data-end=\"227\">\u2753 S\u0131k\u00e7a Sorulan Sorular (SSS)<\/h4>\n<div class=\"accordian fusion-accordian\" style=\"--awb-border-size:1px;--awb-icon-size:16px;--awb-content-font-size:var(--awb-typography4-font-size);--awb-icon-alignment:left;--awb-hover-color:var(--awb-color2);--awb-border-color:var(--awb-color3);--awb-background-color:var(--awb-color1);--awb-divider-color:var(--awb-color3);--awb-divider-hover-color:var(--awb-color3);--awb-icon-color:var(--awb-color1);--awb-title-color:var(--awb-color8);--awb-content-color:var(--awb-color8);--awb-icon-box-color:var(--awb-color8);--awb-toggle-hover-accent-color:var(--awb-color5);--awb-title-font-family:var(--awb-typography1-font-family);--awb-title-font-weight:var(--awb-typography1-font-weight);--awb-title-font-style:var(--awb-typography1-font-style);--awb-title-font-size:16px;--awb-title-letter-spacing:var(--awb-typography1-letter-spacing);--awb-title-line-height:var(--awb-typography1-line-height);--awb-content-font-family:var(--awb-typography4-font-family);--awb-content-font-weight:var(--awb-typography4-font-weight);--awb-content-font-style:var(--awb-typography4-font-style);\"><div class=\"panel-group fusion-toggle-icon-boxed\" id=\"accordion-1372-1\"><div class=\"fusion-panel panel-default panel-72ae319d3384f1c2b fusion-toggle-has-divider\" style=\"--awb-title-font-size:19px;--awb-title-color:var(--awb-color8);--awb-content-color:var(--awb-color8);\"><div class=\"panel-heading\"><h4 class=\"panel-title toggle\" id=\"toggle_72ae319d3384f1c2b\"><a aria-expanded=\"false\" aria-controls=\"72ae319d3384f1c2b\" role=\"button\" data-toggle=\"collapse\" data-parent=\"#accordion-1372-1\" data-target=\"#72ae319d3384f1c2b\" href=\"#72ae319d3384f1c2b\"><span class=\"fusion-toggle-icon-wrapper\" aria-hidden=\"true\"><i class=\"fa-fusion-box active-icon awb-icon-minus\" aria-hidden=\"true\"><\/i><i class=\"fa-fusion-box inactive-icon awb-icon-plus\" aria-hidden=\"true\"><\/i><\/span><span class=\"fusion-toggle-heading\">1. HBC Radiomatic Joystick JPPPZ181 nedir?<\/span><\/a><\/h4><\/div><div id=\"72ae319d3384f1c2b\" class=\"panel-collapse collapse \" aria-labelledby=\"toggle_72ae319d3384f1c2b\"><div class=\"panel-body toggle-content fusion-clearfix\"><\/p>\n<p>HBC Radiomatic Joystick JPPPZ181, vin\u00e7ler, mobil hidrolik sistemler ve a\u011f\u0131r i\u015f makinelerinde kullan\u0131lan, hassas ve g\u00fcvenilir kontrol sa\u011flayan end\u00fcstriyel joystick kumanda eleman\u0131d\u0131r.<\/p>\n<p><\/div><\/div><\/div><div class=\"fusion-panel panel-default panel-d5cef9dafe2617e80 fusion-toggle-has-divider\" style=\"--awb-title-font-size:19px;--awb-title-color:var(--awb-color8);--awb-content-color:var(--awb-color8);\"><div class=\"panel-heading\"><h4 class=\"panel-title toggle\" id=\"toggle_d5cef9dafe2617e80\"><a aria-expanded=\"false\" aria-controls=\"d5cef9dafe2617e80\" role=\"button\" data-toggle=\"collapse\" data-parent=\"#accordion-1372-1\" data-target=\"#d5cef9dafe2617e80\" href=\"#d5cef9dafe2617e80\"><span class=\"fusion-toggle-icon-wrapper\" aria-hidden=\"true\"><i class=\"fa-fusion-box active-icon awb-icon-minus\" aria-hidden=\"true\"><\/i><i class=\"fa-fusion-box inactive-icon awb-icon-plus\" aria-hidden=\"true\"><\/i><\/span><span class=\"fusion-toggle-heading\">2. JPPPZ181 hangi alanlarda kullan\u0131l\u0131r?<\/span><\/a><\/h4><\/div><div id=\"d5cef9dafe2617e80\" class=\"panel-collapse collapse \" aria-labelledby=\"toggle_d5cef9dafe2617e80\"><div class=\"panel-body toggle-content fusion-clearfix\"><\/p>\n<p style=\"color: #001638;\" data-start=\"504\" data-end=\"518\">Bu joystick;<\/p>\n<ul style=\"color: #001638;\" data-start=\"519\" data-end=\"684\">\n<li data-start=\"519\" data-end=\"538\">\n<p data-start=\"521\" data-end=\"538\">Vin\u00e7 sistemleri<\/p>\n<\/li>\n<li data-start=\"539\" data-end=\"554\">\n<p data-start=\"541\" data-end=\"554\">Forkliftler<\/p>\n<\/li>\n<li data-start=\"555\" data-end=\"574\">\n<p data-start=\"557\" data-end=\"574\">Beton pompalar\u0131<\/p>\n<\/li>\n<li data-start=\"575\" data-end=\"598\">\n<p data-start=\"577\" data-end=\"598\">Mobil i\u015f makineleri<\/p>\n<\/li>\n<li data-start=\"599\" data-end=\"684\">\n<p data-start=\"601\" data-end=\"684\">End\u00fcstriyel uzaktan kumanda sistemleri<br data-start=\"639\" data-end=\"642\" \/>gibi profesyonel uygulamalarda kullan\u0131l\u0131r.<\/p>\n<\/li>\n<\/ul>\n<p><\/div><\/div><\/div><div class=\"fusion-panel panel-default panel-5509e8f28ea298094 fusion-toggle-has-divider\" style=\"--awb-title-font-size:19px;--awb-title-color:var(--awb-color8);--awb-content-color:var(--awb-color8);\"><div class=\"panel-heading\"><h4 class=\"panel-title toggle\" id=\"toggle_5509e8f28ea298094\"><a aria-expanded=\"false\" aria-controls=\"5509e8f28ea298094\" role=\"button\" data-toggle=\"collapse\" data-parent=\"#accordion-1372-1\" data-target=\"#5509e8f28ea298094\" href=\"#5509e8f28ea298094\"><span class=\"fusion-toggle-icon-wrapper\" aria-hidden=\"true\"><i class=\"fa-fusion-box active-icon awb-icon-minus\" aria-hidden=\"true\"><\/i><i class=\"fa-fusion-box inactive-icon awb-icon-plus\" aria-hidden=\"true\"><\/i><\/span><span class=\"fusion-toggle-heading\">3. HBC Radiomatic joysticklerin avantajlar\u0131 nelerdir?<\/span><\/a><\/h4><\/div><div id=\"5509e8f28ea298094\" class=\"panel-collapse collapse \" aria-labelledby=\"toggle_5509e8f28ea298094\"><div class=\"panel-body toggle-content fusion-clearfix\"><\/p>\n<p style=\"color: #001638;\" data-start=\"744\" data-end=\"771\">HBC Radiomatic joystickler;<\/p>\n<ul style=\"color: #001638;\" data-start=\"772\" data-end=\"945\">\n<li data-start=\"772\" data-end=\"793\">\n<p data-start=\"774\" data-end=\"793\">Y\u00fcksek hassasiyet<\/p>\n<\/li>\n<li data-start=\"794\" data-end=\"827\">\n<p data-start=\"796\" data-end=\"827\">Uzun \u00f6m\u00fcrl\u00fc ve dayan\u0131kl\u0131 yap\u0131<\/p>\n<\/li>\n<li data-start=\"828\" data-end=\"849\">\n<p data-start=\"830\" data-end=\"849\">Ergonomik tasar\u0131m<\/p>\n<\/li>\n<li data-start=\"850\" data-end=\"878\">\n<p data-start=\"852\" data-end=\"878\">G\u00fcvenilir sinyal iletimi<\/p>\n<\/li>\n<li data-start=\"879\" data-end=\"945\">\n<p data-start=\"881\" data-end=\"945\">Zorlu end\u00fcstriyel ko\u015fullara uygunluk<br data-start=\"917\" data-end=\"920\" \/>avantajlar\u0131yla \u00f6ne \u00e7\u0131kar.<\/p>\n<\/li>\n<\/ul>\n<p><\/div><\/div><\/div><div class=\"fusion-panel panel-default panel-baa3a4af154e61eb2 fusion-toggle-has-divider\" style=\"--awb-title-font-size:19px;--awb-title-color:var(--awb-color8);--awb-content-color:var(--awb-color8);\"><div class=\"panel-heading\"><h4 class=\"panel-title toggle\" id=\"toggle_baa3a4af154e61eb2\"><a aria-expanded=\"false\" aria-controls=\"baa3a4af154e61eb2\" role=\"button\" data-toggle=\"collapse\" data-parent=\"#accordion-1372-1\" data-target=\"#baa3a4af154e61eb2\" href=\"#baa3a4af154e61eb2\"><span class=\"fusion-toggle-icon-wrapper\" aria-hidden=\"true\"><i class=\"fa-fusion-box active-icon awb-icon-minus\" aria-hidden=\"true\"><\/i><i class=\"fa-fusion-box inactive-icon awb-icon-plus\" aria-hidden=\"true\"><\/i><\/span><span class=\"fusion-toggle-heading\">4. Joystick JPPPZ181 ergonomik midir?<\/span><\/a><\/h4><\/div><div id=\"baa3a4af154e61eb2\" class=\"panel-collapse collapse \" aria-labelledby=\"toggle_baa3a4af154e61eb2\"><div class=\"panel-body toggle-content fusion-clearfix\"><\/p>\n<p style=\"color: #001638;\" data-start=\"744\" data-end=\"771\"><span style=\"color: #001638;\">Evet. JPPPZ181, uzun s\u00fcreli kullan\u0131mlarda operat\u00f6r yorgunlu\u011funu azaltmak i\u00e7in ergonomik olarak tasarlanm\u0131\u015ft\u0131r ve kolay kontrol imk\u00e2n\u0131 sunar.<\/span><\/p>\n<p><\/div><\/div><\/div><div class=\"fusion-panel panel-default panel-04dbb375111064a22 fusion-toggle-has-divider\" style=\"--awb-title-font-size:19px;--awb-title-color:var(--awb-color8);--awb-content-color:var(--awb-color8);\"><div class=\"panel-heading\"><h4 class=\"panel-title toggle\" id=\"toggle_04dbb375111064a22\"><a aria-expanded=\"false\" aria-controls=\"04dbb375111064a22\" role=\"button\" data-toggle=\"collapse\" data-parent=\"#accordion-1372-1\" data-target=\"#04dbb375111064a22\" href=\"#04dbb375111064a22\"><span class=\"fusion-toggle-icon-wrapper\" aria-hidden=\"true\"><i class=\"fa-fusion-box active-icon awb-icon-minus\" aria-hidden=\"true\"><\/i><i class=\"fa-fusion-box inactive-icon awb-icon-plus\" aria-hidden=\"true\"><\/i><\/span><span class=\"fusion-toggle-heading\">5. JPPPZ181 farkl\u0131 sistemlere uyumlu mudur?<\/span><\/a><\/h4><\/div><div id=\"04dbb375111064a22\" class=\"panel-collapse collapse \" aria-labelledby=\"toggle_04dbb375111064a22\"><div class=\"panel-body toggle-content fusion-clearfix\"><\/p>\n<p style=\"color: #001638;\" data-start=\"1179\" data-end=\"1343\">Evet. HBC Radiomatic Joystick JPPPZ181, bir\u00e7ok end\u00fcstriyel kontrol ve uzaktan kumanda sistemiyle uyumlu olacak \u015fekilde tasarlanm\u0131\u015ft\u0131r. Entegrasyon kolayl\u0131\u011f\u0131 sa\u011flar.<\/p>\n<p><\/div><\/div><\/div><div class=\"fusion-panel panel-default panel-add2eb4745f13ee7e fusion-toggle-has-divider\" style=\"--awb-title-font-size:19px;--awb-title-color:var(--awb-color8);--awb-content-color:var(--awb-color8);\"><div class=\"panel-heading\"><h4 class=\"panel-title toggle\" id=\"toggle_add2eb4745f13ee7e\"><a aria-expanded=\"false\" aria-controls=\"add2eb4745f13ee7e\" role=\"button\" data-toggle=\"collapse\" data-parent=\"#accordion-1372-1\" data-target=\"#add2eb4745f13ee7e\" href=\"#add2eb4745f13ee7e\"><span class=\"fusion-toggle-icon-wrapper\" aria-hidden=\"true\"><i class=\"fa-fusion-box active-icon awb-icon-minus\" aria-hidden=\"true\"><\/i><i class=\"fa-fusion-box inactive-icon awb-icon-plus\" aria-hidden=\"true\"><\/i><\/span><span class=\"fusion-toggle-heading\">6. \u00dcr\u00fcn zorlu \u00e7al\u0131\u015fma ko\u015fullar\u0131na dayan\u0131kl\u0131 m\u0131?<\/span><\/a><\/h4><\/div><div id=\"add2eb4745f13ee7e\" class=\"panel-collapse collapse \" aria-labelledby=\"toggle_add2eb4745f13ee7e\"><div class=\"panel-body toggle-content fusion-clearfix\"><\/p>\n<p style=\"color: #001638;\" data-start=\"1179\" data-end=\"1343\"><span style=\"color: #001638;\">Evet. HBC Radiomatic \u00fcr\u00fcnleri, end\u00fcstriyel ortamlar i\u00e7in geli\u015ftirilmi\u015ftir. Joystick JPPPZ181; titre\u015fim, toz ve yo\u011fun kullan\u0131m gibi zorlu ko\u015fullara kar\u015f\u0131 dayan\u0131kl\u0131d\u0131r.<\/span><\/p>\n<p><\/div><\/div><\/div><div class=\"fusion-panel panel-default panel-8f2efb1248c8d312f fusion-toggle-has-divider\" style=\"--awb-title-font-size:19px;--awb-title-color:var(--awb-color8);--awb-content-color:var(--awb-color8);\"><div class=\"panel-heading\"><h4 class=\"panel-title toggle\" id=\"toggle_8f2efb1248c8d312f\"><a aria-expanded=\"false\" aria-controls=\"8f2efb1248c8d312f\" role=\"button\" data-toggle=\"collapse\" data-parent=\"#accordion-1372-1\" data-target=\"#8f2efb1248c8d312f\" href=\"#8f2efb1248c8d312f\"><span class=\"fusion-toggle-icon-wrapper\" aria-hidden=\"true\"><i class=\"fa-fusion-box active-icon awb-icon-minus\" aria-hidden=\"true\"><\/i><i class=\"fa-fusion-box inactive-icon awb-icon-plus\" aria-hidden=\"true\"><\/i><\/span><span class=\"fusion-toggle-heading\">7. JPPPZ181 orijinal HBC Radiomatic \u00fcr\u00fcn\u00fc m\u00fcd\u00fcr?<\/span><\/a><\/h4><\/div><div id=\"8f2efb1248c8d312f\" class=\"panel-collapse collapse \" aria-labelledby=\"toggle_8f2efb1248c8d312f\"><div class=\"panel-body toggle-content fusion-clearfix\"><\/p>\n<p style=\"color: #001638;\" data-start=\"1618\" data-end=\"1742\">Evet. JPPPZ181, HBC Radiomatic taraf\u0131ndan \u00fcretilen orijinal bir joystick modelidir ve global kalite standartlar\u0131na sahiptir.<\/p>\n<p><\/div><\/div><\/div><div class=\"fusion-panel panel-default panel-b4b1f561357cb7a4f fusion-toggle-has-divider\" style=\"--awb-title-font-size:19px;--awb-title-color:var(--awb-color8);--awb-content-color:var(--awb-color8);\"><div class=\"panel-heading\"><h4 class=\"panel-title toggle\" id=\"toggle_b4b1f561357cb7a4f\"><a aria-expanded=\"false\" aria-controls=\"b4b1f561357cb7a4f\" role=\"button\" data-toggle=\"collapse\" data-parent=\"#accordion-1372-1\" data-target=\"#b4b1f561357cb7a4f\" href=\"#b4b1f561357cb7a4f\"><span class=\"fusion-toggle-icon-wrapper\" aria-hidden=\"true\"><i class=\"fa-fusion-box active-icon awb-icon-minus\" aria-hidden=\"true\"><\/i><i class=\"fa-fusion-box inactive-icon awb-icon-plus\" aria-hidden=\"true\"><\/i><\/span><span class=\"fusion-toggle-heading\">Bu joystick g\u00fcvenli kullan\u0131m sa\u011flar m\u0131?<\/span><\/a><\/h4><\/div><div id=\"b4b1f561357cb7a4f\" class=\"panel-collapse collapse \" aria-labelledby=\"toggle_b4b1f561357cb7a4f\"><div class=\"panel-body toggle-content fusion-clearfix\"><\/p>\n<p style=\"color: #001638;\" data-start=\"1618\" data-end=\"1742\">Evet. Hassas hareket alg\u0131lama ve stabil kontrol \u00f6zelli\u011fi sayesinde operat\u00f6r g\u00fcvenli\u011fini art\u0131r\u0131r ve makine kontrol\u00fcnde hata riskini minimize eder.<\/p>\n<p><\/div><\/div><\/div><\/div><\/div>\n<p><script type=\"application\/ld+json\">\n{\n  \"@context\": \"https:\/\/schema.org\",\n  \"@type\": \"FAQPage\",\n  \"mainEntity\": [\n    {\n      \"@type\": \"Question\",\n      \"name\": \"HBC Radiomatic Joystick JPPPZ181 nedir?\",\n      \"acceptedAnswer\": {\n        \"@type\": \"Answer\",\n        \"text\": \"HBC Radiomatic Joystick JPPPZ181, vin\u00e7ler, mobil hidrolik sistemler ve a\u011f\u0131r i\u015f makineleri i\u00e7in tasarlanm\u0131\u015f, hassas ve g\u00fcvenilir kontrol sa\u011flayan end\u00fcstriyel joystick kumanda eleman\u0131d\u0131r.\"\n      }\n    },\n    {\n      \"@type\": \"Question\",\n      \"name\": \"HBC Radiomatic Joystick JPPPZ181 hangi alanlarda kullan\u0131l\u0131r?\",\n      \"acceptedAnswer\": {\n        \"@type\": \"Answer\",\n        \"text\": \"Joystick JPPPZ181; vin\u00e7 sistemleri, forkliftler, beton pompalar\u0131, mobil i\u015f makineleri ve end\u00fcstriyel uzaktan kumanda uygulamalar\u0131nda yayg\u0131n olarak kullan\u0131l\u0131r.\"\n      }\n    },\n    {\n      \"@type\": \"Question\",\n      \"name\": \"HBC Radiomatic joysticklerin avantajlar\u0131 nelerdir?\",\n      \"acceptedAnswer\": {\n        \"@type\": \"Answer\",\n        \"text\": \"HBC Radiomatic joystickler y\u00fcksek hassasiyet, dayan\u0131kl\u0131 yap\u0131, ergonomik tasar\u0131m, uzun kullan\u0131m \u00f6mr\u00fc ve g\u00fcvenilir sinyal iletimi gibi avantajlar sunar.\"\n      }\n    },\n    {\n      \"@type\": \"Question\",\n      \"name\": \"Joystick JPPPZ181 ergonomik mi?\",\n      \"acceptedAnswer\": {\n        \"@type\": \"Answer\",\n        \"text\": \"Evet. JPPPZ181, operat\u00f6r konforunu art\u0131rmak ve uzun s\u00fcreli kullan\u0131mlarda yorgunlu\u011fu azaltmak i\u00e7in ergonomik olarak tasarlanm\u0131\u015ft\u0131r.\"\n      }\n    },\n    {\n      \"@type\": \"Question\",\n      \"name\": \"HBC Radiomatic Joystick JPPPZ181 farkl\u0131 sistemlerle uyumlu mudur?\",\n      \"acceptedAnswer\": {\n        \"@type\": \"Answer\",\n        \"text\": \"Evet. JPPPZ181, bir\u00e7ok end\u00fcstriyel kontrol ve uzaktan kumanda sistemiyle uyumlu olacak \u015fekilde tasarlanm\u0131\u015ft\u0131r ve entegrasyonu kolayd\u0131r.\"\n      }\n    },\n    {\n      \"@type\": \"Question\",\n      \"name\": \"Joystick JPPPZ181 zorlu \u00e7al\u0131\u015fma ko\u015fullar\u0131na dayan\u0131kl\u0131 m\u0131d\u0131r?\",\n      \"acceptedAnswer\": {\n        \"@type\": \"Answer\",\n        \"text\": \"Evet. End\u00fcstriyel kullan\u0131m i\u00e7in geli\u015ftirilen JPPPZ181; yo\u011fun kullan\u0131m, titre\u015fim ve zorlu \u00e7al\u0131\u015fma ortamlar\u0131na kar\u015f\u0131 dayan\u0131kl\u0131d\u0131r.\"\n      }\n    },\n    {\n      \"@type\": \"Question\",\n      \"name\": \"JPPPZ181 orijinal HBC Radiomatic \u00fcr\u00fcn\u00fc m\u00fcd\u00fcr?\",\n      \"acceptedAnswer\": {\n        \"@type\": \"Answer\",\n        \"text\": \"Evet. JPPPZ181, HBC Radiomatic taraf\u0131ndan \u00fcretilmi\u015f orijinal bir \u00fcr\u00fcnd\u00fcr ve global kalite standartlar\u0131na uygundur.\"\n      }\n    },\n    {\n      \"@type\": \"Question\",\n      \"name\": \"HBC Radiomatic Joystick JPPPZ181 g\u00fcvenli kullan\u0131m sa\u011flar m\u0131?\",\n      \"acceptedAnswer\": {\n        \"@type\": \"Answer\",\n        \"text\": \"Evet. Hassas kontrol ve stabil \u00e7al\u0131\u015fma \u00f6zellikleri sayesinde operat\u00f6r g\u00fcvenli\u011fini art\u0131r\u0131r ve kontrol hatalar\u0131n\u0131 minimize eder.\"\n      }\n    }\n  ]\n}\n<\/script><\/p>\n","protected":false},"excerpt":{"rendered":"<p><strong data-start=\"410\" data-end=\"446\">HBC Radiomatic Joystick JPPPZ181<\/strong> \u2013 End\u00fcstriyel ve mobil uygulamalar i\u00e7in tasarlanm\u0131\u015f y\u00fcksek kaliteli kontrol joysticki. Dayan\u0131kl\u0131 yap\u0131s\u0131, hassas kontrol imk\u00e2n\u0131 ve ergonomik tasar\u0131m\u0131yla vin\u00e7, forklift, beton pompas\u0131 ve a\u011f\u0131r i\u015f makineleri gibi ekipmanlar\u0131n g\u00fcvenli ve verimli \u015fekilde kumandas\u0131n\u0131 sa\u011flar. HBC-radiomatic\u2019in global standartlarda \u00fcretti\u011fi i\u015fletim elemanlar\u0131ndan biri olarak uzun \u00f6m\u00fcr, g\u00fcvenilir sinyal aktar\u0131m\u0131 ve hassas hareket kontrol\u00fc sunar.<\/p>","protected":false},"featured_media":1358,"comment_status":"open","ping_status":"closed","template":"","meta":{"_seopress_robots_primary_cat":"","_seopress_titles_title":"","_seopress_titles_desc":"","_seopress_robots_index":"","_joinchat":[]},"product_brand":[],"product_cat":[30,27,44,69,57,35],"product_tag":[],"class_list":{"0":"post-1372","1":"product","2":"type-product","3":"status-publish","4":"has-post-thumbnail","6":"product_cat-beton-kumandalari","7":"product_cat-endustriyel-kumandalar","8":"product_cat-kablosuz-kumandalar","9":"product_cat-kumanda-aksesuarlari","10":"product_cat-makine-kumandalari","11":"product_cat-vinc-kumandalari","13":"first","14":"instock","15":"taxable","16":"shipping-taxable","17":"purchasable","18":"product-type-simple"},"_links":{"self":[{"href":"https:\/\/kumandatech.tr\/en\/wp-json\/wp\/v2\/product\/1372","targetHints":{"allow":["GET"]}}],"collection":[{"href":"https:\/\/kumandatech.tr\/en\/wp-json\/wp\/v2\/product"}],"about":[{"href":"https:\/\/kumandatech.tr\/en\/wp-json\/wp\/v2\/types\/product"}],"replies":[{"embeddable":true,"href":"https:\/\/kumandatech.tr\/en\/wp-json\/wp\/v2\/comments?post=1372"}],"wp:featuredmedia":[{"embeddable":true,"href":"https:\/\/kumandatech.tr\/en\/wp-json\/wp\/v2\/media\/1358"}],"wp:attachment":[{"href":"https:\/\/kumandatech.tr\/en\/wp-json\/wp\/v2\/media?parent=1372"}],"wp:term":[{"taxonomy":"product_brand","embeddable":true,"href":"https:\/\/kumandatech.tr\/en\/wp-json\/wp\/v2\/product_brand?post=1372"},{"taxonomy":"product_cat","embeddable":true,"href":"https:\/\/kumandatech.tr\/en\/wp-json\/wp\/v2\/product_cat?post=1372"},{"taxonomy":"product_tag","embeddable":true,"href":"https:\/\/kumandatech.tr\/en\/wp-json\/wp\/v2\/product_tag?post=1372"}],"curies":[{"name":"wp","href":"https:\/\/api.w.org\/{rel}","templated":true}]}}