{"id":1701,"date":"2026-02-03T14:48:12","date_gmt":"2026-02-03T14:48:12","guid":{"rendered":"https:\/\/kumandatech.tr\/?post_type=product&#038;p=1701"},"modified":"2026-02-21T15:03:01","modified_gmt":"2026-02-21T15:03:01","slug":"finder-95-75-sma-role-soket-8-pin-din-ray-panel-montaj-10-a-250-v","status":"publish","type":"product","link":"https:\/\/kumandatech.tr\/en\/product\/finder-95-75-sma-role-soket-8-pin-din-ray-panel-montaj-10-a-250-v\/","title":{"rendered":"Finder 95.75.SMA R\u00f6le Soket \u2013 8 Pin, DIN Ray &#038; Panel Montaj, 10 A, 250 V"},"content":{"rendered":"<p data-start=\"768\" data-end=\"1263\"><strong data-start=\"768\" data-end=\"809\"><span class=\"entity-underline hover:entity-accent inline cursor-pointer align-baseline\"><span class=\"whitespace-normal\">Finder F.95.75.SMA R\u00f6le Soket<\/span><\/span><\/strong> end\u00fcstriyel otomasyon sistemlerinde ve elektrik panolar\u0131nda kullan\u0131lan Finder serisi r\u00f6lelerin (\u00f6zellikle 40.51, 40.52, 40.61, 44.52, 44.62 serileri ile uyumlu) ba\u011flant\u0131 ihtiyac\u0131n\u0131 kar\u015f\u0131layan <strong data-start=\"1002\" data-end=\"1040\">y\u00fcksek kaliteli bir r\u00f6le soketidir<\/strong>. DIN ray veya panel montaj deste\u011fi ile hem kolay kurulum sa\u011flar hem de sistem i\u00e7inde g\u00fcvenilir g\u00fc\u00e7 iletimi sunar. Vidal\u0131 terminaller sayesinde sa\u011flam ve sabit ba\u011flant\u0131 olana\u011f\u0131 yarat\u0131r.<\/p>\n<p data-start=\"1265\" data-end=\"1533\">Kompakt tasar\u0131m\u0131 ve standart 8 pin yap\u0131s\u0131 sayesinde end\u00fcstriyel kontrol sistemlerinde yer tasarrufu sa\u011flar. Soketin dayan\u0131m\u0131, \u00e7evresel etkilere kar\u015f\u0131 uzun \u00f6m\u00fcrl\u00fc kullan\u0131m sa\u011flar ve elektromekanik r\u00f6lelerle stabil aray\u00fcz olu\u015fturur.<\/p>\n<hr data-start=\"1535\" data-end=\"1538\" \/>\n<h4 data-start=\"1540\" data-end=\"1563\">\ud83e\udde9 Teknik \u00d6zellikler<\/h4>\n<div class=\"TyagGW_tableContainer\">\n<div class=\"group TyagGW_tableWrapper flex flex-col-reverse w-fit\" tabindex=\"-1\">\n<table class=\"w-fit min-w-(--thread-content-width)\" data-start=\"1565\" data-end=\"1985\">\n<thead data-start=\"1565\" data-end=\"1587\">\n<tr data-start=\"1565\" data-end=\"1587\">\n<th data-start=\"1565\" data-end=\"1575\" data-col-size=\"sm\">\u00d6zellik<\/th>\n<th data-start=\"1575\" data-end=\"1587\" data-col-size=\"sm\">A\u00e7\u0131klama<\/th>\n<\/tr>\n<\/thead>\n<tbody data-start=\"1613\" data-end=\"1985\">\n<tr data-start=\"1613\" data-end=\"1633\">\n<td data-start=\"1613\" data-end=\"1623\" data-col-size=\"sm\">\u00dcretici<\/td>\n<td data-start=\"1623\" data-end=\"1633\" data-col-size=\"sm\">FINDER<\/td>\n<\/tr>\n<tr data-start=\"1634\" data-end=\"1658\">\n<td data-start=\"1634\" data-end=\"1645\" data-col-size=\"sm\">Par\u00e7a No<\/td>\n<td data-start=\"1645\" data-end=\"1658\" data-col-size=\"sm\">95.75.SMA<\/td>\n<\/tr>\n<tr data-start=\"1659\" data-end=\"1681\">\n<td data-start=\"1659\" data-end=\"1672\" data-col-size=\"sm\">Pin Say\u0131s\u0131<\/td>\n<td data-start=\"1672\" data-end=\"1681\" data-col-size=\"sm\">8 pin<\/td>\n<\/tr>\n<tr data-start=\"1682\" data-end=\"1732\">\n<td data-start=\"1682\" data-end=\"1696\" data-col-size=\"sm\">Montaj Tipi<\/td>\n<td data-start=\"1696\" data-end=\"1732\" data-col-size=\"sm\">DIN ray (35 mm) ve panel montaj\u0131<\/td>\n<\/tr>\n<tr data-start=\"1733\" data-end=\"1769\">\n<td data-start=\"1733\" data-end=\"1745\" data-col-size=\"sm\">Terminals<\/td>\n<td data-start=\"1745\" data-end=\"1769\" data-col-size=\"sm\">Vidali ba\u011flant\u0131 tipi<\/td>\n<\/tr>\n<tr data-start=\"1770\" data-end=\"1792\">\n<td data-start=\"1770\" data-end=\"1784\" data-col-size=\"sm\">Ak\u0131m De\u011feri<\/td>\n<td data-start=\"1784\" data-end=\"1792\" data-col-size=\"sm\">10 A<\/td>\n<\/tr>\n<tr data-start=\"1793\" data-end=\"1822\">\n<td data-start=\"1793\" data-end=\"1810\" data-col-size=\"sm\">Gerilim De\u011feri<\/td>\n<td data-start=\"1810\" data-end=\"1822\" data-col-size=\"sm\">250 V AC<\/td>\n<\/tr>\n<tr data-start=\"1823\" data-end=\"1847\">\n<td data-start=\"1823\" data-end=\"1839\" data-col-size=\"sm\">Koruma S\u0131n\u0131f\u0131<\/td>\n<td data-start=\"1839\" data-end=\"1847\" data-col-size=\"sm\">IP20<\/td>\n<\/tr>\n<tr data-start=\"1848\" data-end=\"1884\">\n<td data-start=\"1848\" data-end=\"1868\" data-col-size=\"sm\">\u00c7al\u0131\u015fma S\u0131cakl\u0131\u011f\u0131<\/td>\n<td data-start=\"1868\" data-end=\"1884\" data-col-size=\"sm\">-40 \u2026 +70 \u00b0C<\/td>\n<\/tr>\n<tr data-start=\"1885\" data-end=\"1985\">\n<td data-start=\"1885\" data-end=\"1908\" data-col-size=\"sm\">Uyumlu R\u00f6le Serileri<\/td>\n<td data-start=\"1908\" data-end=\"1944\" data-col-size=\"sm\">40.51, 40.52, 40.61, 44.52, 44.62<\/td>\n<\/tr>\n<\/tbody>\n<\/table>\n<\/div>\n<\/div>\n<hr data-start=\"1987\" data-end=\"1990\" \/>\n<h4 data-start=\"1992\" data-end=\"2015\">\ud83d\udd0c Uygulama Alanlar\u0131<\/h4>\n<ul data-start=\"2017\" data-end=\"2173\">\n<li data-start=\"2017\" data-end=\"2049\">\n<p data-start=\"2019\" data-end=\"2049\">End\u00fcstriyel kontrol panolar\u0131<\/p>\n<\/li>\n<li data-start=\"2050\" data-end=\"2074\">\n<p data-start=\"2052\" data-end=\"2074\">Otomasyon sistemleri<\/p>\n<\/li>\n<li data-start=\"2075\" data-end=\"2116\">\n<p data-start=\"2077\" data-end=\"2116\">PLC ve r\u00f6le tabanl\u0131 kumanda devreleri<\/p>\n<\/li>\n<li data-start=\"2117\" data-end=\"2145\">\n<p data-start=\"2119\" data-end=\"2145\">Makine kontrol \u00fcniteleri<\/p>\n<\/li>\n<li data-start=\"2146\" data-end=\"2173\">\n<p data-start=\"2148\" data-end=\"2173\">Enerji da\u011f\u0131t\u0131m panolar\u0131<\/p>\n<\/li>\n<\/ul>\n<p data-start=\"2175\" data-end=\"2340\">Bu soket, \u00f6zellikle Finder 40 serisi r\u00f6leler ile birlikte kullan\u0131ld\u0131\u011f\u0131nda <strong data-start=\"2249\" data-end=\"2287\">g\u00fcvenilir ba\u011flant\u0131 ve h\u0131zl\u0131 montaj<\/strong> imk\u00e2n\u0131 sa\u011flar.<\/p>\n<h4 data-start=\"195\" data-end=\"227\">\u2753 S\u0131k\u00e7a Sorulan Sorular (SSS)<\/h4>\n<div class=\"accordian fusion-accordian\" style=\"--awb-border-size:1px;--awb-icon-size:16px;--awb-content-font-size:var(--awb-typography4-font-size);--awb-icon-alignment:left;--awb-hover-color:var(--awb-color2);--awb-border-color:var(--awb-color3);--awb-background-color:var(--awb-color1);--awb-divider-color:var(--awb-color3);--awb-divider-hover-color:var(--awb-color3);--awb-icon-color:var(--awb-color1);--awb-title-color:var(--awb-color8);--awb-content-color:var(--awb-color8);--awb-icon-box-color:var(--awb-color8);--awb-toggle-hover-accent-color:var(--awb-color5);--awb-title-font-family:var(--awb-typography1-font-family);--awb-title-font-weight:var(--awb-typography1-font-weight);--awb-title-font-style:var(--awb-typography1-font-style);--awb-title-font-size:16px;--awb-title-letter-spacing:var(--awb-typography1-letter-spacing);--awb-title-line-height:var(--awb-typography1-line-height);--awb-content-font-family:var(--awb-typography4-font-family);--awb-content-font-weight:var(--awb-typography4-font-weight);--awb-content-font-style:var(--awb-typography4-font-style);\"><div class=\"panel-group fusion-toggle-icon-boxed\" id=\"accordion-1701-1\"><div class=\"fusion-panel panel-default panel-d5be5928c23516f0f fusion-toggle-has-divider\" style=\"--awb-title-font-size:19px;--awb-title-color:var(--awb-color8);--awb-content-color:var(--awb-color8);\"><div class=\"panel-heading\"><h4 class=\"panel-title toggle\" id=\"toggle_d5be5928c23516f0f\"><a aria-expanded=\"false\" aria-controls=\"d5be5928c23516f0f\" role=\"button\" data-toggle=\"collapse\" data-parent=\"#accordion-1701-1\" data-target=\"#d5be5928c23516f0f\" href=\"#d5be5928c23516f0f\"><span class=\"fusion-toggle-icon-wrapper\" aria-hidden=\"true\"><i class=\"fa-fusion-box active-icon awb-icon-minus\" aria-hidden=\"true\"><\/i><i class=\"fa-fusion-box inactive-icon awb-icon-plus\" aria-hidden=\"true\"><\/i><\/span><span class=\"fusion-toggle-heading\">Finder 95.75.SMA soket ne i\u00e7in kullan\u0131l\u0131r?<\/span><\/a><\/h4><\/div><div id=\"d5be5928c23516f0f\" class=\"panel-collapse collapse \" aria-labelledby=\"toggle_d5be5928c23516f0f\"><div class=\"panel-body toggle-content fusion-clearfix\"><\/p>\n<p>End\u00fcstriyel r\u00f6lelerin DIN ray veya panel montaj\u0131 ile g\u00fcvenli ba\u011flant\u0131s\u0131n\u0131 sa\u011flamak i\u00e7in kullan\u0131l\u0131r.<\/p>\n<p><\/div><\/div><\/div><div class=\"fusion-panel panel-default panel-5a074fd66ae4dc7bd fusion-toggle-has-divider\" style=\"--awb-title-font-size:19px;--awb-title-color:var(--awb-color8);--awb-content-color:var(--awb-color8);\"><div class=\"panel-heading\"><h4 class=\"panel-title toggle\" id=\"toggle_5a074fd66ae4dc7bd\"><a aria-expanded=\"false\" aria-controls=\"5a074fd66ae4dc7bd\" role=\"button\" data-toggle=\"collapse\" data-parent=\"#accordion-1701-1\" data-target=\"#5a074fd66ae4dc7bd\" href=\"#5a074fd66ae4dc7bd\"><span class=\"fusion-toggle-icon-wrapper\" aria-hidden=\"true\"><i class=\"fa-fusion-box active-icon awb-icon-minus\" aria-hidden=\"true\"><\/i><i class=\"fa-fusion-box inactive-icon awb-icon-plus\" aria-hidden=\"true\"><\/i><\/span><span class=\"fusion-toggle-heading\">Hangi r\u00f6le serileri ile uyumludur?<\/span><\/a><\/h4><\/div><div id=\"5a074fd66ae4dc7bd\" class=\"panel-collapse collapse \" aria-labelledby=\"toggle_5a074fd66ae4dc7bd\"><div class=\"panel-body toggle-content fusion-clearfix\"><br \/>\nFinder 40.51, 40.52, 40.61, 44.52, 44.62 serisi r\u00f6leler ile uyumludur.<br \/>\n<\/div><\/div><\/div><div class=\"fusion-panel panel-default panel-695d87717f7979a99 fusion-toggle-has-divider\" style=\"--awb-title-font-size:19px;--awb-title-color:var(--awb-color8);--awb-content-color:var(--awb-color8);\"><div class=\"panel-heading\"><h4 class=\"panel-title toggle\" id=\"toggle_695d87717f7979a99\"><a aria-expanded=\"false\" aria-controls=\"695d87717f7979a99\" role=\"button\" data-toggle=\"collapse\" data-parent=\"#accordion-1701-1\" data-target=\"#695d87717f7979a99\" href=\"#695d87717f7979a99\"><span class=\"fusion-toggle-icon-wrapper\" aria-hidden=\"true\"><i class=\"fa-fusion-box active-icon awb-icon-minus\" aria-hidden=\"true\"><\/i><i class=\"fa-fusion-box inactive-icon awb-icon-plus\" aria-hidden=\"true\"><\/i><\/span><span class=\"fusion-toggle-heading\">Maksimum ak\u0131m ve gerilim de\u011feri nedir?<\/span><\/a><\/h4><\/div><div id=\"695d87717f7979a99\" class=\"panel-collapse collapse \" aria-labelledby=\"toggle_695d87717f7979a99\"><div class=\"panel-body toggle-content fusion-clearfix\"><br \/>\n10 A ak\u0131m ve 250 V AC gerilim de\u011ferlerine sahiptir.<br \/>\n<\/div><\/div><\/div><div class=\"fusion-panel panel-default panel-1e5a83438cac81764 fusion-toggle-has-divider\" style=\"--awb-title-font-size:19px;--awb-title-color:var(--awb-color8);--awb-content-color:var(--awb-color8);\"><div class=\"panel-heading\"><h4 class=\"panel-title toggle\" id=\"toggle_1e5a83438cac81764\"><a aria-expanded=\"false\" aria-controls=\"1e5a83438cac81764\" role=\"button\" data-toggle=\"collapse\" data-parent=\"#accordion-1701-1\" data-target=\"#1e5a83438cac81764\" href=\"#1e5a83438cac81764\"><span class=\"fusion-toggle-icon-wrapper\" aria-hidden=\"true\"><i class=\"fa-fusion-box active-icon awb-icon-minus\" aria-hidden=\"true\"><\/i><i class=\"fa-fusion-box inactive-icon awb-icon-plus\" aria-hidden=\"true\"><\/i><\/span><span class=\"fusion-toggle-heading\">Montaj\u0131 nas\u0131l yap\u0131l\u0131r?<\/span><\/a><\/h4><\/div><div id=\"1e5a83438cac81764\" class=\"panel-collapse collapse \" aria-labelledby=\"toggle_1e5a83438cac81764\"><div class=\"panel-body toggle-content fusion-clearfix\"><br \/>\n35 mm DIN ray\u0131na veya direkt panele vidal\u0131 terminal ba\u011flant\u0131s\u0131yla kolayca monte edilir.<br \/>\n<\/div><\/div><\/div><\/div><\/div>\n<p><script type=\"application\/ld+json\">\n{\n  \"@context\": \"https:\/\/schema.org\",\n  \"@type\": \"FAQPage\",\n  \"mainEntity\": [\n    {\n      \"@type\": \"Question\",\n      \"name\": \"Finder 95.75.SMA soket ne i\u00e7in kullan\u0131l\u0131r?\",\n      \"acceptedAnswer\": {\n        \"@type\": \"Answer\",\n        \"text\": \"End\u00fcstriyel r\u00f6lelerin DIN ray veya panel montaj\u0131 ile g\u00fcvenli ba\u011flant\u0131s\u0131n\u0131 sa\u011flamak i\u00e7in kullan\u0131lan bir r\u00f6le soketidir.\"\n      }\n    },\n    {\n      \"@type\": \"Question\",\n      \"name\": \"Hangi r\u00f6le serileri ile uyumludur?\",\n      \"acceptedAnswer\": {\n        \"@type\": \"Answer\",\n        \"text\": \"Finder 40.51, 40.52, 40.61, 44.52 ve 44.62 serisi r\u00f6leler ile uyumludur.\"\n      }\n    },\n    {\n      \"@type\": \"Question\",\n      \"name\": \"Maksimum ak\u0131m ve gerilim de\u011feri nedir?\",\n      \"acceptedAnswer\": {\n        \"@type\": \"Answer\",\n        \"text\": \"Soket 10 A ak\u0131m ve 250 V AC gerilim de\u011ferlerine sahiptir.\"\n      }\n    },\n    {\n      \"@type\": \"Question\",\n      \"name\": \"Montaj\u0131 nas\u0131l yap\u0131l\u0131r?\",\n      \"acceptedAnswer\": {\n        \"@type\": \"Answer\",\n        \"text\": \"35 mm DIN ray\u0131na veya direkt panele vidal\u0131 ba\u011flant\u0131 ile kolayca monte edilir.\"\n      }\n    }\n  ]\n}\n<\/script><\/p>\n","protected":false},"excerpt":{"rendered":"<p data-start=\"175\" data-end=\"391\">Finder 95.75.SMA r\u00f6le soketi, end\u00fcstriyel r\u00f6le kontrol devreleri i\u00e7in DIN ray ve panel montajl\u0131, 8 pinli, vidal\u0131 terminalli dayan\u0131kl\u0131 ba\u011flant\u0131 yuvas\u0131d\u0131r. 10 A \/ 250 V de\u011ferleri ile g\u00fcvenilir ba\u011flant\u0131 sa\u011flar.<\/p>","protected":false},"featured_media":1658,"comment_status":"open","ping_status":"closed","template":"","meta":{"_seopress_robots_primary_cat":"","_seopress_titles_title":"","_seopress_titles_desc":"","_seopress_robots_index":"","_joinchat":[]},"product_brand":[180],"product_cat":[30,27,44,69,57,35],"product_tag":[186,183,184,187,188,181,182,185,189],"class_list":{"0":"post-1701","1":"product","2":"type-product","3":"status-publish","4":"has-post-thumbnail","6":"product_brand-finder","7":"product_cat-beton-kumandalari","8":"product_cat-endustriyel-kumandalar","9":"product_cat-kablosuz-kumandalar","10":"product_cat-kumanda-aksesuarlari","11":"product_cat-makine-kumandalari","12":"product_cat-vinc-kumandalari","13":"product_tag-250-v-socket","14":"product_tag-8-pin-role-base","15":"product_tag-din-ray-role-soketi","16":"product_tag-endustriyel-role-aksesuari","17":"product_tag-finder-95-75-fiyat","18":"product_tag-finder-95-75-sma","19":"product_tag-finder-role-soketi","20":"product_tag-role-soket-10-a","21":"product_tag-role-tabani","23":"first","24":"instock","25":"taxable","26":"shipping-taxable","27":"purchasable","28":"product-type-simple"},"_links":{"self":[{"href":"https:\/\/kumandatech.tr\/en\/wp-json\/wp\/v2\/product\/1701","targetHints":{"allow":["GET"]}}],"collection":[{"href":"https:\/\/kumandatech.tr\/en\/wp-json\/wp\/v2\/product"}],"about":[{"href":"https:\/\/kumandatech.tr\/en\/wp-json\/wp\/v2\/types\/product"}],"replies":[{"embeddable":true,"href":"https:\/\/kumandatech.tr\/en\/wp-json\/wp\/v2\/comments?post=1701"}],"wp:featuredmedia":[{"embeddable":true,"href":"https:\/\/kumandatech.tr\/en\/wp-json\/wp\/v2\/media\/1658"}],"wp:attachment":[{"href":"https:\/\/kumandatech.tr\/en\/wp-json\/wp\/v2\/media?parent=1701"}],"wp:term":[{"taxonomy":"product_brand","embeddable":true,"href":"https:\/\/kumandatech.tr\/en\/wp-json\/wp\/v2\/product_brand?post=1701"},{"taxonomy":"product_cat","embeddable":true,"href":"https:\/\/kumandatech.tr\/en\/wp-json\/wp\/v2\/product_cat?post=1701"},{"taxonomy":"product_tag","embeddable":true,"href":"https:\/\/kumandatech.tr\/en\/wp-json\/wp\/v2\/product_tag?post=1701"}],"curies":[{"name":"wp","href":"https:\/\/api.w.org\/{rel}","templated":true}]}}