{"id":1705,"date":"2026-02-03T15:10:40","date_gmt":"2026-02-03T15:10:40","guid":{"rendered":"https:\/\/kumandatech.tr\/?post_type=product&#038;p=1705"},"modified":"2026-02-26T13:03:32","modified_gmt":"2026-02-26T13:03:32","slug":"scanreco-type-593-batarya-7-2-v-3300-mah-nimh-yedek-aku-uzun-sureli-guc","status":"publish","type":"product","link":"https:\/\/kumandatech.tr\/en\/product\/scanreco-type-593-batarya-7-2-v-3300-mah-nimh-yedek-aku-uzun-sureli-guc\/","title":{"rendered":"Scanreco Type 593 Batarya \u2013 7.2 V 3300 mAh NiMH Yedek Ak\u00fc \u2013 Uzun S\u00fcreli G\u00fc\u00e7"},"content":{"rendered":"<p data-start=\"590\" data-end=\"1020\"><strong data-start=\"590\" data-end=\"619\">Scanreco Type 593 Batarya<\/strong>, Scanreco ve uyumlu uzaktan kumanda sistemleri i\u00e7in \u00f6zel olarak \u00fcretilmi\u015f <strong data-start=\"694\" data-end=\"729\">\u015farj edilebilir NiMH bataryad\u0131r<\/strong>. 7.2 V nominal gerilim ve 3300 mAh kapasite ile uzun \u00e7al\u0131\u015fma s\u00fcresi sunar; bu sayede telsiz kumanda donan\u0131mlar\u0131nda daha uzun performans sa\u011flar. Orijinal bataryalar gibi tasarlanm\u0131\u015f \u00fcr\u00fcnler kumandan\u0131z\u0131n operasyon s\u00fcresini uzat\u0131r ve g\u00fcvenilir g\u00fc\u00e7 sa\u011flar.<\/p>\n<p data-start=\"1022\" data-end=\"1283\">Scanreco bataryalar\u0131, Maxi ve Mini tip uzaktan kumandal\u0131 sistemlerle uyumludur ve zorlu saha ko\u015fullar\u0131nda bile istikrarl\u0131 g\u00fc\u00e7 sa\u011flar. NiMH kimyas\u0131 sayesinde tekrarl\u0131 \u015farj\/de\u015farj d\u00f6ng\u00fclerinde uzun \u00f6m\u00fcrl\u00fc performans sergiler.<\/p>\n<hr data-start=\"1285\" data-end=\"1288\" \/>\n<h4 data-start=\"1290\" data-end=\"1313\">\ud83d\udd0b Teknik \u00d6zellikler<\/h4>\n<div class=\"TyagGW_tableContainer\">\n<div class=\"group TyagGW_tableWrapper flex flex-col-reverse w-fit\" tabindex=\"-1\">\n<table class=\"w-fit min-w-(--thread-content-width)\" data-start=\"1315\" data-end=\"1754\">\n<thead data-start=\"1315\" data-end=\"1334\">\n<tr data-start=\"1315\" data-end=\"1334\">\n<th data-start=\"1315\" data-end=\"1325\" data-col-size=\"sm\">\u00d6zellik<\/th>\n<th data-start=\"1325\" data-end=\"1334\" data-col-size=\"sm\">De\u011fer<\/th>\n<\/tr>\n<\/thead>\n<tbody data-start=\"1356\" data-end=\"1754\">\n<tr data-start=\"1356\" data-end=\"1395\">\n<td data-start=\"1356\" data-end=\"1368\" data-col-size=\"sm\">\u00dcr\u00fcn Tipi<\/td>\n<td data-col-size=\"sm\" data-start=\"1368\" data-end=\"1395\">\u015earj Edilebilir Batarya<\/td>\n<\/tr>\n<tr data-start=\"1396\" data-end=\"1416\">\n<td data-start=\"1396\" data-end=\"1404\" data-col-size=\"sm\">Model<\/td>\n<td data-start=\"1404\" data-end=\"1416\" data-col-size=\"sm\">Type 593<\/td>\n<\/tr>\n<tr data-start=\"1417\" data-end=\"1446\">\n<td data-start=\"1417\" data-end=\"1434\" data-col-size=\"sm\">\u00c7\u0131k\u0131\u015f Gerilimi<\/td>\n<td data-start=\"1434\" data-end=\"1446\" data-col-size=\"sm\">7.2 V DC<\/td>\n<\/tr>\n<tr data-start=\"1447\" data-end=\"1470\">\n<td data-start=\"1447\" data-end=\"1458\" data-col-size=\"sm\">Kapasite<\/td>\n<td data-start=\"1458\" data-end=\"1470\" data-col-size=\"sm\">3300 mAh<\/td>\n<\/tr>\n<tr data-start=\"1471\" data-end=\"1515\">\n<td data-start=\"1471\" data-end=\"1486\" data-col-size=\"sm\">Batarya Tipi<\/td>\n<td data-col-size=\"sm\" data-start=\"1486\" data-end=\"1515\">NiMH (Nikel Metal Hidrit)<\/td>\n<\/tr>\n<tr data-start=\"1516\" data-end=\"1568\">\n<td data-start=\"1516\" data-end=\"1527\" data-col-size=\"sm\">Uygulama<\/td>\n<td data-start=\"1527\" data-end=\"1568\" data-col-size=\"sm\">End\u00fcstriyel uzaktan kumanda bataryas\u0131<\/td>\n<\/tr>\n<tr data-start=\"1569\" data-end=\"1622\">\n<td data-start=\"1569\" data-end=\"1585\" data-col-size=\"sm\">Kompatibilite<\/td>\n<td data-start=\"1585\" data-end=\"1622\" data-col-size=\"sm\">Scanreco RC400, 590, 592, 960 vb.<\/td>\n<\/tr>\n<tr data-start=\"1623\" data-end=\"1676\">\n<td data-start=\"1623\" data-end=\"1634\" data-col-size=\"sm\">Kullan\u0131m<\/td>\n<td data-start=\"1634\" data-end=\"1676\" data-col-size=\"sm\">Kumanda cihazlar\u0131 ve kontrol \u00fcniteleri<\/td>\n<\/tr>\n<tr data-start=\"1677\" data-end=\"1703\">\n<td data-start=\"1677\" data-end=\"1695\" data-col-size=\"sm\">\u015earj Edilebilir<\/td>\n<td data-start=\"1695\" data-end=\"1703\" data-col-size=\"sm\">Evet<\/td>\n<\/tr>\n<tr data-start=\"1704\" data-end=\"1754\">\n<td data-start=\"1704\" data-end=\"1719\" data-col-size=\"sm\">Dayan\u0131kl\u0131l\u0131k<\/td>\n<td data-start=\"1719\" data-end=\"1754\" data-col-size=\"sm\">Tekrarl\u0131 \u015farj d\u00f6ng\u00fclerine uygun<\/td>\n<\/tr>\n<\/tbody>\n<\/table>\n<\/div>\n<\/div>\n<hr data-start=\"1756\" data-end=\"1759\" \/>\n<h4 data-start=\"1761\" data-end=\"1784\">\ud83d\udccd Uygulama Alanlar\u0131<\/h4>\n<p data-start=\"1786\" data-end=\"1856\">Scanreco Type 593 Batarya, \u00f6zellikle a\u015fa\u011f\u0131daki sistemlerde kullan\u0131l\u0131r:<\/p>\n<ul data-start=\"1858\" data-end=\"2058\">\n<li data-start=\"1858\" data-end=\"1915\">\n<p data-start=\"1860\" data-end=\"1915\">End\u00fcstriyel <strong data-start=\"1872\" data-end=\"1913\">uzaktan kumandal\u0131 kontrol donan\u0131mlar\u0131<\/strong><\/p>\n<\/li>\n<li data-start=\"1916\" data-end=\"1961\">\n<p data-start=\"1918\" data-end=\"1961\">RC400 ve benzeri <strong data-start=\"1935\" data-end=\"1959\">kumanda tertibatlar\u0131<\/strong><\/p>\n<\/li>\n<li data-start=\"1962\" data-end=\"2020\">\n<p data-start=\"1964\" data-end=\"2020\">Vin\u00e7, y\u00fck ta\u015f\u0131ma sistemleri, hidrolik kumanda panolar\u0131<\/p>\n<\/li>\n<li data-start=\"2021\" data-end=\"2058\">\n<p data-start=\"2023\" data-end=\"2058\">Mobil ve sabit kontrol sistemleri<\/p>\n<\/li>\n<\/ul>\n<p data-start=\"2060\" data-end=\"2195\">Bu batarya, uzun \u00e7al\u0131\u015fma s\u00fcreleri ve g\u00fcvenilir enerji gerektiren saha uygulamalar\u0131 i\u00e7in idealdir.<\/p>\n<h4 data-start=\"195\" data-end=\"227\">\u2753 S\u0131k\u00e7a Sorulan Sorular (SSS)<\/h4>\n<div class=\"accordian fusion-accordian\" style=\"--awb-border-size:1px;--awb-icon-size:16px;--awb-content-font-size:var(--awb-typography4-font-size);--awb-icon-alignment:left;--awb-hover-color:var(--awb-color2);--awb-border-color:var(--awb-color3);--awb-background-color:var(--awb-color1);--awb-divider-color:var(--awb-color3);--awb-divider-hover-color:var(--awb-color3);--awb-icon-color:var(--awb-color1);--awb-title-color:var(--awb-color8);--awb-content-color:var(--awb-color8);--awb-icon-box-color:var(--awb-color8);--awb-toggle-hover-accent-color:var(--awb-color5);--awb-title-font-family:var(--awb-typography1-font-family);--awb-title-font-weight:var(--awb-typography1-font-weight);--awb-title-font-style:var(--awb-typography1-font-style);--awb-title-font-size:16px;--awb-title-letter-spacing:var(--awb-typography1-letter-spacing);--awb-title-line-height:var(--awb-typography1-line-height);--awb-content-font-family:var(--awb-typography4-font-family);--awb-content-font-weight:var(--awb-typography4-font-weight);--awb-content-font-style:var(--awb-typography4-font-style);\"><div class=\"panel-group fusion-toggle-icon-boxed\" id=\"accordion-1705-1\"><div class=\"fusion-panel panel-default panel-2735e9e1eb2defd0a fusion-toggle-has-divider\" style=\"--awb-title-font-size:19px;--awb-title-color:var(--awb-color8);--awb-content-color:var(--awb-color8);\"><div class=\"panel-heading\"><h4 class=\"panel-title toggle\" id=\"toggle_2735e9e1eb2defd0a\"><a aria-expanded=\"false\" aria-controls=\"2735e9e1eb2defd0a\" role=\"button\" data-toggle=\"collapse\" data-parent=\"#accordion-1705-1\" data-target=\"#2735e9e1eb2defd0a\" href=\"#2735e9e1eb2defd0a\"><span class=\"fusion-toggle-icon-wrapper\" aria-hidden=\"true\"><i class=\"fa-fusion-box active-icon awb-icon-minus\" aria-hidden=\"true\"><\/i><i class=\"fa-fusion-box inactive-icon awb-icon-plus\" aria-hidden=\"true\"><\/i><\/span><span class=\"fusion-toggle-heading\">Scanreco Type 593 batarya nedir?<\/span><\/a><\/h4><\/div><div id=\"2735e9e1eb2defd0a\" class=\"panel-collapse collapse \" aria-labelledby=\"toggle_2735e9e1eb2defd0a\"><div class=\"panel-body toggle-content fusion-clearfix\"><\/p>\n<p>Scanreco Type 593, NiMH kimyas\u0131na sahip, 7.2 V 3300 mAh kapasite ile uzaktan kumandal\u0131 kontrol cihazlar\u0131nda kullan\u0131lan \u015farj edilebilir bataryad\u0131r.<\/p>\n<p><\/div><\/div><\/div><div class=\"fusion-panel panel-default panel-1d99e97b4423ce4b0 fusion-toggle-has-divider\" style=\"--awb-title-font-size:19px;--awb-title-color:var(--awb-color8);--awb-content-color:var(--awb-color8);\"><div class=\"panel-heading\"><h4 class=\"panel-title toggle\" id=\"toggle_1d99e97b4423ce4b0\"><a aria-expanded=\"false\" aria-controls=\"1d99e97b4423ce4b0\" role=\"button\" data-toggle=\"collapse\" data-parent=\"#accordion-1705-1\" data-target=\"#1d99e97b4423ce4b0\" href=\"#1d99e97b4423ce4b0\"><span class=\"fusion-toggle-icon-wrapper\" aria-hidden=\"true\"><i class=\"fa-fusion-box active-icon awb-icon-minus\" aria-hidden=\"true\"><\/i><i class=\"fa-fusion-box inactive-icon awb-icon-plus\" aria-hidden=\"true\"><\/i><\/span><span class=\"fusion-toggle-heading\">Hangi cihazlarla uyumludur?<\/span><\/a><\/h4><\/div><div id=\"1d99e97b4423ce4b0\" class=\"panel-collapse collapse \" aria-labelledby=\"toggle_1d99e97b4423ce4b0\"><div class=\"panel-body toggle-content fusion-clearfix\"><br \/>\nRC400 ve benzeri Scanreco uzaktan kumanda modelleri ile uyumludur (590, 592, 960 vb.).<br \/>\n<\/div><\/div><\/div><div class=\"fusion-panel panel-default panel-e9901c7d15dbc2080 fusion-toggle-has-divider\" style=\"--awb-title-font-size:19px;--awb-title-color:var(--awb-color8);--awb-content-color:var(--awb-color8);\"><div class=\"panel-heading\"><h4 class=\"panel-title toggle\" id=\"toggle_e9901c7d15dbc2080\"><a aria-expanded=\"false\" aria-controls=\"e9901c7d15dbc2080\" role=\"button\" data-toggle=\"collapse\" data-parent=\"#accordion-1705-1\" data-target=\"#e9901c7d15dbc2080\" href=\"#e9901c7d15dbc2080\"><span class=\"fusion-toggle-icon-wrapper\" aria-hidden=\"true\"><i class=\"fa-fusion-box active-icon awb-icon-minus\" aria-hidden=\"true\"><\/i><i class=\"fa-fusion-box inactive-icon awb-icon-plus\" aria-hidden=\"true\"><\/i><\/span><span class=\"fusion-toggle-heading\">Ne kadar kapasiteye sahiptir?<\/span><\/a><\/h4><\/div><div id=\"e9901c7d15dbc2080\" class=\"panel-collapse collapse \" aria-labelledby=\"toggle_e9901c7d15dbc2080\"><div class=\"panel-body toggle-content fusion-clearfix\"><br \/>\n3300 mAh kapasite ile uzun s\u00fcreli kullan\u0131m imk\u00e2n\u0131 sunar.<br \/>\n<\/div><\/div><\/div><div class=\"fusion-panel panel-default panel-58ee9daeef9e66e3a fusion-toggle-has-divider\" style=\"--awb-title-font-size:19px;--awb-title-color:var(--awb-color8);--awb-content-color:var(--awb-color8);\"><div class=\"panel-heading\"><h4 class=\"panel-title toggle\" id=\"toggle_58ee9daeef9e66e3a\"><a aria-expanded=\"false\" aria-controls=\"58ee9daeef9e66e3a\" role=\"button\" data-toggle=\"collapse\" data-parent=\"#accordion-1705-1\" data-target=\"#58ee9daeef9e66e3a\" href=\"#58ee9daeef9e66e3a\"><span class=\"fusion-toggle-icon-wrapper\" aria-hidden=\"true\"><i class=\"fa-fusion-box active-icon awb-icon-minus\" aria-hidden=\"true\"><\/i><i class=\"fa-fusion-box inactive-icon awb-icon-plus\" aria-hidden=\"true\"><\/i><\/span><span class=\"fusion-toggle-heading\">Batarya tipi nedir?<\/span><\/a><\/h4><\/div><div id=\"58ee9daeef9e66e3a\" class=\"panel-collapse collapse \" aria-labelledby=\"toggle_58ee9daeef9e66e3a\"><div class=\"panel-body toggle-content fusion-clearfix\"><br \/>\nNiMH (Nikel Metal Hidrit) \u015farjl\u0131 bataryad\u0131r.<br \/>\n<\/div><\/div><\/div><div class=\"fusion-panel panel-default panel-89f580d73ce368082 fusion-toggle-has-divider\" style=\"--awb-title-font-size:19px;--awb-title-color:var(--awb-color8);--awb-content-color:var(--awb-color8);\"><div class=\"panel-heading\"><h4 class=\"panel-title toggle\" id=\"toggle_89f580d73ce368082\"><a aria-expanded=\"false\" aria-controls=\"89f580d73ce368082\" role=\"button\" data-toggle=\"collapse\" data-parent=\"#accordion-1705-1\" data-target=\"#89f580d73ce368082\" href=\"#89f580d73ce368082\"><span class=\"fusion-toggle-icon-wrapper\" aria-hidden=\"true\"><i class=\"fa-fusion-box active-icon awb-icon-minus\" aria-hidden=\"true\"><\/i><i class=\"fa-fusion-box inactive-icon awb-icon-plus\" aria-hidden=\"true\"><\/i><\/span><span class=\"fusion-toggle-heading\">\u015earj edilebilir mi?<\/span><\/a><\/h4><\/div><div id=\"89f580d73ce368082\" class=\"panel-collapse collapse \" aria-labelledby=\"toggle_89f580d73ce368082\"><div class=\"panel-body toggle-content fusion-clearfix\"><br \/>\nEvet, \u015farj edilebilir bataryad\u0131r ve uygun \u015farj cihazlar\u0131 ile tekrar doldurulabilir.<br \/>\n<\/div><\/div><\/div><\/div><\/div>\n<p><script type=\"application\/ld+json\">\n{\n  \"@context\": \"https:\/\/schema.org\",\n  \"@type\": \"FAQPage\",\n  \"mainEntity\": [\n    {\n      \"@type\": \"Question\",\n      \"name\": \"Scanreco Type 593 batarya nedir?\",\n      \"acceptedAnswer\": {\n        \"@type\": \"Answer\",\n        \"text\": \"Scanreco Type 593, 7.2 V 3300 mAh NiMH tipi \u015farj edilebilir bataryad\u0131r ve uzaktan kumanda cihazlar\u0131nda g\u00fc\u00e7 sa\u011flar.\"\n      }\n    },\n    {\n      \"@type\": \"Question\",\n      \"name\": \"Hangi cihazlarla uyumludur?\",\n      \"acceptedAnswer\": {\n        \"@type\": \"Answer\",\n        \"text\": \"Bu batarya RC400, 590, 592 ve 960 gibi Scanreco kumanda modelleri ile uyumludur.\"\n      }\n    },\n    {\n      \"@type\": \"Question\",\n      \"name\": \"Bataryan\u0131n kapasitesi nedir?\",\n      \"acceptedAnswer\": {\n        \"@type\": \"Answer\",\n        \"text\": \"3300 mAh kapasite sayesinde uzun s\u00fcreli enerji sa\u011flar.\"\n      }\n    },\n    {\n      \"@type\": \"Question\",\n      \"name\": \"Batarya tipi nedir?\",\n      \"acceptedAnswer\": {\n        \"@type\": \"Answer\",\n        \"text\": \"NiMH (Nikel Metal Hidrit) kimyas\u0131na sahip \u015farj edilebilir bataryad\u0131r.\"\n      }\n    }\n  ]\n}\n<\/script><\/p>\n","protected":false},"excerpt":{"rendered":"<p data-start=\"340\" data-end=\"557\">Scanreco Type 593 NiMH batarya, end\u00fcstriyel uzaktan kumandalar (RC400, 590, 592, 960 vb.) i\u00e7in tasarlanm\u0131\u015f <strong data-start=\"373\" data-end=\"415\">7.2 V \/ 3300 mAh \u015farjl\u0131 g\u00fc\u00e7 kayna\u011f\u0131d\u0131r<\/strong>. Y\u00fcksek kapasite ve uzun \u00e7al\u0131\u015fma s\u00fcresi ile kumanda donan\u0131mlar\u0131n\u0131zda g\u00fcvenilir enerji sa\u011flar.<\/p>","protected":false},"featured_media":1631,"comment_status":"open","ping_status":"closed","template":"","meta":{"_seopress_robots_primary_cat":"","_seopress_titles_title":"","_seopress_titles_desc":"","_seopress_robots_index":"","_joinchat":[]},"product_brand":[92],"product_cat":[448,30,27,44,69,57,35],"product_tag":[205,208,206,204,203,209,207],"class_list":{"0":"post-1705","1":"product","2":"type-product","3":"status-publish","4":"has-post-thumbnail","6":"product_brand-scanreco","7":"product_cat-bataryalar","8":"product_cat-beton-kumandalari","9":"product_cat-endustriyel-kumandalar","10":"product_cat-kablosuz-kumandalar","11":"product_cat-kumanda-aksesuarlari","12":"product_cat-makine-kumandalari","13":"product_cat-vinc-kumandalari","14":"product_tag-3300-mah-nimh-batarya","15":"product_tag-endustriyel-kumanda-pil","16":"product_tag-rc400-batarya-yedek","17":"product_tag-scanreco-batarya-7-2-v","18":"product_tag-scanreco-type-593-batarya","19":"product_tag-type-593-yedek-pil","20":"product_tag-uzaktan-kumanda-bataryasi","22":"first","23":"instock","24":"taxable","25":"shipping-taxable","26":"purchasable","27":"product-type-simple"},"_links":{"self":[{"href":"https:\/\/kumandatech.tr\/en\/wp-json\/wp\/v2\/product\/1705","targetHints":{"allow":["GET"]}}],"collection":[{"href":"https:\/\/kumandatech.tr\/en\/wp-json\/wp\/v2\/product"}],"about":[{"href":"https:\/\/kumandatech.tr\/en\/wp-json\/wp\/v2\/types\/product"}],"replies":[{"embeddable":true,"href":"https:\/\/kumandatech.tr\/en\/wp-json\/wp\/v2\/comments?post=1705"}],"wp:featuredmedia":[{"embeddable":true,"href":"https:\/\/kumandatech.tr\/en\/wp-json\/wp\/v2\/media\/1631"}],"wp:attachment":[{"href":"https:\/\/kumandatech.tr\/en\/wp-json\/wp\/v2\/media?parent=1705"}],"wp:term":[{"taxonomy":"product_brand","embeddable":true,"href":"https:\/\/kumandatech.tr\/en\/wp-json\/wp\/v2\/product_brand?post=1705"},{"taxonomy":"product_cat","embeddable":true,"href":"https:\/\/kumandatech.tr\/en\/wp-json\/wp\/v2\/product_cat?post=1705"},{"taxonomy":"product_tag","embeddable":true,"href":"https:\/\/kumandatech.tr\/en\/wp-json\/wp\/v2\/product_tag?post=1705"}],"curies":[{"name":"wp","href":"https:\/\/api.w.org\/{rel}","templated":true}]}}