{"id":1855,"date":"2026-02-05T12:07:19","date_gmt":"2026-02-05T12:07:19","guid":{"rendered":"https:\/\/kumandatech.tr\/?post_type=product&#038;p=1855"},"modified":"2026-04-02T11:45:25","modified_gmt":"2026-04-02T08:45:25","slug":"hetronic-bms-2-pwm-cikisli-taban-kart-endustriyel-pwm-kontrollu-radyo-kumanda-modulu","status":"publish","type":"product","link":"https:\/\/kumandatech.tr\/en\/product\/hetronic-bms-2-pwm-cikisli-taban-kart-endustriyel-pwm-kontrollu-radyo-kumanda-modulu\/","title":{"rendered":"Hetronic BMS-2 PWM \u00c7\u0131k\u0131\u015fl\u0131 Taban Kart \u2013 End\u00fcstriyel PWM Kontroll\u00fc Radyo Kumanda Mod\u00fcl\u00fc"},"content":{"rendered":"<p data-start=\"681\" data-end=\"1213\"><strong data-start=\"681\" data-end=\"722\">Hetronic BMS-2 PWM \u00c7\u0131k\u0131\u015fl\u0131 Taban Kart<\/strong>, Hetronic\u2019in kablosuz uzaktan kumanda sistemleri i\u00e7in tasarlanm\u0131\u015f <strong data-start=\"789\" data-end=\"811\">al\u0131c\u0131 taban mod\u00fcl\u00fc<\/strong> \u00e7\u00f6z\u00fcmlerinden biridir. BMS-2 serisi, kumanda vericisinden gelen RF sinyallerini al\u0131r ve bunlar\u0131 makine kontrol sistemleri i\u00e7in uygun <strong data-start=\"945\" data-end=\"996\">PWM (Pulse Width Modulation) \u00e7\u0131k\u0131\u015f sinyallerine<\/strong> d\u00f6n\u00fc\u015ft\u00fcr\u00fcr. Bu \u00e7\u0131k\u0131\u015f \u015fekli \u00f6zellikle oransal (proportional) kontrol gerektiren uygulamalarda, hidrolik valf kontrol\u00fc ve de\u011fi\u015fken h\u0131z uygulamalar\u0131nda <strong data-start=\"1146\" data-end=\"1167\">y\u00fcksek hassasiyet<\/strong> sa\u011flar.<\/p>\n<p data-start=\"1215\" data-end=\"1644\">PWM \u00e7\u0131k\u0131\u015f\u0131, kumanda kolu gibi analog kontrol elemanlar\u0131n\u0131n konumuna ba\u011fl\u0131 olarak <strong data-start=\"1296\" data-end=\"1332\">sinyalin geni\u015flik mod\u00fclasyonuyla<\/strong> ayarlanmas\u0131n\u0131 sa\u011flar; bu da makine hareketlerinin \u201cyumu\u015fak\u201d ve orant\u0131l\u0131 olarak y\u00fcr\u00fct\u00fclmesine olanak tan\u0131r. Al\u0131c\u0131, \u00fczerinde bulunan taban kart ile entegre edilir ve di\u011fer dijital \u00e7\u0131k\u0131\u015flar, giri\u015fler ve PWM kanallar\u0131yla sistem genelinde kontrol fonksiyonlar\u0131n\u0131 ger\u00e7ekle\u015ftirir.<\/p>\n<hr data-start=\"1646\" data-end=\"1649\" \/>\n<h4 data-start=\"1651\" data-end=\"1674\">\ud83d\udd27 Teknik \u00d6zellikler<\/h4>\n<blockquote data-start=\"1676\" data-end=\"1851\">\n<p data-start=\"1678\" data-end=\"1851\">A\u015fa\u011f\u0131daki \u00f6zellikler BMS-2 PWM taban mod\u00fcl\u00fcn\u00fcn tipik yap\u0131 ve i\u015flevlerini yans\u0131t\u0131r (\u00fcr\u00fcn datasheet\u2019ine g\u00f6re kesin de\u011ferler de\u011fi\u015febilir).<\/p>\n<\/blockquote>\n<div class=\"TyagGW_tableContainer\">\n<div class=\"group TyagGW_tableWrapper flex flex-col-reverse w-fit\" tabindex=\"-1\">\n<table class=\"w-fit min-w-(--thread-content-width)\" data-start=\"1853\" data-end=\"2512\">\n<thead data-start=\"1853\" data-end=\"1875\">\n<tr data-start=\"1853\" data-end=\"1875\">\n<th data-start=\"1853\" data-end=\"1863\" data-col-size=\"sm\">\u00d6zellik<\/th>\n<th data-start=\"1863\" data-end=\"1875\" data-col-size=\"md\">A\u00e7\u0131klama<\/th>\n<\/tr>\n<\/thead>\n<tbody data-start=\"1900\" data-end=\"2512\">\n<tr data-start=\"1900\" data-end=\"1948\">\n<td data-start=\"1900\" data-end=\"1907\" data-col-size=\"sm\">\u00dcr\u00fcn<\/td>\n<td data-start=\"1907\" data-end=\"1948\" data-col-size=\"md\">Hetronic BMS-2 PWM \u00c7\u0131k\u0131\u015fl\u0131 Taban Kart<\/td>\n<\/tr>\n<tr data-start=\"1949\" data-end=\"2000\">\n<td data-start=\"1949\" data-end=\"1958\" data-col-size=\"sm\">Sistem<\/td>\n<td data-start=\"1958\" data-end=\"2000\" data-col-size=\"md\">BMS-2 taban mod\u00fcl (receiver baseboard)<\/td>\n<\/tr>\n<tr data-start=\"2001\" data-end=\"2065\">\n<td data-start=\"2001\" data-end=\"2014\" data-col-size=\"sm\">\u00c7\u0131k\u0131\u015f Tipi<\/td>\n<td data-start=\"2014\" data-end=\"2065\" data-col-size=\"md\">PWM (Pulse Width Modulation) kontroll\u00fc \u00e7\u0131k\u0131\u015flar<\/td>\n<\/tr>\n<tr data-start=\"2066\" data-end=\"2122\">\n<td data-start=\"2066\" data-end=\"2082\" data-col-size=\"sm\">PWM Kanallar\u0131<\/td>\n<td data-start=\"2082\" data-end=\"2122\" data-col-size=\"md\">8 \u00d7 2 PWM \u00e7\u0131k\u0131\u015f\u0131 (\u00e7ift kanall\u0131 yap\u0131)<\/td>\n<\/tr>\n<tr data-start=\"2123\" data-end=\"2181\">\n<td data-start=\"2123\" data-end=\"2142\" data-col-size=\"sm\">Dijital \u00c7\u0131k\u0131\u015flar<\/td>\n<td data-start=\"2142\" data-end=\"2181\" data-col-size=\"md\">Geni\u015fletilebilir \u2013 11 dijital \u00e7\u0131k\u0131\u015f<\/td>\n<\/tr>\n<tr data-start=\"2182\" data-end=\"2222\">\n<td data-start=\"2182\" data-end=\"2191\" data-col-size=\"sm\">E-Stop<\/td>\n<td data-start=\"2191\" data-end=\"2222\" data-col-size=\"md\">\u00c7ift izlemeli E-Stop \u00e7\u0131k\u0131\u015f\u0131<\/td>\n<\/tr>\n<tr data-start=\"2223\" data-end=\"2279\">\n<td data-start=\"2223\" data-end=\"2239\" data-col-size=\"sm\">Giri\u015f Voltaj\u0131<\/td>\n<td data-start=\"2239\" data-end=\"2279\" data-col-size=\"md\">Genellikle 12\u201324 VDC besleme deste\u011fi<\/td>\n<\/tr>\n<tr data-start=\"2280\" data-end=\"2335\">\n<td data-start=\"2280\" data-end=\"2292\" data-col-size=\"sm\">Aray\u00fczler<\/td>\n<td data-start=\"2292\" data-end=\"2335\" data-col-size=\"md\">CAN, RS232 gibi ba\u011flant\u0131lar\u0131 destekleme<\/td>\n<\/tr>\n<tr data-start=\"2336\" data-end=\"2393\">\n<td data-start=\"2336\" data-end=\"2345\" data-col-size=\"sm\">Montaj<\/td>\n<td data-start=\"2345\" data-end=\"2393\" data-col-size=\"md\">Quick disconnect \/ taban kart entegre yap\u0131s\u0131<\/td>\n<\/tr>\n<tr data-start=\"2394\" data-end=\"2458\">\n<td data-start=\"2394\" data-end=\"2413\" data-col-size=\"sm\">\u00c7al\u0131\u015fma Frekans\u0131<\/td>\n<td data-start=\"2413\" data-end=\"2458\" data-col-size=\"md\">RF band\u0131nda 400\u2013470 MHz aras\u0131 \u00e7al\u0131\u015fabilme<\/td>\n<\/tr>\n<tr data-start=\"2459\" data-end=\"2512\">\n<td data-start=\"2459\" data-end=\"2474\" data-col-size=\"sm\">Dayan\u0131kl\u0131l\u0131k<\/td>\n<td data-start=\"2474\" data-end=\"2512\" data-col-size=\"md\">End\u00fcstriyel saha ko\u015fullar\u0131na uygun<\/td>\n<\/tr>\n<\/tbody>\n<\/table>\n<\/div>\n<\/div>\n<p data-start=\"2514\" data-end=\"2709\">\ud83d\udc49 <strong data-start=\"2517\" data-end=\"2534\">PWM \u00e7\u0131k\u0131\u015flar\u0131<\/strong>, kumanda \u00fczerinden gelen sinyalleri orant\u0131l\u0131 hale getirerek \u00f6rne\u011fin hidrolik valf gibi elemanlar\u0131 kademesiz kontrol etmeye olanak verir.<\/p>\n<hr data-start=\"2711\" data-end=\"2714\" \/>\n<h4 data-start=\"2716\" data-end=\"2739\">\ud83d\udccd Kullan\u0131m Alanlar\u0131<\/h4>\n<p data-start=\"2741\" data-end=\"2818\">Hetronic <strong data-start=\"2750\" data-end=\"2782\">BMS-2 PWM \u00c7\u0131k\u0131\u015fl\u0131 Taban Kart<\/strong> a\u015fa\u011f\u0131daki uygulamalarda kullan\u0131l\u0131r:<\/p>\n<ul data-start=\"2820\" data-end=\"3039\">\n<li data-start=\"2820\" data-end=\"2866\">\n<p data-start=\"2822\" data-end=\"2866\">End\u00fcstriyel <strong data-start=\"2834\" data-end=\"2864\">uzaktan kumanda sistemleri<\/strong><\/p>\n<\/li>\n<li data-start=\"2867\" data-end=\"2915\">\n<p data-start=\"2869\" data-end=\"2915\">Kule vin\u00e7ler ve mobil vin\u00e7 kumanda al\u0131c\u0131lar\u0131<\/p>\n<\/li>\n<li data-start=\"2916\" data-end=\"2966\">\n<p data-start=\"2918\" data-end=\"2966\">Hidrolik valf ve orant\u0131l\u0131 kontrol uygulamalar\u0131<\/p>\n<\/li>\n<li data-start=\"2967\" data-end=\"3003\">\n<p data-start=\"2969\" data-end=\"3003\">Proses makine kontrol sistemleri<\/p>\n<\/li>\n<li data-start=\"3004\" data-end=\"3039\">\n<p data-start=\"3006\" data-end=\"3039\">End\u00fcstriyel otomasyon ekipmanlar\u0131<\/p>\n<\/li>\n<\/ul>\n<p data-start=\"3041\" data-end=\"3224\">Bu tip taban kartlar genellikle bir <strong data-start=\"3077\" data-end=\"3114\">receiver al\u0131c\u0131 mod\u00fcl\u00fcyle birlikte<\/strong> \u00e7al\u0131\u015f\u0131r ve makine kontrol sisteminin sinyal i\u015fleme katman\u0131n\u0131 olu\u015fturur.<\/p>\n<h4 data-start=\"195\" data-end=\"227\">\u2753 S\u0131k\u00e7a Sorulan Sorular (SSS)<\/h4>\n<div class=\"accordian fusion-accordian\" style=\"--awb-border-size:1px;--awb-icon-size:16px;--awb-content-font-size:var(--awb-typography4-font-size);--awb-icon-alignment:left;--awb-hover-color:var(--awb-color2);--awb-border-color:var(--awb-color3);--awb-background-color:var(--awb-color1);--awb-divider-color:var(--awb-color3);--awb-divider-hover-color:var(--awb-color3);--awb-icon-color:var(--awb-color1);--awb-title-color:var(--awb-color8);--awb-content-color:var(--awb-color8);--awb-icon-box-color:var(--awb-color8);--awb-toggle-hover-accent-color:var(--awb-color5);--awb-title-font-family:var(--awb-typography1-font-family);--awb-title-font-weight:var(--awb-typography1-font-weight);--awb-title-font-style:var(--awb-typography1-font-style);--awb-title-font-size:16px;--awb-title-letter-spacing:var(--awb-typography1-letter-spacing);--awb-title-line-height:var(--awb-typography1-line-height);--awb-content-font-family:var(--awb-typography4-font-family);--awb-content-font-weight:var(--awb-typography4-font-weight);--awb-content-font-style:var(--awb-typography4-font-style);\"><div class=\"panel-group fusion-toggle-icon-boxed\" id=\"accordion-1855-1\"><div class=\"fusion-panel panel-default panel-1e4aa6a9e9d278fa6 fusion-toggle-has-divider\" style=\"--awb-title-font-size:19px;--awb-title-color:var(--awb-color8);--awb-content-color:var(--awb-color8);\"><div class=\"panel-heading\"><h4 class=\"panel-title toggle\" id=\"toggle_1e4aa6a9e9d278fa6\"><a aria-expanded=\"false\" aria-controls=\"1e4aa6a9e9d278fa6\" role=\"button\" data-toggle=\"collapse\" data-parent=\"#accordion-1855-1\" data-target=\"#1e4aa6a9e9d278fa6\" href=\"#1e4aa6a9e9d278fa6\"><span class=\"fusion-toggle-icon-wrapper\" aria-hidden=\"true\"><i class=\"fa-fusion-box active-icon awb-icon-minus\" aria-hidden=\"true\"><\/i><i class=\"fa-fusion-box inactive-icon awb-icon-plus\" aria-hidden=\"true\"><\/i><\/span><span class=\"fusion-toggle-heading\">BMS-2 PWM taban kart nedir?<\/span><\/a><\/h4><\/div><div id=\"1e4aa6a9e9d278fa6\" class=\"panel-collapse collapse \" aria-labelledby=\"toggle_1e4aa6a9e9d278fa6\"><div class=\"panel-body toggle-content fusion-clearfix\"><\/p>\n<p data-start=\"3496\" data-end=\"3675\">Bu kart, Hetronic uzaktan kumanda sistemlerinde <strong data-start=\"3544\" data-end=\"3576\">PWM (Pulse Width Modulation)<\/strong> \u00e7\u0131k\u0131\u015f sinyali sa\u011flayan temel <strong data-start=\"3606\" data-end=\"3636\">taban\/mod\u00fcl al\u0131c\u0131 kart\u0131d\u0131r<\/strong>.<\/p>\n<p><\/div><\/div><\/div><div class=\"fusion-panel panel-default panel-52383023389d12970 fusion-toggle-has-divider\" style=\"--awb-title-font-size:19px;--awb-title-color:var(--awb-color8);--awb-content-color:var(--awb-color8);\"><div class=\"panel-heading\"><h4 class=\"panel-title toggle\" id=\"toggle_52383023389d12970\"><a aria-expanded=\"false\" aria-controls=\"52383023389d12970\" role=\"button\" data-toggle=\"collapse\" data-parent=\"#accordion-1855-1\" data-target=\"#52383023389d12970\" href=\"#52383023389d12970\"><span class=\"fusion-toggle-icon-wrapper\" aria-hidden=\"true\"><i class=\"fa-fusion-box active-icon awb-icon-minus\" aria-hidden=\"true\"><\/i><i class=\"fa-fusion-box inactive-icon awb-icon-plus\" aria-hidden=\"true\"><\/i><\/span><span class=\"fusion-toggle-heading\">PWM \u00e7\u0131k\u0131\u015f\u0131 ne i\u015fe yarar?<\/span><\/a><\/h4><\/div><div id=\"52383023389d12970\" class=\"panel-collapse collapse \" aria-labelledby=\"toggle_52383023389d12970\"><div class=\"panel-body toggle-content fusion-clearfix\"><br \/>\nPWM \u00e7\u0131k\u0131\u015f\u0131, kumanda kolu gibi analog giri\u015flerin orant\u0131l\u0131 kontrol sinyallerine d\u00f6n\u00fc\u015ft\u00fcr\u00fclmesini sa\u011flar; bu sayede hidrolik valfler, motor h\u0131z kontrol\u00fc gibi <strong data-start=\"3866\" data-end=\"3883\">yumu\u015fak komut<\/strong> uygulanabilir.<br \/>\n<\/div><\/div><\/div><div class=\"fusion-panel panel-default panel-e10f55ca35ab0ffb7 fusion-toggle-has-divider\" style=\"--awb-title-font-size:19px;--awb-title-color:var(--awb-color8);--awb-content-color:var(--awb-color8);\"><div class=\"panel-heading\"><h4 class=\"panel-title toggle\" id=\"toggle_e10f55ca35ab0ffb7\"><a aria-expanded=\"false\" aria-controls=\"e10f55ca35ab0ffb7\" role=\"button\" data-toggle=\"collapse\" data-parent=\"#accordion-1855-1\" data-target=\"#e10f55ca35ab0ffb7\" href=\"#e10f55ca35ab0ffb7\"><span class=\"fusion-toggle-icon-wrapper\" aria-hidden=\"true\"><i class=\"fa-fusion-box active-icon awb-icon-minus\" aria-hidden=\"true\"><\/i><i class=\"fa-fusion-box inactive-icon awb-icon-plus\" aria-hidden=\"true\"><\/i><\/span><span class=\"fusion-toggle-heading\">Hangi sistemlerle uyumludur?<\/span><\/a><\/h4><\/div><div id=\"e10f55ca35ab0ffb7\" class=\"panel-collapse collapse \" aria-labelledby=\"toggle_e10f55ca35ab0ffb7\"><div class=\"panel-body toggle-content fusion-clearfix\"><br \/>\nBMS-2 PWM taban kart, Hetronic BMS-2 al\u0131c\u0131 ailesi ile birlikte \u00e7al\u0131\u015f\u0131r ve RF uzaktan kumanda sistemlerinde kullan\u0131l\u0131r.<br \/>\n<\/div><\/div><\/div><div class=\"fusion-panel panel-default panel-b320ff8a26725c897 fusion-toggle-has-divider\" style=\"--awb-title-font-size:19px;--awb-title-color:var(--awb-color8);--awb-content-color:var(--awb-color8);\"><div class=\"panel-heading\"><h4 class=\"panel-title toggle\" id=\"toggle_b320ff8a26725c897\"><a aria-expanded=\"false\" aria-controls=\"b320ff8a26725c897\" role=\"button\" data-toggle=\"collapse\" data-parent=\"#accordion-1855-1\" data-target=\"#b320ff8a26725c897\" href=\"#b320ff8a26725c897\"><span class=\"fusion-toggle-icon-wrapper\" aria-hidden=\"true\"><i class=\"fa-fusion-box active-icon awb-icon-minus\" aria-hidden=\"true\"><\/i><i class=\"fa-fusion-box inactive-icon awb-icon-plus\" aria-hidden=\"true\"><\/i><\/span><span class=\"fusion-toggle-heading\">Ne kadar PWM kanal\u0131 var?<\/span><\/a><\/h4><\/div><div id=\"b320ff8a26725c897\" class=\"panel-collapse collapse \" aria-labelledby=\"toggle_b320ff8a26725c897\"><div class=\"panel-body toggle-content fusion-clearfix\"><br \/>\nBu mod\u00fclde <strong data-start=\"4179\" data-end=\"4199\">8 \u00d7 2 PWM \u00e7\u0131k\u0131\u015f\u0131<\/strong> gibi geni\u015f PWM sinyali konfig\u00fcrasyonu bulunur ve genellikle birden fazla orant\u0131l\u0131 kontrol kanal\u0131na izin verir.<br \/>\n<\/div><\/div><\/div><div class=\"fusion-panel panel-default panel-2e26a5ee75902fcc7 fusion-toggle-has-divider\" style=\"--awb-title-font-size:19px;--awb-title-color:var(--awb-color8);--awb-content-color:var(--awb-color8);\"><div class=\"panel-heading\"><h4 class=\"panel-title toggle\" id=\"toggle_2e26a5ee75902fcc7\"><a aria-expanded=\"false\" aria-controls=\"2e26a5ee75902fcc7\" role=\"button\" data-toggle=\"collapse\" data-parent=\"#accordion-1855-1\" data-target=\"#2e26a5ee75902fcc7\" href=\"#2e26a5ee75902fcc7\"><span class=\"fusion-toggle-icon-wrapper\" aria-hidden=\"true\"><i class=\"fa-fusion-box active-icon awb-icon-minus\" aria-hidden=\"true\"><\/i><i class=\"fa-fusion-box inactive-icon awb-icon-plus\" aria-hidden=\"true\"><\/i><\/span><span class=\"fusion-toggle-heading\">Bu kart nerede kullan\u0131l\u0131r?<\/span><\/a><\/h4><\/div><div id=\"2e26a5ee75902fcc7\" class=\"panel-collapse collapse \" aria-labelledby=\"toggle_2e26a5ee75902fcc7\"><div class=\"panel-body toggle-content fusion-clearfix\"><br \/>\nVin\u00e7ler, hidrolik kumanda sistemleri, a\u011f\u0131r makine uzaktan kumandal\u0131 sistemler ve end\u00fcstriyel otomasyon alanlar\u0131nda <strong data-start=\"4501\" data-end=\"4532\">PWM destekli kontrol \u00e7\u00f6z\u00fcm\u00fc<\/strong> olarak kullan\u0131l\u0131r.<br \/>\n<\/div><\/div><\/div><\/div><\/div>\n<p><script type=\"application\/ld+json\">\n{\n  \"@context\":\"https:\/\/schema.org\",\n  \"@type\":\"FAQPage\",\n  \"mainEntity\":[\n    {\n      \"@type\":\"Question\",\n      \"name\":\"Hetronic BMS-2 PWM taban kart nedir?\",\n      \"acceptedAnswer\":{\n        \"@type\":\"Answer\",\n        \"text\":\"Hetronic BMS-2 PWM taban kart, kablosuz uzaktan kumandal\u0131 sistemlerde PWM \u00e7\u0131k\u0131\u015f sinyali sa\u011flayan end\u00fcstriyel receiver mod\u00fcl\u00fcd\u00fcr.\"\n      }\n    },\n    {\n      \"@type\":\"Question\",\n      \"name\":\"PWM \u00e7\u0131k\u0131\u015f\u0131 ne i\u015fe yarar?\",\n      \"acceptedAnswer\":{\n        \"@type\":\"Answer\",\n        \"text\":\"PWM \u00e7\u0131k\u0131\u015f\u0131, kumanda kolu gibi analog kontrol elemanlar\u0131n\u0131n konumuna ba\u011fl\u0131 olarak sinyal geni\u015fli\u011fi mod\u00fcle ederek kademesiz (proportional) kontrol sa\u011flar.\"\n      }\n    },\n    {\n      \"@type\":\"Question\",\n      \"name\":\"Hangi sistemlerle uyumludur?\",\n      \"acceptedAnswer\":{\n        \"@type\":\"Answer\",\n        \"text\":\"Bu kart Hetronic BMS-2 uzaktan kumanda sistemi ile birlikte \u00e7al\u0131\u015f\u0131r.\"\n      }\n    },\n    {\n      \"@type\":\"Question\",\n      \"name\":\"Ne kadar PWM kanal\u0131 vard\u0131r?\",\n      \"acceptedAnswer\":{\n        \"@type\":\"Answer\",\n        \"text\":\"BMS-2 PWM mod\u00fcl\u00fcnde \u00e7oklu PWM \u00e7\u0131k\u0131\u015f yap\u0131s\u0131 bulunur ve genellikle 8 \u00d7 2 PWM \u00e7\u0131k\u0131\u015f\u0131 desteklenir.\"\n      }\n    }\n  ]\n}\n<\/script><\/p>\n","protected":false},"excerpt":{"rendered":"<p data-start=\"343\" data-end=\"564\">Hetronic <strong data-start=\"344\" data-end=\"376\">BMS-2 PWM \u00e7\u0131k\u0131\u015fl\u0131 taban kart<\/strong>, kablosuz uzaktan kumanda sistemlerinde <strong data-start=\"417\" data-end=\"462\">PWM (Proportional Pulse Width Modulation)<\/strong> \u00e7\u0131k\u0131\u015f sinyalleri \u00fcreten bir temel al\u0131c\u0131\/\u00e7\u0131k\u0131\u015f mod\u00fcl\u00fcd\u00fcr. Vin\u00e7, mobil makine ve end\u00fcstriyel kontrol uygulamalar\u0131nda hassas kontrol sa\u011flar.<\/p>","protected":false},"featured_media":1781,"comment_status":"open","ping_status":"closed","template":"","meta":{"_seopress_robots_primary_cat":"none","_seopress_titles_title":"","_seopress_titles_desc":"","_seopress_robots_index":"","_joinchat":[]},"product_brand":[93],"product_cat":[30,27,44,69,57,35],"product_tag":[277,274,276,278,275,279],"class_list":{"0":"post-1855","1":"product","2":"type-product","3":"status-publish","4":"has-post-thumbnail","6":"product_brand-hetronic","7":"product_cat-beton-kumandalari","8":"product_cat-endustriyel-kumandalar","9":"product_cat-kablosuz-kumandalar","10":"product_cat-kumanda-aksesuarlari","11":"product_cat-makine-kumandalari","12":"product_cat-vinc-kumandalari","13":"product_tag-endustriyel-uzaktan-kumanda-modulu","14":"product_tag-hetronic-bms-2-pwm","15":"product_tag-hetronic-pwm-base-board","16":"product_tag-proportional-pwm-cikis-receiver","17":"product_tag-pwm-cikis-taban-karti","18":"product_tag-vinc-kontrol-pwm-board","20":"first","21":"instock","22":"taxable","23":"shipping-taxable","24":"purchasable","25":"product-type-simple"},"_links":{"self":[{"href":"https:\/\/kumandatech.tr\/en\/wp-json\/wp\/v2\/product\/1855","targetHints":{"allow":["GET"]}}],"collection":[{"href":"https:\/\/kumandatech.tr\/en\/wp-json\/wp\/v2\/product"}],"about":[{"href":"https:\/\/kumandatech.tr\/en\/wp-json\/wp\/v2\/types\/product"}],"replies":[{"embeddable":true,"href":"https:\/\/kumandatech.tr\/en\/wp-json\/wp\/v2\/comments?post=1855"}],"wp:featuredmedia":[{"embeddable":true,"href":"https:\/\/kumandatech.tr\/en\/wp-json\/wp\/v2\/media\/1781"}],"wp:attachment":[{"href":"https:\/\/kumandatech.tr\/en\/wp-json\/wp\/v2\/media?parent=1855"}],"wp:term":[{"taxonomy":"product_brand","embeddable":true,"href":"https:\/\/kumandatech.tr\/en\/wp-json\/wp\/v2\/product_brand?post=1855"},{"taxonomy":"product_cat","embeddable":true,"href":"https:\/\/kumandatech.tr\/en\/wp-json\/wp\/v2\/product_cat?post=1855"},{"taxonomy":"product_tag","embeddable":true,"href":"https:\/\/kumandatech.tr\/en\/wp-json\/wp\/v2\/product_tag?post=1855"}],"curies":[{"name":"wp","href":"https:\/\/api.w.org\/{rel}","templated":true}]}}