{"id":1857,"date":"2026-02-05T12:22:40","date_gmt":"2026-02-05T12:22:40","guid":{"rendered":"https:\/\/kumandatech.tr\/?post_type=product&#038;p=1857"},"modified":"2026-02-23T13:59:12","modified_gmt":"2026-02-23T13:59:12","slug":"idec-rh2b-uld-dc24v-24-vdc-role-dpdt-10-a-guc-rolesi-socketable","status":"publish","type":"product","link":"https:\/\/kumandatech.tr\/en\/product\/idec-rh2b-uld-dc24v-24-vdc-role-dpdt-10-a-guc-rolesi-socketable\/","title":{"rendered":"IDEC RH2B-Uld-DC24V 24 VDC R\u00f6le \u2013 DPDT 10 A G\u00fc\u00e7 R\u00f6lesi (Socketable)"},"content":{"rendered":"<p data-start=\"555\" data-end=\"1014\"><strong data-start=\"555\" data-end=\"578\">IDEC RH2B-Uld-DC24V<\/strong>, \u00f6zellikle end\u00fcstriyel kontrol devreleri ve otomasyon sistemlerinde kullan\u0131lmak \u00fczere tasarlanm\u0131\u015f <strong data-start=\"677\" data-end=\"723\">24 V DC bobinli genel ama\u00e7l\u0131 g\u00fc\u00e7 r\u00f6lesidir<\/strong>. Bu model, <strong data-start=\"735\" data-end=\"780\">\u00e7ift kutuplu \u00e7ift y\u00f6nl\u00fc (DPDT \u2013 2 Form C)<\/strong> kontak yap\u0131s\u0131 ile her bir bobin tetikleni\u015finde iki ayr\u0131 devreyi anahtarlayabilir. Kompakt midget tasar\u0131m sayesinde az yer kaplar ve <strong data-start=\"913\" data-end=\"934\">soket tipi montaj<\/strong> ile kolay montaj\/demontaj olana\u011f\u0131 sa\u011flar.<\/p>\n<p data-start=\"1016\" data-end=\"1318\">R\u00f6lenin kontaklar\u0131 <strong data-start=\"1035\" data-end=\"1067\">silver cadmium oxide (AgCdO)<\/strong> gibi dayan\u0131kl\u0131 bir malzemeden imal edilmi\u015ftir, bu sayede y\u00fcksek ak\u0131m ve voltaj uygulamalar\u0131nda uzun \u00f6m\u00fcrl\u00fc anahtarlama sa\u011flar. <strong data-start=\"1195\" data-end=\"1219\">10 A ak\u0131m kapasitesi<\/strong> sayesinde hem AC hem DC y\u00fcklerde g\u00fcvenilir performans sunar.<\/p>\n<hr data-start=\"1320\" data-end=\"1323\" \/>\n<h4 data-start=\"1325\" data-end=\"1348\">\ud83d\udd27 Teknik \u00d6zellikler<\/h4>\n<div class=\"TyagGW_tableContainer\">\n<div class=\"group TyagGW_tableWrapper flex flex-col-reverse w-fit\" tabindex=\"-1\">\n<table class=\"w-fit min-w-(--thread-content-width)\" data-start=\"1350\" data-end=\"2300\">\n<thead data-start=\"1350\" data-end=\"1372\">\n<tr data-start=\"1350\" data-end=\"1372\">\n<th data-start=\"1350\" data-end=\"1360\" data-col-size=\"sm\">\u00d6zellik<\/th>\n<th data-start=\"1360\" data-end=\"1372\" data-col-size=\"md\">A\u00e7\u0131klama<\/th>\n<\/tr>\n<\/thead>\n<tbody data-start=\"1397\" data-end=\"2300\">\n<tr data-start=\"1397\" data-end=\"1422\">\n<td data-start=\"1397\" data-end=\"1404\" data-col-size=\"sm\">Seri<\/td>\n<td data-start=\"1404\" data-end=\"1422\" data-col-size=\"md\">IDEC RH Series<\/td>\n<\/tr>\n<tr data-start=\"1423\" data-end=\"1449\">\n<td data-start=\"1423\" data-end=\"1431\" data-col-size=\"sm\">Model<\/td>\n<td data-start=\"1431\" data-end=\"1449\" data-col-size=\"md\">RH2B-Uld-DC24V<\/td>\n<\/tr>\n<tr data-start=\"1450\" data-end=\"1516\">\n<td data-start=\"1450\" data-end=\"1467\" data-col-size=\"sm\">Bobin Gerilimi<\/td>\n<td data-start=\"1467\" data-end=\"1516\" data-col-size=\"md\">24 V DC<\/td>\n<\/tr>\n<tr data-start=\"1517\" data-end=\"1608\">\n<td data-start=\"1517\" data-end=\"1533\" data-col-size=\"sm\">Kontak Yap\u0131s\u0131<\/td>\n<td data-start=\"1533\" data-end=\"1608\" data-col-size=\"md\">DPDT \u2013 2 Form C (2 u\u00e7lu \u00e7ift y\u00f6n)<\/td>\n<\/tr>\n<tr data-start=\"1609\" data-end=\"1670\">\n<td data-start=\"1609\" data-end=\"1624\" data-col-size=\"sm\">Kontak Ak\u0131m\u0131<\/td>\n<td data-start=\"1624\" data-end=\"1670\" data-col-size=\"md\">10 A<\/td>\n<\/tr>\n<tr data-start=\"1671\" data-end=\"1758\">\n<td data-start=\"1671\" data-end=\"1700\" data-col-size=\"sm\">Maks. Anahtarlama Gerilimi<\/td>\n<td data-start=\"1700\" data-end=\"1758\" data-col-size=\"md\">240 VAC \/ 30 VDC<\/td>\n<\/tr>\n<tr data-start=\"1759\" data-end=\"1821\">\n<td data-start=\"1759\" data-end=\"1773\" data-col-size=\"sm\">Bobin Ak\u0131m\u0131<\/td>\n<td data-start=\"1773\" data-end=\"1821\" data-col-size=\"md\">~37 mA<\/td>\n<\/tr>\n<tr data-start=\"1822\" data-end=\"1893\">\n<td data-start=\"1822\" data-end=\"1831\" data-col-size=\"sm\">Montaj<\/td>\n<td data-start=\"1831\" data-end=\"1893\" data-col-size=\"md\">Soket (plug-in) tipi<\/td>\n<\/tr>\n<tr data-start=\"1894\" data-end=\"1979\">\n<td data-start=\"1894\" data-end=\"1907\" data-col-size=\"sm\">Bobin Tipi<\/td>\n<td data-start=\"1907\" data-end=\"1979\" data-col-size=\"md\">Non-Latching (kilitlenmeyen)<\/td>\n<\/tr>\n<tr data-start=\"1980\" data-end=\"2062\">\n<td data-start=\"1980\" data-end=\"1997\" data-col-size=\"sm\">G\u00f6sterge \/ LED<\/td>\n<td data-start=\"1997\" data-end=\"2062\" data-col-size=\"md\">Var (Indicator Light)<\/td>\n<\/tr>\n<tr data-start=\"2063\" data-end=\"2147\">\n<td data-start=\"2063\" data-end=\"2077\" data-col-size=\"sm\">Terminaller<\/td>\n<td data-start=\"2077\" data-end=\"2147\" data-col-size=\"md\">Quick-connect \/ blade tipi<\/td>\n<\/tr>\n<tr data-start=\"2148\" data-end=\"2234\">\n<td data-start=\"2148\" data-end=\"2168\" data-col-size=\"sm\">\u00c7al\u0131\u015fma S\u0131cakl\u0131\u011f\u0131<\/td>\n<td data-start=\"2168\" data-end=\"2234\" data-col-size=\"md\">Tipik: \u201325 \u00b0C \u2026 +70 \u00b0C<\/td>\n<\/tr>\n<tr data-start=\"2235\" data-end=\"2300\">\n<td data-start=\"2235\" data-end=\"2245\" data-col-size=\"sm\">Onaylar<\/td>\n<td data-start=\"2245\" data-end=\"2300\" data-col-size=\"md\">CE, CSA, UL<\/td>\n<\/tr>\n<\/tbody>\n<\/table>\n<\/div>\n<\/div>\n<hr data-start=\"2302\" data-end=\"2305\" \/>\n<h4 data-start=\"2307\" data-end=\"2330\">\ud83d\udccd Uygulama Alanlar\u0131<\/h4>\n<p data-start=\"2332\" data-end=\"2386\">Bu r\u00f6le, \u00f6zellikle a\u015fa\u011f\u0131daki uygulamalarda kullan\u0131l\u0131r:<\/p>\n<p data-start=\"2388\" data-end=\"2613\">\ud83d\udd39 End\u00fcstriyel kontrol panolar\u0131<br data-start=\"2419\" data-end=\"2422\" \/>\ud83d\udd39 PLC ve otomasyon sistemleri<br data-start=\"2452\" data-end=\"2455\" \/>\ud83d\udd39 G\u00fc\u00e7 anahtarlama devreleri<br data-start=\"2483\" data-end=\"2486\" \/>\ud83d\udd39 Motor\/kontakt\u00f6r kontrol\u00fc<br data-start=\"2513\" data-end=\"2516\" \/>\ud83d\udd39 Sens\u00f6r veya zaman r\u00f6leleri ile entegrasyon<br data-start=\"2561\" data-end=\"2564\" \/>\ud83d\udd39 A\u011f\u0131r makineler ve ekipmanlarda lojik kontrol<\/p>\n<p data-start=\"2615\" data-end=\"2783\">Kompakt tasar\u0131m\u0131 sayesinde s\u0131n\u0131rl\u0131 panolarda bile kolayca monte edilebilir ve gerekti\u011finde <strong data-start=\"2706\" data-end=\"2742\">soket \u00fczerinden de\u011fi\u015ftirilebilir<\/strong>.<\/p>\n<h4 data-start=\"195\" data-end=\"227\">\u2753 S\u0131k\u00e7a Sorulan Sorular (SSS)<\/h4>\n<div class=\"accordian fusion-accordian\" style=\"--awb-border-size:1px;--awb-icon-size:16px;--awb-content-font-size:var(--awb-typography4-font-size);--awb-icon-alignment:left;--awb-hover-color:var(--awb-color2);--awb-border-color:var(--awb-color3);--awb-background-color:var(--awb-color1);--awb-divider-color:var(--awb-color3);--awb-divider-hover-color:var(--awb-color3);--awb-icon-color:var(--awb-color1);--awb-title-color:var(--awb-color8);--awb-content-color:var(--awb-color8);--awb-icon-box-color:var(--awb-color8);--awb-toggle-hover-accent-color:var(--awb-color5);--awb-title-font-family:var(--awb-typography1-font-family);--awb-title-font-weight:var(--awb-typography1-font-weight);--awb-title-font-style:var(--awb-typography1-font-style);--awb-title-font-size:16px;--awb-title-letter-spacing:var(--awb-typography1-letter-spacing);--awb-title-line-height:var(--awb-typography1-line-height);--awb-content-font-family:var(--awb-typography4-font-family);--awb-content-font-weight:var(--awb-typography4-font-weight);--awb-content-font-style:var(--awb-typography4-font-style);\"><div class=\"panel-group fusion-toggle-icon-boxed\" id=\"accordion-1857-1\"><div class=\"fusion-panel panel-default panel-affde8151d56d342e fusion-toggle-has-divider\" style=\"--awb-title-font-size:19px;--awb-title-color:var(--awb-color8);--awb-content-color:var(--awb-color8);\"><div class=\"panel-heading\"><h4 class=\"panel-title toggle\" id=\"toggle_affde8151d56d342e\"><a aria-expanded=\"false\" aria-controls=\"affde8151d56d342e\" role=\"button\" data-toggle=\"collapse\" data-parent=\"#accordion-1857-1\" data-target=\"#affde8151d56d342e\" href=\"#affde8151d56d342e\"><span class=\"fusion-toggle-icon-wrapper\" aria-hidden=\"true\"><i class=\"fa-fusion-box active-icon awb-icon-minus\" aria-hidden=\"true\"><\/i><i class=\"fa-fusion-box inactive-icon awb-icon-plus\" aria-hidden=\"true\"><\/i><\/span><span class=\"fusion-toggle-heading\">Bu r\u00f6le ne i\u015fe yarar?<\/span><\/a><\/h4><\/div><div id=\"affde8151d56d342e\" class=\"panel-collapse collapse \" aria-labelledby=\"toggle_affde8151d56d342e\"><div class=\"panel-body toggle-content fusion-clearfix\"><\/p>\n<p data-start=\"3496\" data-end=\"3675\">IDEC RH2B-Uld-DC24V, bobin enerjilendi\u011finde iki devreyi ayn\u0131 anda a\u00e7\u0131p kapatan <strong data-start=\"3099\" data-end=\"3121\">DPDT g\u00fc\u00e7 r\u00f6lesidir<\/strong> ve end\u00fcstriyel kontrol sistemlerinde elektri\u011fi uzaktan anahtarlamak i\u00e7in kullan\u0131l\u0131r.<\/p>\n<p><\/div><\/div><\/div><div class=\"fusion-panel panel-default panel-8e4949566d9a7b887 fusion-toggle-has-divider\" style=\"--awb-title-font-size:19px;--awb-title-color:var(--awb-color8);--awb-content-color:var(--awb-color8);\"><div class=\"panel-heading\"><h4 class=\"panel-title toggle\" id=\"toggle_8e4949566d9a7b887\"><a aria-expanded=\"false\" aria-controls=\"8e4949566d9a7b887\" role=\"button\" data-toggle=\"collapse\" data-parent=\"#accordion-1857-1\" data-target=\"#8e4949566d9a7b887\" href=\"#8e4949566d9a7b887\"><span class=\"fusion-toggle-icon-wrapper\" aria-hidden=\"true\"><i class=\"fa-fusion-box active-icon awb-icon-minus\" aria-hidden=\"true\"><\/i><i class=\"fa-fusion-box inactive-icon awb-icon-plus\" aria-hidden=\"true\"><\/i><\/span><span class=\"fusion-toggle-heading\">24 V DC bobin ne anlama gelir?<\/span><\/a><\/h4><\/div><div id=\"8e4949566d9a7b887\" class=\"panel-collapse collapse \" aria-labelledby=\"toggle_8e4949566d9a7b887\"><div class=\"panel-body toggle-content fusion-clearfix\"><br \/>\nR\u00f6lenin bobini <strong data-start=\"3302\" data-end=\"3336\">24 V DC gerilim ile tetiklenir<\/strong>; bu gerilim uyguland\u0131\u011f\u0131nda kontaklar a\u00e7\u0131l\u0131r veya kapan\u0131r.<br \/>\n<\/div><\/div><\/div><div class=\"fusion-panel panel-default panel-a17c079a91ab3bda0 fusion-toggle-has-divider\" style=\"--awb-title-font-size:19px;--awb-title-color:var(--awb-color8);--awb-content-color:var(--awb-color8);\"><div class=\"panel-heading\"><h4 class=\"panel-title toggle\" id=\"toggle_a17c079a91ab3bda0\"><a aria-expanded=\"false\" aria-controls=\"a17c079a91ab3bda0\" role=\"button\" data-toggle=\"collapse\" data-parent=\"#accordion-1857-1\" data-target=\"#a17c079a91ab3bda0\" href=\"#a17c079a91ab3bda0\"><span class=\"fusion-toggle-icon-wrapper\" aria-hidden=\"true\"><i class=\"fa-fusion-box active-icon awb-icon-minus\" aria-hidden=\"true\"><\/i><i class=\"fa-fusion-box inactive-icon awb-icon-plus\" aria-hidden=\"true\"><\/i><\/span><span class=\"fusion-toggle-heading\">Hangi sistemlerle uyumludur?<\/span><\/a><\/h4><\/div><div id=\"a17c079a91ab3bda0\" class=\"panel-collapse collapse \" aria-labelledby=\"toggle_a17c079a91ab3bda0\"><div class=\"panel-body toggle-content fusion-clearfix\"><br \/>\nBMS-2 PWM taban kart, Hetronic BMS-2 al\u0131c\u0131 ailesi ile birlikte \u00e7al\u0131\u015f\u0131r ve RF uzaktan kumanda sistemlerinde kullan\u0131l\u0131r.<br \/>\n<\/div><\/div><\/div><div class=\"fusion-panel panel-default panel-08b4207850ce1bdb7 fusion-toggle-has-divider\" style=\"--awb-title-font-size:19px;--awb-title-color:var(--awb-color8);--awb-content-color:var(--awb-color8);\"><div class=\"panel-heading\"><h4 class=\"panel-title toggle\" id=\"toggle_08b4207850ce1bdb7\"><a aria-expanded=\"false\" aria-controls=\"08b4207850ce1bdb7\" role=\"button\" data-toggle=\"collapse\" data-parent=\"#accordion-1857-1\" data-target=\"#08b4207850ce1bdb7\" href=\"#08b4207850ce1bdb7\"><span class=\"fusion-toggle-icon-wrapper\" aria-hidden=\"true\"><i class=\"fa-fusion-box active-icon awb-icon-minus\" aria-hidden=\"true\"><\/i><i class=\"fa-fusion-box inactive-icon awb-icon-plus\" aria-hidden=\"true\"><\/i><\/span><span class=\"fusion-toggle-heading\">R\u00f6lenin kontak kapasitesi ne kadard\u0131r?<\/span><\/a><\/h4><\/div><div id=\"08b4207850ce1bdb7\" class=\"panel-collapse collapse \" aria-labelledby=\"toggle_08b4207850ce1bdb7\"><div class=\"panel-body toggle-content fusion-clearfix\"><br \/>\nKontaklar <strong data-start=\"3494\" data-end=\"3527\">10 A ak\u0131m ta\u015f\u0131ma kapasitesine<\/strong> sahiptir ve 240 VAC \/ 30 VDC\u2019e kadar y\u00fcklerde kullan\u0131labilir.<br \/>\n<\/div><\/div><\/div><div class=\"fusion-panel panel-default panel-16c10b12e6a289b95 fusion-toggle-has-divider\" style=\"--awb-title-font-size:19px;--awb-title-color:var(--awb-color8);--awb-content-color:var(--awb-color8);\"><div class=\"panel-heading\"><h4 class=\"panel-title toggle\" id=\"toggle_16c10b12e6a289b95\"><a aria-expanded=\"false\" aria-controls=\"16c10b12e6a289b95\" role=\"button\" data-toggle=\"collapse\" data-parent=\"#accordion-1857-1\" data-target=\"#16c10b12e6a289b95\" href=\"#16c10b12e6a289b95\"><span class=\"fusion-toggle-icon-wrapper\" aria-hidden=\"true\"><i class=\"fa-fusion-box active-icon awb-icon-minus\" aria-hidden=\"true\"><\/i><i class=\"fa-fusion-box inactive-icon awb-icon-plus\" aria-hidden=\"true\"><\/i><\/span><span class=\"fusion-toggle-heading\">Soket tipi montaj\u0131n avantaj\u0131 nedir?<\/span><\/a><\/h4><\/div><div id=\"16c10b12e6a289b95\" class=\"panel-collapse collapse \" aria-labelledby=\"toggle_16c10b12e6a289b95\"><div class=\"panel-body toggle-content fusion-clearfix\"><br \/>\nSoket tipi montaj, r\u00f6lenin panoya ba\u011flanan <strong data-start=\"3719\" data-end=\"3768\">soket \u00fczerinden kolayca tak\u0131l\u0131p \u00e7\u0131kar\u0131lmas\u0131n\u0131<\/strong> sa\u011flar; bu da bak\u0131m ve de\u011fi\u015fim s\u00fcre\u00e7lerini h\u0131zland\u0131r\u0131r.<br \/>\n<\/div><\/div><\/div><div class=\"fusion-panel panel-default panel-6c866e327f7c5e981 fusion-toggle-has-divider\" style=\"--awb-title-font-size:19px;--awb-title-color:var(--awb-color8);--awb-content-color:var(--awb-color8);\"><div class=\"panel-heading\"><h4 class=\"panel-title toggle\" id=\"toggle_6c866e327f7c5e981\"><a aria-expanded=\"false\" aria-controls=\"6c866e327f7c5e981\" role=\"button\" data-toggle=\"collapse\" data-parent=\"#accordion-1857-1\" data-target=\"#6c866e327f7c5e981\" href=\"#6c866e327f7c5e981\"><span class=\"fusion-toggle-icon-wrapper\" aria-hidden=\"true\"><i class=\"fa-fusion-box active-icon awb-icon-minus\" aria-hidden=\"true\"><\/i><i class=\"fa-fusion-box inactive-icon awb-icon-plus\" aria-hidden=\"true\"><\/i><\/span><span class=\"fusion-toggle-heading\">End\u00fcstriyel uygulamalar i\u00e7in uygun mu?<\/span><\/a><\/h4><\/div><div id=\"6c866e327f7c5e981\" class=\"panel-collapse collapse \" aria-labelledby=\"toggle_6c866e327f7c5e981\"><div class=\"panel-body toggle-content fusion-clearfix\"><br \/>\nEvet; dayan\u0131kl\u0131 kontak yap\u0131s\u0131, h\u0131zl\u0131 ba\u011flant\u0131 terminalleri ve end\u00fcstriyel sertifikalar ile PLC, motor ve otomasyon kontrol sistemlerinde g\u00fcvenle kullan\u0131labilir.<br \/>\n<\/div><\/div><\/div><\/div><\/div>\n<p><script type=\"application\/ld+json\">\n{\n  \"@context\":\"https:\/\/schema.org\",\n  \"@type\":\"FAQPage\",\n  \"mainEntity\":[\n    {\n      \"@type\":\"Question\",\n      \"name\":\"IDEC RH2B-Uld-DC24V r\u00f6le nedir?\",\n      \"acceptedAnswer\":{\n        \"@type\":\"Answer\",\n        \"text\":\"IDEC RH2B-Uld-DC24V, 24 V DC bobin ile \u00e7al\u0131\u015fan, DPDT kontakl\u0131 end\u00fcstriyel g\u00fc\u00e7 r\u00f6lesidir.\"\n      }\n    },\n    {\n      \"@type\":\"Question\",\n      \"name\":\"24 V DC bobin ne i\u015fe yarar?\",\n      \"acceptedAnswer\":{\n        \"@type\":\"Answer\",<span data-mce-type=\"bookmark\" style=\"display: inline-block; width: 0px; overflow: hidden; line-height: 0;\" class=\"mce_SELRES_start\">\ufeff<\/span>\n        \"text\":\"24 V DC bobin, r\u00f6leyi tetikleyen gerilimdir ve uyguland\u0131\u011f\u0131nda kontaklar\u0131n a\u00e7\u0131l\u0131p kapanmas\u0131n\u0131 sa\u011flar.\"\n      }\n    },\n    {\n      \"@type\":\"Question\",\n      \"name\":\"Bu r\u00f6le hangi uygulamalarda kullan\u0131l\u0131r?\",\n      \"acceptedAnswer\":{\n        \"@type\":\"Answer\",\n        \"text\":\"End\u00fcstriyel kontrol panolar\u0131, otomasyon sistemleri, motor kontrol\u00fc ve g\u00fc\u00e7 devrelerinde kullan\u0131labilir.\"\n      }\n    },\n    {\n      \"@type\":\"Question\",\n      \"name\":\"Soket tipi montaj\u0131n avantaj\u0131 nedir?\",\n      \"acceptedAnswer\":{\n        \"@type\":\"Answer\",\n        \"text\":\"R\u00f6lenin kolay tak\u0131l\u0131p \u00e7\u0131kar\u0131lmas\u0131n\u0131 sa\u011flayarak bak\u0131m ve de\u011fi\u015fimi basitle\u015ftirir.\"\n      }\n    }\n  ]\n}\n<\/script><\/p>\n","protected":false},"excerpt":{"rendered":"<p data-start=\"343\" data-end=\"564\">IDEC RH2B-Uld-DC24V, 24 V DC bobin gerilimi ile \u00e7al\u0131\u015fan, kompakt <strong data-start=\"294\" data-end=\"333\">DPDT 10 A end\u00fcstriyel g\u00fc\u00e7 r\u00f6lesidir<\/strong>. Soket tipi montaj\u0131, g\u00f6sterge \u0131\u015f\u0131\u011f\u0131 ve g\u00fcvenilir kontak yap\u0131s\u0131 ile kontrol panolar\u0131 ve otomasyon sistemlerinde g\u00fcvenilir anahtarlama sa\u011flar.<\/p>","protected":false},"featured_media":1754,"comment_status":"open","ping_status":"closed","template":"","meta":{"_seopress_robots_primary_cat":"","_seopress_titles_title":"","_seopress_titles_desc":"","_seopress_robots_index":"","_joinchat":[]},"product_brand":[93],"product_cat":[69,451],"product_tag":[282,283,286,285,280,152,281,287,284],"class_list":{"0":"post-1857","1":"product","2":"type-product","3":"status-publish","4":"has-post-thumbnail","6":"product_brand-hetronic","7":"product_cat-kumanda-aksesuarlari","8":"product_cat-roleler","9":"product_tag-24-vdc-role","10":"product_tag-dpdt-role","11":"product_tag-endustriyel-guc-rolesi","12":"product_tag-idec-rh-series","13":"product_tag-idec-role","14":"product_tag-otomasyon-rolesi","15":"product_tag-rh2b-uld-dc24v","16":"product_tag-role-10-a","17":"product_tag-socket-role","19":"first","20":"instock","21":"taxable","22":"shipping-taxable","23":"purchasable","24":"product-type-simple"},"_links":{"self":[{"href":"https:\/\/kumandatech.tr\/en\/wp-json\/wp\/v2\/product\/1857","targetHints":{"allow":["GET"]}}],"collection":[{"href":"https:\/\/kumandatech.tr\/en\/wp-json\/wp\/v2\/product"}],"about":[{"href":"https:\/\/kumandatech.tr\/en\/wp-json\/wp\/v2\/types\/product"}],"replies":[{"embeddable":true,"href":"https:\/\/kumandatech.tr\/en\/wp-json\/wp\/v2\/comments?post=1857"}],"wp:featuredmedia":[{"embeddable":true,"href":"https:\/\/kumandatech.tr\/en\/wp-json\/wp\/v2\/media\/1754"}],"wp:attachment":[{"href":"https:\/\/kumandatech.tr\/en\/wp-json\/wp\/v2\/media?parent=1857"}],"wp:term":[{"taxonomy":"product_brand","embeddable":true,"href":"https:\/\/kumandatech.tr\/en\/wp-json\/wp\/v2\/product_brand?post=1857"},{"taxonomy":"product_cat","embeddable":true,"href":"https:\/\/kumandatech.tr\/en\/wp-json\/wp\/v2\/product_cat?post=1857"},{"taxonomy":"product_tag","embeddable":true,"href":"https:\/\/kumandatech.tr\/en\/wp-json\/wp\/v2\/product_tag?post=1857"}],"curies":[{"name":"wp","href":"https:\/\/api.w.org\/{rel}","templated":true}]}}