{"id":2341,"date":"2026-02-12T11:34:52","date_gmt":"2026-02-12T11:34:52","guid":{"rendered":"https:\/\/kumandatech.tr\/?post_type=product&#038;p=2341"},"modified":"2026-02-26T12:43:59","modified_gmt":"2026-02-26T12:43:59","slug":"mikotek-evo606-set-220vac-6-buton-1-start-1-acil-stop-tek-kademe-kumanda-seti","status":"publish","type":"product","link":"https:\/\/kumandatech.tr\/en\/product\/mikotek-evo606-set-220vac-6-buton-1-start-1-acil-stop-tek-kademe-kumanda-seti\/","title":{"rendered":"Gikatron Uzaktan Kumanda Seti-Evo606-220AC Serisi-6 Hareketli, Tek Kademeli, Tek H\u0131zl\u0131, 6 Hareket Y\u00f6n Buton, 1 Start Ye\u015fil Buton, 1 Acilstop K\u0131rm\u0131z\u0131 Buton"},"content":{"rendered":"<p data-start=\"360\" data-end=\"589\"><strong data-start=\"360\" data-end=\"400\">Mikotek Evo606 Set 220VAC Tek Kademe<\/strong>, end\u00fcstriyel makineler, vin\u00e7 sistemleri ve kald\u0131rma ekipmanlar\u0131 i\u00e7in tasarlanm\u0131\u015f profesyonel bir <strong data-start=\"498\" data-end=\"525\">uzaktan kumanda setidir<\/strong>. 220VAC \u00e7al\u0131\u015fma gerilimi ile g\u00fc\u00e7l\u00fc ve stabil performans sa\u011flar.<\/p>\n<p data-start=\"591\" data-end=\"720\">Bu model;<br data-start=\"600\" data-end=\"603\" \/>\u2714 <strong data-start=\"605\" data-end=\"632\">6 adet fonksiyon butonu<\/strong><br data-start=\"632\" data-end=\"635\" \/>\u2714 <strong data-start=\"637\" data-end=\"669\">1 adet Start (Ba\u015flat) butonu<\/strong><br data-start=\"669\" data-end=\"672\" \/>\u2714 <strong data-start=\"674\" data-end=\"718\">1 adet Acil Stop (Emergency Stop) butonu<\/strong><\/p>\n<p data-start=\"722\" data-end=\"867\">ile donat\u0131lm\u0131\u015ft\u0131r. Tek kademe (single speed) kontrol yap\u0131s\u0131 sayesinde temel hareket fonksiyonlar\u0131n\u0131n g\u00fcvenli ve net \u015fekilde y\u00f6netilmesini sa\u011flar.<\/p>\n<p data-start=\"869\" data-end=\"976\">Acil stop butonu, operat\u00f6r g\u00fcvenli\u011fi i\u00e7in kritik \u00f6neme sahiptir ve acil durumlarda sistemi an\u0131nda durdurur.<\/p>\n<hr data-start=\"978\" data-end=\"981\" \/>\n<h4 data-start=\"983\" data-end=\"1006\">\u2699\ufe0f Teknik \u00d6zellikler<\/h4>\n<ul data-start=\"1008\" data-end=\"1302\">\n<li data-start=\"1008\" data-end=\"1030\">\n<p data-start=\"1010\" data-end=\"1030\"><strong data-start=\"1010\" data-end=\"1020\">Marka:<\/strong> Mikotek<\/p>\n<\/li>\n<li data-start=\"1031\" data-end=\"1056\">\n<p data-start=\"1033\" data-end=\"1056\"><strong data-start=\"1033\" data-end=\"1043\">Model:<\/strong> Evo606 Set<\/p>\n<\/li>\n<li data-start=\"1057\" data-end=\"1089\">\n<p data-start=\"1059\" data-end=\"1089\"><strong data-start=\"1059\" data-end=\"1080\">\u00c7al\u0131\u015fma Gerilimi:<\/strong> 220VAC<\/p>\n<\/li>\n<li data-start=\"1090\" data-end=\"1116\">\n<p data-start=\"1092\" data-end=\"1116\"><strong data-start=\"1092\" data-end=\"1103\">Kademe:<\/strong> Tek Kademe<\/p>\n<\/li>\n<li data-start=\"1117\" data-end=\"1157\">\n<p data-start=\"1119\" data-end=\"1157\"><strong data-start=\"1119\" data-end=\"1136\">Buton Say\u0131s\u0131:<\/strong> 6 Fonksiyon Butonu<\/p>\n<\/li>\n<li data-start=\"1158\" data-end=\"1200\">\n<p data-start=\"1160\" data-end=\"1200\"><strong data-start=\"1160\" data-end=\"1176\">Ek Butonlar:<\/strong> 1 Start + 1 Acil Stop<\/p>\n<\/li>\n<li data-start=\"1201\" data-end=\"1263\">\n<p data-start=\"1203\" data-end=\"1263\"><strong data-start=\"1203\" data-end=\"1222\">Kullan\u0131m Alan\u0131:<\/strong> Vin\u00e7 ve end\u00fcstriyel kontrol sistemleri<\/p>\n<\/li>\n<li data-start=\"1264\" data-end=\"1302\">\n<p data-start=\"1266\" data-end=\"1302\"><strong data-start=\"1266\" data-end=\"1279\">G\u00fcvenlik:<\/strong> Acil stop fonksiyonu<\/p>\n<\/li>\n<\/ul>\n<hr data-start=\"1304\" data-end=\"1307\" \/>\n<h4 data-start=\"1309\" data-end=\"1332\">\ud83c\udfed Kullan\u0131m Alanlar\u0131<\/h4>\n<ul data-start=\"1334\" data-end=\"1466\">\n<li data-start=\"1334\" data-end=\"1361\">\n<p data-start=\"1336\" data-end=\"1361\">K\u00f6pr\u00fcl\u00fc vin\u00e7 sistemleri<\/p>\n<\/li>\n<li data-start=\"1362\" data-end=\"1380\">\n<p data-start=\"1364\" data-end=\"1380\">Tavan vin\u00e7leri<\/p>\n<\/li>\n<li data-start=\"1381\" data-end=\"1400\">\n<p data-start=\"1383\" data-end=\"1400\">Monoray vin\u00e7ler<\/p>\n<\/li>\n<li data-start=\"1401\" data-end=\"1437\">\n<p data-start=\"1403\" data-end=\"1437\">End\u00fcstriyel kald\u0131rma ekipmanlar\u0131<\/p>\n<\/li>\n<li data-start=\"1438\" data-end=\"1466\">\n<p data-start=\"1440\" data-end=\"1466\">\u00dcretim ve montaj hatlar\u0131<\/p>\n<\/li>\n<\/ul>\n<p data-start=\"1468\" data-end=\"1614\">Mikotek Evo606 kumanda seti, operat\u00f6rlere g\u00fcvenli, pratik ve dayan\u0131kl\u0131 bir kontrol \u00e7\u00f6z\u00fcm\u00fc sunarak i\u015f g\u00fcvenli\u011fi ve operasyonel verimlili\u011fi art\u0131r\u0131r.<\/p>\n<h4 data-start=\"195\" data-end=\"227\">\u2753 S\u0131k\u00e7a Sorulan Sorular (SSS)<\/h4>\n<div class=\"accordian fusion-accordian\" style=\"--awb-border-size:1px;--awb-icon-size:16px;--awb-content-font-size:var(--awb-typography4-font-size);--awb-icon-alignment:left;--awb-hover-color:var(--awb-color2);--awb-border-color:var(--awb-color3);--awb-background-color:var(--awb-color1);--awb-divider-color:var(--awb-color3);--awb-divider-hover-color:var(--awb-color3);--awb-icon-color:var(--awb-color1);--awb-title-color:var(--awb-color8);--awb-content-color:var(--awb-color8);--awb-icon-box-color:var(--awb-color8);--awb-toggle-hover-accent-color:var(--awb-color5);--awb-title-font-family:var(--awb-typography1-font-family);--awb-title-font-weight:var(--awb-typography1-font-weight);--awb-title-font-style:var(--awb-typography1-font-style);--awb-title-font-size:16px;--awb-title-letter-spacing:var(--awb-typography1-letter-spacing);--awb-title-line-height:var(--awb-typography1-line-height);--awb-content-font-family:var(--awb-typography4-font-family);--awb-content-font-weight:var(--awb-typography4-font-weight);--awb-content-font-style:var(--awb-typography4-font-style);\"><div class=\"panel-group fusion-toggle-icon-boxed\" id=\"accordion-2341-1\"><div class=\"fusion-panel panel-default panel-218f4264f89bf07ef fusion-toggle-has-divider\" style=\"--awb-title-font-size:19px;--awb-title-color:var(--awb-color8);--awb-content-color:var(--awb-color8);\"><div class=\"panel-heading\"><h4 class=\"panel-title toggle\" id=\"toggle_218f4264f89bf07ef\"><a aria-expanded=\"false\" aria-controls=\"218f4264f89bf07ef\" role=\"button\" data-toggle=\"collapse\" data-parent=\"#accordion-2341-1\" data-target=\"#218f4264f89bf07ef\" href=\"#218f4264f89bf07ef\"><span class=\"fusion-toggle-icon-wrapper\" aria-hidden=\"true\"><i class=\"fa-fusion-box active-icon awb-icon-minus\" aria-hidden=\"true\"><\/i><i class=\"fa-fusion-box inactive-icon awb-icon-plus\" aria-hidden=\"true\"><\/i><\/span><span class=\"fusion-toggle-heading\">Mikotek Evo606 ka\u00e7 butonludur?<\/span><\/a><\/h4><\/div><div id=\"218f4264f89bf07ef\" class=\"panel-collapse collapse \" aria-labelledby=\"toggle_218f4264f89bf07ef\"><div class=\"panel-body toggle-content fusion-clearfix\"><\/p>\n<p data-start=\"1838\" data-end=\"1929\">6 fonksiyon butonu, 1 start ve 1 acil stop butonu olmak \u00fczere toplam 8 butona sahiptir.<\/p>\n<p><\/div><\/div><\/div><div class=\"fusion-panel panel-default panel-7aa71be1ab73210f6 fusion-toggle-has-divider\" style=\"--awb-title-font-size:19px;--awb-title-color:var(--awb-color8);--awb-content-color:var(--awb-color8);\"><div class=\"panel-heading\"><h4 class=\"panel-title toggle\" id=\"toggle_7aa71be1ab73210f6\"><a aria-expanded=\"false\" aria-controls=\"7aa71be1ab73210f6\" role=\"button\" data-toggle=\"collapse\" data-parent=\"#accordion-2341-1\" data-target=\"#7aa71be1ab73210f6\" href=\"#7aa71be1ab73210f6\"><span class=\"fusion-toggle-icon-wrapper\" aria-hidden=\"true\"><i class=\"fa-fusion-box active-icon awb-icon-minus\" aria-hidden=\"true\"><\/i><i class=\"fa-fusion-box inactive-icon awb-icon-plus\" aria-hidden=\"true\"><\/i><\/span><span class=\"fusion-toggle-heading\">Hangi voltaj ile \u00e7al\u0131\u015f\u0131r?<\/span><\/a><\/h4><\/div><div id=\"7aa71be1ab73210f6\" class=\"panel-collapse collapse \" aria-labelledby=\"toggle_7aa71be1ab73210f6\"><div class=\"panel-body toggle-content fusion-clearfix\"><br \/>\n220VAC \u00e7al\u0131\u015fma gerilimi ile \u00e7al\u0131\u015f\u0131r.<br \/>\n<\/div><\/div><\/div><div class=\"fusion-panel panel-default panel-eaba140063dcc62af fusion-toggle-has-divider\" style=\"--awb-title-font-size:19px;--awb-title-color:var(--awb-color8);--awb-content-color:var(--awb-color8);\"><div class=\"panel-heading\"><h4 class=\"panel-title toggle\" id=\"toggle_eaba140063dcc62af\"><a aria-expanded=\"false\" aria-controls=\"eaba140063dcc62af\" role=\"button\" data-toggle=\"collapse\" data-parent=\"#accordion-2341-1\" data-target=\"#eaba140063dcc62af\" href=\"#eaba140063dcc62af\"><span class=\"fusion-toggle-icon-wrapper\" aria-hidden=\"true\"><i class=\"fa-fusion-box active-icon awb-icon-minus\" aria-hidden=\"true\"><\/i><i class=\"fa-fusion-box inactive-icon awb-icon-plus\" aria-hidden=\"true\"><\/i><\/span><span class=\"fusion-toggle-heading\">Tek kademe ne anlama gelir?<\/span><\/a><\/h4><\/div><div id=\"eaba140063dcc62af\" class=\"panel-collapse collapse \" aria-labelledby=\"toggle_eaba140063dcc62af\"><div class=\"panel-body toggle-content fusion-clearfix\"><br \/>\nTek kademe, butonlara bas\u0131ld\u0131\u011f\u0131nda sabit h\u0131zda tek seviye kontrol sa\u011fland\u0131\u011f\u0131n\u0131 ifade eder.<br \/>\n<\/div><\/div><\/div><div class=\"fusion-panel panel-default panel-9d66ba0f640555f30 fusion-toggle-has-divider\" style=\"--awb-title-font-size:19px;--awb-title-color:var(--awb-color8);--awb-content-color:var(--awb-color8);\"><div class=\"panel-heading\"><h4 class=\"panel-title toggle\" id=\"toggle_9d66ba0f640555f30\"><a aria-expanded=\"false\" aria-controls=\"9d66ba0f640555f30\" role=\"button\" data-toggle=\"collapse\" data-parent=\"#accordion-2341-1\" data-target=\"#9d66ba0f640555f30\" href=\"#9d66ba0f640555f30\"><span class=\"fusion-toggle-icon-wrapper\" aria-hidden=\"true\"><i class=\"fa-fusion-box active-icon awb-icon-minus\" aria-hidden=\"true\"><\/i><i class=\"fa-fusion-box inactive-icon awb-icon-plus\" aria-hidden=\"true\"><\/i><\/span><span class=\"fusion-toggle-heading\">Hangi sistemlerde kullan\u0131l\u0131r?<\/span><\/a><\/h4><\/div><div id=\"9d66ba0f640555f30\" class=\"panel-collapse collapse \" aria-labelledby=\"toggle_9d66ba0f640555f30\"><div class=\"panel-body toggle-content fusion-clearfix\"><br \/>\nVin\u00e7 sistemleri ve end\u00fcstriyel kald\u0131rma uygulamalar\u0131nda yayg\u0131n olarak kullan\u0131l\u0131r.<br \/>\n<\/div><\/div><\/div><\/div><\/div>\n<p><script type=\"application\/ld+json\">\n{\n  \"@context\": \"https:\/\/schema.org\",\n  \"@type\": \"FAQPage\",\n  \"mainEntity\": [\n    {\n      \"@type\": \"Question\",\n      \"name\": \"Mikotek Evo606 ka\u00e7 butonludur?\",\n      \"acceptedAnswer\": {\n        \"@type\": \"Answer\",\n        \"text\": \"6 fonksiyon butonu, 1 start ve 1 acil stop butonu olmak \u00fczere toplam 8 butona sahiptir.\"\n      }\n    },\n    {\n      \"@type\": \"Question\",\n      \"name\": \"Hangi voltaj ile \u00e7al\u0131\u015f\u0131r?\",\n      \"acceptedAnswer\": {\n        \"@type\": \"Answer\",\n        \"text\": \"220VAC \u00e7al\u0131\u015fma gerilimi ile \u00e7al\u0131\u015f\u0131r.\"\n      }\n    },\n    {\n      \"@type\": \"Question\",\n      \"name\": \"Tek kademe ne anlama gelir?\",\n      \"acceptedAnswer\": {\n        \"@type\": \"Answer\",\n        \"text\": \"Tek kademe, butonlara bas\u0131ld\u0131\u011f\u0131nda sabit h\u0131zda tek seviye kontrol sa\u011fland\u0131\u011f\u0131n\u0131 ifade eder.\"\n      }\n    },\n    {\n      \"@type\": \"Question\",\n      \"name\": \"Hangi sistemlerde kullan\u0131l\u0131r?\",\n      \"acceptedAnswer\": {\n        \"@type\": \"Answer\",\n        \"text\": \"Vin\u00e7 sistemleri ve end\u00fcstriyel kald\u0131rma uygulamalar\u0131nda yayg\u0131n olarak kullan\u0131l\u0131r.\"\n      }\n    }\n  ]\n}\n<\/script><\/p>\n","protected":false},"excerpt":{"rendered":"<p>Mikotek Evo606 Set 220VAC tek kademe kumanda, 6 buton + 1 start + 1 acil stop butonu ile vin\u00e7 ve end\u00fcstriyel sistemler i\u00e7in g\u00fcvenli ve pratik kontrol \u00e7\u00f6z\u00fcm\u00fc sunar.<\/p>","protected":false},"featured_media":2054,"comment_status":"open","ping_status":"closed","template":"","meta":{"_seopress_robots_primary_cat":"none","_seopress_titles_title":"","_seopress_titles_desc":"","_seopress_robots_index":"","_joinchat":[]},"product_brand":[770],"product_cat":[30,27,44,69,57,35],"product_tag":[429,431,432,434,428,430,433],"class_list":{"0":"post-2341","1":"product","2":"type-product","3":"status-publish","4":"has-post-thumbnail","6":"product_brand-gikatron","7":"product_cat-beton-kumandalari","8":"product_cat-endustriyel-kumandalar","9":"product_cat-kablosuz-kumandalar","10":"product_cat-kumanda-aksesuarlari","11":"product_cat-makine-kumandalari","12":"product_cat-vinc-kumandalari","13":"product_tag-220vac-vinc-kumanda","14":"product_tag-6-butonlu-kumanda","15":"product_tag-acil-stoplu-kumanda","16":"product_tag-endustriyel-kumanda-sistemi","17":"product_tag-mikotek-evo606","18":"product_tag-tek-kademe-kumanda","19":"product_tag-vinc-uzaktan-kumanda-seti","21":"first","22":"instock","23":"taxable","24":"shipping-taxable","25":"purchasable","26":"product-type-simple"},"_links":{"self":[{"href":"https:\/\/kumandatech.tr\/en\/wp-json\/wp\/v2\/product\/2341","targetHints":{"allow":["GET"]}}],"collection":[{"href":"https:\/\/kumandatech.tr\/en\/wp-json\/wp\/v2\/product"}],"about":[{"href":"https:\/\/kumandatech.tr\/en\/wp-json\/wp\/v2\/types\/product"}],"replies":[{"embeddable":true,"href":"https:\/\/kumandatech.tr\/en\/wp-json\/wp\/v2\/comments?post=2341"}],"wp:featuredmedia":[{"embeddable":true,"href":"https:\/\/kumandatech.tr\/en\/wp-json\/wp\/v2\/media\/2054"}],"wp:attachment":[{"href":"https:\/\/kumandatech.tr\/en\/wp-json\/wp\/v2\/media?parent=2341"}],"wp:term":[{"taxonomy":"product_brand","embeddable":true,"href":"https:\/\/kumandatech.tr\/en\/wp-json\/wp\/v2\/product_brand?post=2341"},{"taxonomy":"product_cat","embeddable":true,"href":"https:\/\/kumandatech.tr\/en\/wp-json\/wp\/v2\/product_cat?post=2341"},{"taxonomy":"product_tag","embeddable":true,"href":"https:\/\/kumandatech.tr\/en\/wp-json\/wp\/v2\/product_tag?post=2341"}],"curies":[{"name":"wp","href":"https:\/\/api.w.org\/{rel}","templated":true}]}}