{"id":2342,"date":"2026-02-12T11:40:45","date_gmt":"2026-02-12T11:40:45","guid":{"rendered":"https:\/\/kumandatech.tr\/?post_type=product&#038;p=2342"},"modified":"2026-02-26T12:44:57","modified_gmt":"2026-02-26T12:44:57","slug":"mikotek-tek-kademeli-transmitter-6-buton-1-start-1-acil-stop-vinc-kumanda-vericisi","status":"publish","type":"product","link":"https:\/\/kumandatech.tr\/en\/product\/mikotek-tek-kademeli-transmitter-6-buton-1-start-1-acil-stop-vinc-kumanda-vericisi\/","title":{"rendered":"Gikatron Transmitter Tek Kademeli, Tek H\u0131zl\u0131 Kumanda Vericisi \u2013 6 Hareket Y\u00f6n Buton, 1 Start Ye\u015fil Buton, 1 AcilStop K\u0131rm\u0131z\u0131 Buton Orijinal Yedek Par\u00e7a Seti"},"content":{"rendered":"<p data-start=\"358\" data-end=\"574\"><strong data-start=\"358\" data-end=\"428\">Mikotek Tek Kademeli Transmitter (6 Buton + 1 Start + 1 Acil Stop)<\/strong>, vin\u00e7 ve end\u00fcstriyel kald\u0131rma sistemlerinde g\u00fcvenli ve stabil kablosuz kontrol sa\u011flamak i\u00e7in tasarlanm\u0131\u015f profesyonel bir <strong data-start=\"550\" data-end=\"573\">kumanda vericisidir<\/strong>.<\/p>\n<p data-start=\"576\" data-end=\"705\">Toplamda:<br data-start=\"585\" data-end=\"588\" \/>\u2714 <strong data-start=\"590\" data-end=\"617\">6 adet fonksiyon butonu<\/strong><br data-start=\"617\" data-end=\"620\" \/>\u2714 <strong data-start=\"622\" data-end=\"654\">1 adet Start (Ba\u015flat) butonu<\/strong><br data-start=\"654\" data-end=\"657\" \/>\u2714 <strong data-start=\"659\" data-end=\"703\">1 adet Acil Stop (Emergency Stop) butonu<\/strong><\/p>\n<p data-start=\"707\" data-end=\"721\">bulunmaktad\u0131r.<\/p>\n<p data-start=\"723\" data-end=\"957\">Tek kademe kontrol yap\u0131s\u0131 sayesinde butonlara bas\u0131ld\u0131\u011f\u0131nda sabit h\u0131zda tek seviye hareket kontrol\u00fc sa\u011flan\u0131r. Acil stop butonu, operat\u00f6r g\u00fcvenli\u011fi i\u00e7in kritik bir g\u00fcvenlik unsurudur ve acil durumlarda sistemi an\u0131nda devre d\u0131\u015f\u0131 b\u0131rak\u0131r.<\/p>\n<p data-start=\"959\" data-end=\"1044\">Ergonomik tasar\u0131m\u0131 ve dayan\u0131kl\u0131 g\u00f6vdesi ile a\u011f\u0131r sanayi ve saha ko\u015fullar\u0131na uygundur.<\/p>\n<hr data-start=\"1046\" data-end=\"1049\" \/>\n<h4 data-start=\"1051\" data-end=\"1074\">\u2699\ufe0f Teknik \u00d6zellikler<\/h4>\n<ul data-start=\"1076\" data-end=\"1360\">\n<li data-start=\"1076\" data-end=\"1098\">\n<p data-start=\"1078\" data-end=\"1098\"><strong data-start=\"1078\" data-end=\"1088\">Marka:<\/strong> Mikotek<\/p>\n<\/li>\n<li data-start=\"1099\" data-end=\"1138\">\n<p data-start=\"1101\" data-end=\"1138\"><strong data-start=\"1101\" data-end=\"1115\">\u00dcr\u00fcn Tipi:<\/strong> Transmitter (Verici)<\/p>\n<\/li>\n<li data-start=\"1139\" data-end=\"1165\">\n<p data-start=\"1141\" data-end=\"1165\"><strong data-start=\"1141\" data-end=\"1152\">Kademe:<\/strong> Tek Kademe<\/p>\n<\/li>\n<li data-start=\"1166\" data-end=\"1206\">\n<p data-start=\"1168\" data-end=\"1206\"><strong data-start=\"1168\" data-end=\"1185\">Buton Say\u0131s\u0131:<\/strong> 6 Fonksiyon Butonu<\/p>\n<\/li>\n<li data-start=\"1207\" data-end=\"1249\">\n<p data-start=\"1209\" data-end=\"1249\"><strong data-start=\"1209\" data-end=\"1225\">Ek Butonlar:<\/strong> 1 Start + 1 Acil Stop<\/p>\n<\/li>\n<li data-start=\"1250\" data-end=\"1312\">\n<p data-start=\"1252\" data-end=\"1312\"><strong data-start=\"1252\" data-end=\"1271\">Kullan\u0131m Alan\u0131:<\/strong> Vin\u00e7 ve end\u00fcstriyel kontrol sistemleri<\/p>\n<\/li>\n<li data-start=\"1313\" data-end=\"1360\">\n<p data-start=\"1315\" data-end=\"1360\"><strong data-start=\"1315\" data-end=\"1332\">Kontrol Tipi:<\/strong> Kablosuz kumanda vericisi<\/p>\n<\/li>\n<\/ul>\n<hr data-start=\"1362\" data-end=\"1365\" \/>\n<h4 data-start=\"1367\" data-end=\"1390\">\ud83c\udfed Kullan\u0131m Alanlar\u0131<\/h4>\n<ul data-start=\"1392\" data-end=\"1523\">\n<li data-start=\"1392\" data-end=\"1411\">\n<p data-start=\"1394\" data-end=\"1411\">K\u00f6pr\u00fcl\u00fc vin\u00e7ler<\/p>\n<\/li>\n<li data-start=\"1412\" data-end=\"1437\">\n<p data-start=\"1414\" data-end=\"1437\">Tavan vin\u00e7 sistemleri<\/p>\n<\/li>\n<li data-start=\"1438\" data-end=\"1457\">\n<p data-start=\"1440\" data-end=\"1457\">Monoray vin\u00e7ler<\/p>\n<\/li>\n<li data-start=\"1458\" data-end=\"1494\">\n<p data-start=\"1460\" data-end=\"1494\">End\u00fcstriyel kald\u0131rma ekipmanlar\u0131<\/p>\n<\/li>\n<li data-start=\"1495\" data-end=\"1523\">\n<p data-start=\"1497\" data-end=\"1523\">\u00dcretim ve montaj hatlar\u0131<\/p>\n<\/li>\n<\/ul>\n<p data-start=\"1525\" data-end=\"1673\">Mikotek tek kademeli transmitter, operat\u00f6rlere g\u00fcvenli, h\u0131zl\u0131 ve kararl\u0131 bir kontrol imk\u00e2n\u0131 sunarak i\u015f g\u00fcvenli\u011fi ve operasyonel verimlili\u011fi art\u0131r\u0131r.<\/p>\n<h4 data-start=\"195\" data-end=\"227\">\u2753 S\u0131k\u00e7a Sorulan Sorular (SSS)<\/h4>\n<div class=\"accordian fusion-accordian\" style=\"--awb-border-size:1px;--awb-icon-size:16px;--awb-content-font-size:var(--awb-typography4-font-size);--awb-icon-alignment:left;--awb-hover-color:var(--awb-color2);--awb-border-color:var(--awb-color3);--awb-background-color:var(--awb-color1);--awb-divider-color:var(--awb-color3);--awb-divider-hover-color:var(--awb-color3);--awb-icon-color:var(--awb-color1);--awb-title-color:var(--awb-color8);--awb-content-color:var(--awb-color8);--awb-icon-box-color:var(--awb-color8);--awb-toggle-hover-accent-color:var(--awb-color5);--awb-title-font-family:var(--awb-typography1-font-family);--awb-title-font-weight:var(--awb-typography1-font-weight);--awb-title-font-style:var(--awb-typography1-font-style);--awb-title-font-size:16px;--awb-title-letter-spacing:var(--awb-typography1-letter-spacing);--awb-title-line-height:var(--awb-typography1-line-height);--awb-content-font-family:var(--awb-typography4-font-family);--awb-content-font-weight:var(--awb-typography4-font-weight);--awb-content-font-style:var(--awb-typography4-font-style);\"><div class=\"panel-group fusion-toggle-icon-boxed\" id=\"accordion-2342-1\"><div class=\"fusion-panel panel-default panel-1da79095b03f1bd48 fusion-toggle-has-divider\" style=\"--awb-title-font-size:19px;--awb-title-color:var(--awb-color8);--awb-content-color:var(--awb-color8);\"><div class=\"panel-heading\"><h4 class=\"panel-title toggle\" id=\"toggle_1da79095b03f1bd48\"><a aria-expanded=\"false\" aria-controls=\"1da79095b03f1bd48\" role=\"button\" data-toggle=\"collapse\" data-parent=\"#accordion-2342-1\" data-target=\"#1da79095b03f1bd48\" href=\"#1da79095b03f1bd48\"><span class=\"fusion-toggle-icon-wrapper\" aria-hidden=\"true\"><i class=\"fa-fusion-box active-icon awb-icon-minus\" aria-hidden=\"true\"><\/i><i class=\"fa-fusion-box inactive-icon awb-icon-plus\" aria-hidden=\"true\"><\/i><\/span><span class=\"fusion-toggle-heading\">Bu \u00fcr\u00fcn set midir?<\/span><\/a><\/h4><\/div><div id=\"1da79095b03f1bd48\" class=\"panel-collapse collapse \" aria-labelledby=\"toggle_1da79095b03f1bd48\"><div class=\"panel-body toggle-content fusion-clearfix\"><\/p>\n<p data-start=\"1838\" data-end=\"1929\">Hay\u0131r, bu \u00fcr\u00fcn yaln\u0131zca transmitter (verici) \u00fcnitesidir.<\/p>\n<p><\/div><\/div><\/div><div class=\"fusion-panel panel-default panel-baa58493e62c462d2 fusion-toggle-has-divider\" style=\"--awb-title-font-size:19px;--awb-title-color:var(--awb-color8);--awb-content-color:var(--awb-color8);\"><div class=\"panel-heading\"><h4 class=\"panel-title toggle\" id=\"toggle_baa58493e62c462d2\"><a aria-expanded=\"false\" aria-controls=\"baa58493e62c462d2\" role=\"button\" data-toggle=\"collapse\" data-parent=\"#accordion-2342-1\" data-target=\"#baa58493e62c462d2\" href=\"#baa58493e62c462d2\"><span class=\"fusion-toggle-icon-wrapper\" aria-hidden=\"true\"><i class=\"fa-fusion-box active-icon awb-icon-minus\" aria-hidden=\"true\"><\/i><i class=\"fa-fusion-box inactive-icon awb-icon-plus\" aria-hidden=\"true\"><\/i><\/span><span class=\"fusion-toggle-heading\">Ka\u00e7 butonludur?<\/span><\/a><\/h4><\/div><div id=\"baa58493e62c462d2\" class=\"panel-collapse collapse \" aria-labelledby=\"toggle_baa58493e62c462d2\"><div class=\"panel-body toggle-content fusion-clearfix\"><br \/>\n6 fonksiyon butonu, 1 start ve 1 acil stop olmak \u00fczere toplam 8 butona sahiptir.<br \/>\n<\/div><\/div><\/div><div class=\"fusion-panel panel-default panel-0376b1a8901c9d425 fusion-toggle-has-divider\" style=\"--awb-title-font-size:19px;--awb-title-color:var(--awb-color8);--awb-content-color:var(--awb-color8);\"><div class=\"panel-heading\"><h4 class=\"panel-title toggle\" id=\"toggle_0376b1a8901c9d425\"><a aria-expanded=\"false\" aria-controls=\"0376b1a8901c9d425\" role=\"button\" data-toggle=\"collapse\" data-parent=\"#accordion-2342-1\" data-target=\"#0376b1a8901c9d425\" href=\"#0376b1a8901c9d425\"><span class=\"fusion-toggle-icon-wrapper\" aria-hidden=\"true\"><i class=\"fa-fusion-box active-icon awb-icon-minus\" aria-hidden=\"true\"><\/i><i class=\"fa-fusion-box inactive-icon awb-icon-plus\" aria-hidden=\"true\"><\/i><\/span><span class=\"fusion-toggle-heading\">Tek kademe ne demektir?<\/span><\/a><\/h4><\/div><div id=\"0376b1a8901c9d425\" class=\"panel-collapse collapse \" aria-labelledby=\"toggle_0376b1a8901c9d425\"><div class=\"panel-body toggle-content fusion-clearfix\"><br \/>\nButona bas\u0131ld\u0131\u011f\u0131nda sabit h\u0131zda tek seviye hareket kontrol\u00fc sa\u011flanmas\u0131d\u0131r.<br \/>\n<\/div><\/div><\/div><div class=\"fusion-panel panel-default panel-13f87fede28ce56ec fusion-toggle-has-divider\" style=\"--awb-title-font-size:19px;--awb-title-color:var(--awb-color8);--awb-content-color:var(--awb-color8);\"><div class=\"panel-heading\"><h4 class=\"panel-title toggle\" id=\"toggle_13f87fede28ce56ec\"><a aria-expanded=\"false\" aria-controls=\"13f87fede28ce56ec\" role=\"button\" data-toggle=\"collapse\" data-parent=\"#accordion-2342-1\" data-target=\"#13f87fede28ce56ec\" href=\"#13f87fede28ce56ec\"><span class=\"fusion-toggle-icon-wrapper\" aria-hidden=\"true\"><i class=\"fa-fusion-box active-icon awb-icon-minus\" aria-hidden=\"true\"><\/i><i class=\"fa-fusion-box inactive-icon awb-icon-plus\" aria-hidden=\"true\"><\/i><\/span><span class=\"fusion-toggle-heading\">Hangi sistemlerde kullan\u0131l\u0131r?<\/span><\/a><\/h4><\/div><div id=\"13f87fede28ce56ec\" class=\"panel-collapse collapse \" aria-labelledby=\"toggle_13f87fede28ce56ec\"><div class=\"panel-body toggle-content fusion-clearfix\"><br \/>\nVin\u00e7 ve end\u00fcstriyel kald\u0131rma sistemlerinde kullan\u0131l\u0131r.<br \/>\n<\/div><\/div><\/div><\/div><\/div>\n<p><script type=\"application\/ld+json\">\n{\n  \"@context\": \"https:\/\/schema.org\",\n  \"@type\": \"FAQPage\",\n  \"mainEntity\": [\n    {\n      \"@type\": \"Question\",\n      \"name\": \"Bu \u00fcr\u00fcn set midir?\",\n      \"acceptedAnswer\": {\n        \"@type\": \"Answer\",\n        \"text\": \"Hay\u0131r, bu \u00fcr\u00fcn yaln\u0131zca transmitter (verici) \u00fcnitesidir.\"\n      }\n    },\n    {\n      \"@type\": \"Question\",\n      \"name\": \"Ka\u00e7 butonludur?\",\n      \"acceptedAnswer\": {\n        \"@type\": \"Answer\",\n        \"text\": \"6 fonksiyon butonu, 1 start ve 1 acil stop olmak \u00fczere toplam 8 butona sahiptir.\"\n      }\n    },\n    {\n      \"@type\": \"Question\",\n      \"name\": \"Tek kademe ne demektir?\",\n      \"acceptedAnswer\": {\n        \"@type\": \"Answer\",\n        \"text\": \"Butona bas\u0131ld\u0131\u011f\u0131nda sabit h\u0131zda tek seviye hareket kontrol\u00fc sa\u011flanmas\u0131d\u0131r.\"\n      }\n    },\n    {\n      \"@type\": \"Question\",\n      \"name\": \"Hangi sistemlerde kullan\u0131l\u0131r?\",\n      \"acceptedAnswer\": {\n        \"@type\": \"Answer\",\n        \"text\": \"Vin\u00e7 ve end\u00fcstriyel kald\u0131rma sistemlerinde kullan\u0131l\u0131r.\"\n      }\n    }\n  ]\n}\n<\/script><\/p>\n","protected":false},"excerpt":{"rendered":"<p>Mikotek tek kademeli transmitter, 6 buton + 1 start + 1 acil stop tasar\u0131m\u0131 ile vin\u00e7 ve end\u00fcstriyel sistemler i\u00e7in g\u00fcvenli ve pratik kablosuz kontrol sa\u011flar.<\/p>","protected":false},"featured_media":2062,"comment_status":"open","ping_status":"closed","template":"","meta":{"_seopress_robots_primary_cat":"none","_seopress_titles_title":"","_seopress_titles_desc":"","_seopress_robots_index":"","_joinchat":[]},"product_brand":[770],"product_cat":[30,27,44,57,35],"product_tag":[437,438,440,435,441,436,439],"class_list":{"0":"post-2342","1":"product","2":"type-product","3":"status-publish","4":"has-post-thumbnail","6":"product_brand-gikatron","7":"product_cat-beton-kumandalari","8":"product_cat-endustriyel-kumandalar","9":"product_cat-kablosuz-kumandalar","10":"product_cat-makine-kumandalari","11":"product_cat-vinc-kumandalari","12":"product_tag-6-butonlu-vinc-kumandasi","13":"product_tag-acil-stoplu-transmitter","14":"product_tag-endustriyel-kablosuz-kumanda","15":"product_tag-mikotek-transmitter","16":"product_tag-mikotek-uzaktan-kumanda","17":"product_tag-tek-kademeli-kumanda","18":"product_tag-vinc-verici-kumanda","20":"first","21":"instock","22":"taxable","23":"shipping-taxable","24":"purchasable","25":"product-type-simple"},"_links":{"self":[{"href":"https:\/\/kumandatech.tr\/en\/wp-json\/wp\/v2\/product\/2342","targetHints":{"allow":["GET"]}}],"collection":[{"href":"https:\/\/kumandatech.tr\/en\/wp-json\/wp\/v2\/product"}],"about":[{"href":"https:\/\/kumandatech.tr\/en\/wp-json\/wp\/v2\/types\/product"}],"replies":[{"embeddable":true,"href":"https:\/\/kumandatech.tr\/en\/wp-json\/wp\/v2\/comments?post=2342"}],"wp:featuredmedia":[{"embeddable":true,"href":"https:\/\/kumandatech.tr\/en\/wp-json\/wp\/v2\/media\/2062"}],"wp:attachment":[{"href":"https:\/\/kumandatech.tr\/en\/wp-json\/wp\/v2\/media?parent=2342"}],"wp:term":[{"taxonomy":"product_brand","embeddable":true,"href":"https:\/\/kumandatech.tr\/en\/wp-json\/wp\/v2\/product_brand?post=2342"},{"taxonomy":"product_cat","embeddable":true,"href":"https:\/\/kumandatech.tr\/en\/wp-json\/wp\/v2\/product_cat?post=2342"},{"taxonomy":"product_tag","embeddable":true,"href":"https:\/\/kumandatech.tr\/en\/wp-json\/wp\/v2\/product_tag?post=2342"}],"curies":[{"name":"wp","href":"https:\/\/api.w.org\/{rel}","templated":true}]}}