{"id":3385,"date":"2026-03-11T15:03:38","date_gmt":"2026-03-11T15:03:38","guid":{"rendered":"https:\/\/kumandatech.tr\/?post_type=product&#038;p=3385"},"modified":"2026-04-02T18:07:16","modified_gmt":"2026-04-02T15:07:16","slug":"hetronic-66706112-gl-kodlayici-coder-transmitter-verici-kart","status":"publish","type":"product","link":"https:\/\/kumandatech.tr\/en\/product\/hetronic-66706112-gl-kodlayici-coder-transmitter-verici-kart\/","title":{"rendered":"Hetronic 66706112 GL Kodlay\u0131c\u0131 Coder \u2013 Transmitter Verici Kart"},"content":{"rendered":"<p data-start=\"892\" data-end=\"1108\"><strong data-start=\"892\" data-end=\"985\"><span class=\"hover:entity-accent entity-underline inline cursor-pointer align-baseline\"><span class=\"whitespace-normal\">Hetronic<\/span><\/span> 66706112 GL kodlay\u0131c\u0131 coder transmitter verici kart<\/strong>, Hetronic uzaktan kumanda sistemlerinde sinyal kodlama ve iletim i\u015flemini ger\u00e7ekle\u015ftiren \u00f6nemli bir elektronik bile\u015fendir.<\/p>\n<p data-start=\"1110\" data-end=\"1344\">Bu kart, kumanda vericisinin g\u00f6nderdi\u011fi sinyalleri do\u011fru \u015fekilde kodlayarak al\u0131c\u0131ya iletilmesini sa\u011flar. End\u00fcstriyel makineler, vin\u00e7 sistemleri ve kablosuz kumanda uygulamalar\u0131nda y\u00fcksek performansl\u0131 \u00e7al\u0131\u015fmas\u0131 ile tercih edilmektedir.<\/p>\n<p data-start=\"1346\" data-end=\"1502\">Dayan\u0131kl\u0131 elektronik bile\u015fenlerden \u00fcretilmi\u015f olan bu verici kart, uzun s\u00fcreli kullan\u0131m i\u00e7in tasarlanm\u0131\u015ft\u0131r ve Hetronic kumanda sistemleri ile tam uyumludur.<\/p>\n<hr data-start=\"1504\" data-end=\"1507\" \/>\n<h4 data-section-id=\"2vy0ub\" data-start=\"1509\" data-end=\"1527\">\u00dcr\u00fcn \u00d6zellikleri<\/h4>\n<ul data-start=\"1529\" data-end=\"1787\">\n<li data-section-id=\"1u7lql7\" data-start=\"1529\" data-end=\"1581\">\n<p data-start=\"1531\" data-end=\"1581\">Marka: <strong data-start=\"1538\" data-end=\"1579\"><span class=\"hover:entity-accent entity-underline inline cursor-pointer align-baseline\"><span class=\"whitespace-normal\">Hetronic<\/span><\/span><\/strong><\/p>\n<\/li>\n<li data-section-id=\"1k2m9kl\" data-start=\"1582\" data-end=\"1608\">\n<p data-start=\"1584\" data-end=\"1608\">Model: <strong data-start=\"1591\" data-end=\"1606\">66706112 GL<\/strong><\/p>\n<\/li>\n<li data-section-id=\"l09gfe\" data-start=\"1609\" data-end=\"1648\">\n<p data-start=\"1611\" data-end=\"1648\">\u00dcr\u00fcn Tipi: Kodlay\u0131c\u0131 \/ Encoder Kart<\/p>\n<\/li>\n<li data-section-id=\"gmlc5q\" data-start=\"1649\" data-end=\"1702\">\n<p data-start=\"1651\" data-end=\"1702\">Kullan\u0131m Alan\u0131: Uzaktan kumanda verici sistemleri<\/p>\n<\/li>\n<li data-section-id=\"myykb8\" data-start=\"1703\" data-end=\"1749\">\n<p data-start=\"1705\" data-end=\"1749\">Uyumlu Sistem: Hetronic kumanda sistemleri<\/p>\n<\/li>\n<li data-section-id=\"xzlhb2\" data-start=\"1750\" data-end=\"1787\">\n<p data-start=\"1752\" data-end=\"1787\">Fonksiyon: Sinyal kodlama ve iletim<\/p>\n<\/li>\n<\/ul>\n<h4 data-start=\"195\" data-end=\"227\">\u2753 S\u0131k\u00e7a Sorulan Sorular (SSS)<\/h4>\n<div class=\"accordian fusion-accordian\" style=\"--awb-border-size:1px;--awb-icon-size:16px;--awb-content-font-size:var(--awb-typography4-font-size);--awb-icon-alignment:left;--awb-hover-color:var(--awb-color2);--awb-border-color:var(--awb-color3);--awb-background-color:var(--awb-color1);--awb-divider-color:var(--awb-color3);--awb-divider-hover-color:var(--awb-color3);--awb-icon-color:var(--awb-color1);--awb-title-color:var(--awb-color8);--awb-content-color:var(--awb-color8);--awb-icon-box-color:var(--awb-color8);--awb-toggle-hover-accent-color:var(--awb-color5);--awb-title-font-family:var(--awb-typography1-font-family);--awb-title-font-weight:var(--awb-typography1-font-weight);--awb-title-font-style:var(--awb-typography1-font-style);--awb-title-font-size:16px;--awb-title-letter-spacing:var(--awb-typography1-letter-spacing);--awb-title-line-height:var(--awb-typography1-line-height);--awb-content-font-family:var(--awb-typography4-font-family);--awb-content-font-weight:var(--awb-typography4-font-weight);--awb-content-font-style:var(--awb-typography4-font-style);\"><div class=\"panel-group fusion-toggle-icon-boxed\" id=\"accordion-3385-1\"><div class=\"fusion-panel panel-default panel-a3afbba26f4f7dfb4 fusion-toggle-has-divider\" style=\"--awb-title-font-size:19px;--awb-title-color:var(--awb-color8);--awb-content-color:var(--awb-color8);\"><div class=\"panel-heading\"><h4 class=\"panel-title toggle\" id=\"toggle_a3afbba26f4f7dfb4\"><a aria-expanded=\"false\" aria-controls=\"a3afbba26f4f7dfb4\" role=\"button\" data-toggle=\"collapse\" data-parent=\"#accordion-3385-1\" data-target=\"#a3afbba26f4f7dfb4\" href=\"#a3afbba26f4f7dfb4\"><span class=\"fusion-toggle-icon-wrapper\" aria-hidden=\"true\"><i class=\"fa-fusion-box active-icon awb-icon-minus\" aria-hidden=\"true\"><\/i><i class=\"fa-fusion-box inactive-icon awb-icon-plus\" aria-hidden=\"true\"><\/i><\/span><span class=\"fusion-toggle-heading\">Hetronic 66706112 GL kodlay\u0131c\u0131 kart ne i\u015fe yarar?<br \/>\n<\/span><\/a><\/h4><\/div><div id=\"a3afbba26f4f7dfb4\" class=\"panel-collapse collapse \" aria-labelledby=\"toggle_a3afbba26f4f7dfb4\"><div class=\"panel-body toggle-content fusion-clearfix\"><br \/>\nHetronic 66706112 GL kodlay\u0131c\u0131 (coder) kart, uzaktan kumanda vericilerinde sinyal kodlama ve iletim i\u015flemini ger\u00e7ekle\u015ftiren elektronik bir bile\u015fendir. Kumanda ile al\u0131c\u0131 cihaz aras\u0131nda g\u00fcvenilir veri aktar\u0131m\u0131 sa\u011flar.<br \/>\n<\/div><\/div><\/div><div class=\"fusion-panel panel-default panel-4716303e975425d43 fusion-toggle-has-divider\" style=\"--awb-title-font-size:19px;--awb-title-color:var(--awb-color8);--awb-content-color:var(--awb-color8);\"><div class=\"panel-heading\"><h4 class=\"panel-title toggle\" id=\"toggle_4716303e975425d43\"><a aria-expanded=\"false\" aria-controls=\"4716303e975425d43\" role=\"button\" data-toggle=\"collapse\" data-parent=\"#accordion-3385-1\" data-target=\"#4716303e975425d43\" href=\"#4716303e975425d43\"><span class=\"fusion-toggle-icon-wrapper\" aria-hidden=\"true\"><i class=\"fa-fusion-box active-icon awb-icon-minus\" aria-hidden=\"true\"><\/i><i class=\"fa-fusion-box inactive-icon awb-icon-plus\" aria-hidden=\"true\"><\/i><\/span><span class=\"fusion-toggle-heading\">Hetronic 66706112 GL hangi cihazlarda kullan\u0131l\u0131r?<\/span><\/a><\/h4><\/div><div id=\"4716303e975425d43\" class=\"panel-collapse collapse \" aria-labelledby=\"toggle_4716303e975425d43\"><div class=\"panel-body toggle-content fusion-clearfix\"><\/p>\n<p>Bu verici kart genellikle vin\u00e7 sistemleri, end\u00fcstriyel makineler ve kablosuz kumanda kullan\u0131lan otomasyon sistemlerinde tercih edilir.<\/p>\n<p><\/div><\/div><\/div><div class=\"fusion-panel panel-default panel-370998297cf95c107 fusion-toggle-has-divider\" style=\"--awb-title-font-size:19px;--awb-title-color:var(--awb-color8);--awb-content-color:var(--awb-color8);\"><div class=\"panel-heading\"><h4 class=\"panel-title toggle\" id=\"toggle_370998297cf95c107\"><a aria-expanded=\"false\" aria-controls=\"370998297cf95c107\" role=\"button\" data-toggle=\"collapse\" data-parent=\"#accordion-3385-1\" data-target=\"#370998297cf95c107\" href=\"#370998297cf95c107\"><span class=\"fusion-toggle-icon-wrapper\" aria-hidden=\"true\"><i class=\"fa-fusion-box active-icon awb-icon-minus\" aria-hidden=\"true\"><\/i><i class=\"fa-fusion-box inactive-icon awb-icon-plus\" aria-hidden=\"true\"><\/i><\/span><span class=\"fusion-toggle-heading\">Hetronic 66706112 GL verici kart hangi kumandalarla uyumludur?<\/span><\/a><\/h4><\/div><div id=\"370998297cf95c107\" class=\"panel-collapse collapse \" aria-labelledby=\"toggle_370998297cf95c107\"><div class=\"panel-body toggle-content fusion-clearfix\"><br \/>\nBu kodlay\u0131c\u0131 kart, Hetronic uzaktan kumanda sistemleri ile uyumlu olarak tasarlanm\u0131\u015ft\u0131r ve ilgili verici cihazlarda kullan\u0131labilir.<\/div><\/div><\/div><div class=\"fusion-panel panel-default panel-edd604554db7d0e79 fusion-toggle-has-divider\" style=\"--awb-title-font-size:19px;--awb-title-color:var(--awb-color8);--awb-content-color:var(--awb-color8);\"><div class=\"panel-heading\"><h4 class=\"panel-title toggle\" id=\"toggle_edd604554db7d0e79\"><a aria-expanded=\"false\" aria-controls=\"edd604554db7d0e79\" role=\"button\" data-toggle=\"collapse\" data-parent=\"#accordion-3385-1\" data-target=\"#edd604554db7d0e79\" href=\"#edd604554db7d0e79\"><span class=\"fusion-toggle-icon-wrapper\" aria-hidden=\"true\"><i class=\"fa-fusion-box active-icon awb-icon-minus\" aria-hidden=\"true\"><\/i><i class=\"fa-fusion-box inactive-icon awb-icon-plus\" aria-hidden=\"true\"><\/i><\/span><span class=\"fusion-toggle-heading\">Hetronic 66706112 GL kart de\u011fi\u015fimi zor mudur?<\/span><\/a><\/h4><\/div><div id=\"edd604554db7d0e79\" class=\"panel-collapse collapse \" aria-labelledby=\"toggle_edd604554db7d0e79\"><div class=\"panel-body toggle-content fusion-clearfix\">Kart de\u011fi\u015fimi genellikle teknik bilgi gerektirir. Do\u011fru montaj ve sistem uyumu i\u00e7in uzman teknik servis taraf\u0131ndan yap\u0131lmas\u0131 \u00f6nerilir.<\/div><\/div><\/div><div class=\"fusion-panel panel-default panel-9cfbb529163d49b69 fusion-toggle-has-divider\" style=\"--awb-title-font-size:19px;--awb-title-color:var(--awb-color8);--awb-content-color:var(--awb-color8);\"><div class=\"panel-heading\"><h4 class=\"panel-title toggle\" id=\"toggle_9cfbb529163d49b69\"><a aria-expanded=\"false\" aria-controls=\"9cfbb529163d49b69\" role=\"button\" data-toggle=\"collapse\" data-parent=\"#accordion-3385-1\" data-target=\"#9cfbb529163d49b69\" href=\"#9cfbb529163d49b69\"><span class=\"fusion-toggle-icon-wrapper\" aria-hidden=\"true\"><i class=\"fa-fusion-box active-icon awb-icon-minus\" aria-hidden=\"true\"><\/i><i class=\"fa-fusion-box inactive-icon awb-icon-plus\" aria-hidden=\"true\"><\/i><\/span><span class=\"fusion-toggle-heading\">Hetronic verici kart\u0131 orijinal midir?<\/span><\/a><\/h4><\/div><div id=\"9cfbb529163d49b69\" class=\"panel-collapse collapse \" aria-labelledby=\"toggle_9cfbb529163d49b69\"><div class=\"panel-body toggle-content fusion-clearfix\">Sat\u0131n al\u0131nan \u00fcr\u00fcn\u00fcn orijinal olmas\u0131, kumanda sisteminin stabil ve g\u00fcvenli \u00e7al\u0131\u015fmas\u0131 a\u00e7\u0131s\u0131ndan \u00f6nemlidir.<\/div><\/div><\/div><\/div><\/div>\n<p><script type=\"application\/ld+json\">\n{\n  \"@context\": \"https:\/\/schema.org\",\n  \"@type\": \"FAQPage\",\n  \"mainEntity\": [\n    {\n      \"@type\": \"Question\",\n      \"name\": \"Hetronic 66706112 GL kodlay\u0131c\u0131 kart ne i\u015fe yarar?\",\n      \"acceptedAnswer\": {\n        \"@type\": \"Answer\",\n        \"text\": \"Hetronic 66706112 GL kodlay\u0131c\u0131 (coder) kart, uzaktan kumanda vericilerinde sinyal kodlama ve iletim i\u015flemini sa\u011flayan elektronik bir bile\u015fendir. Kumanda ile al\u0131c\u0131 sistem aras\u0131nda g\u00fcvenilir veri aktar\u0131m\u0131 sa\u011flar.\"\n      }\n    },\n    {\n      \"@type\": \"Question\",\n      \"name\": \"Hetronic 66706112 GL hangi cihazlarda kullan\u0131l\u0131r?\",\n      \"acceptedAnswer\": {\n        \"@type\": \"Answer\",\n        \"text\": \"Bu verici kart genellikle vin\u00e7 sistemleri, end\u00fcstriyel makineler ve kablosuz kumanda kullan\u0131lan otomasyon sistemlerinde kullan\u0131l\u0131r.\"\n      }\n    },\n    {\n      \"@type\": \"Question\",\n      \"name\": \"Hetronic 66706112 GL verici kart hangi kumandalarla uyumludur?\",\n      \"acceptedAnswer\": {\n        \"@type\": \"Answer\",\n        \"text\": \"Hetronic 66706112 GL coder kart, Hetronic uzaktan kumanda sistemleri ile uyumlu olarak tasarlanm\u0131\u015ft\u0131r ve ilgili verici cihazlarda kullan\u0131labilir.\"\n      }\n    },\n    {\n      \"@type\": \"Question\",\n      \"name\": \"Hetronic coder kart ar\u0131zas\u0131 nas\u0131l anla\u015f\u0131l\u0131r?\",\n      \"acceptedAnswer\": {\n        \"@type\": \"Answer\",\n        \"text\": \"Kumandadan sinyal g\u00f6nderilmesine ra\u011fmen cihaz\u0131n tepki vermemesi, ba\u011flant\u0131 kesilmesi veya d\u00fczensiz \u00e7al\u0131\u015fma gibi durumlar coder kart ar\u0131zas\u0131na i\u015faret edebilir.\"\n      }\n    },\n    {\n      \"@type\": \"Question\",\n      \"name\": \"Hetronic 66706112 GL kart de\u011fi\u015fimi zor mudur?\",\n      \"acceptedAnswer\": {\n        \"@type\": \"Answer\",\n        \"text\": \"Kart de\u011fi\u015fimi genellikle teknik bilgi gerektirir. Do\u011fru montaj ve sistem uyumu i\u00e7in uzman teknik servis taraf\u0131ndan yap\u0131lmas\u0131 \u00f6nerilir.\"\n      }\n    }\n  ]\n}<span data-mce-type=\"bookmark\" style=\"display: inline-block; width: 0px; overflow: hidden; line-height: 0;\" class=\"mce_SELRES_start\">\ufeff<\/span>\n<\/script><\/p>\n","protected":false},"excerpt":{"rendered":"<p data-start=\"438\" data-end=\"765\"><strong data-start=\"438\" data-end=\"531\"><span class=\"hover:entity-accent entity-underline inline cursor-pointer align-baseline\"><span class=\"whitespace-normal\">Hetronic<\/span><\/span> 66706112 GL kodlay\u0131c\u0131 coder transmitter verici kart<\/strong>, Hetronic uzaktan kumanda sistemlerinde kullan\u0131lan y\u00fcksek kaliteli bir elektronik kontrol kart\u0131d\u0131r. End\u00fcstriyel kumanda sistemlerinde g\u00fcvenilir sinyal iletimi sa\u011flayarak cihazlar\u0131n stabil ve g\u00fcvenli \u015fekilde \u00e7al\u0131\u015fmas\u0131na yard\u0131mc\u0131 olur.<\/p>\n<p data-start=\"767\" data-end=\"861\">Uzun \u00f6m\u00fcrl\u00fc yap\u0131s\u0131 ve uyumlu tasar\u0131m\u0131 sayesinde Hetronic kumanda sistemleri ile tam uyumludur.<\/p>","protected":false},"featured_media":3473,"comment_status":"open","ping_status":"closed","template":"","meta":{"_seopress_robots_primary_cat":"none","_seopress_titles_title":"","_seopress_titles_desc":"","_seopress_robots_index":"","_joinchat":[]},"product_brand":[379],"product_cat":[30,27,453,44,69,57,35],"product_tag":[870,879,871,875,878,874,876,872,877,873],"class_list":{"0":"post-3385","1":"product","2":"type-product","3":"status-publish","4":"has-post-thumbnail","6":"product_brand-telemeqanick","7":"product_cat-beton-kumandalari","8":"product_cat-endustriyel-kumandalar","9":"product_cat-kablolar","10":"product_cat-kablosuz-kumandalar","11":"product_cat-kumanda-aksesuarlari","12":"product_cat-makine-kumandalari","13":"product_cat-vinc-kumandalari","14":"product_tag-hetronic-66706112-gl","15":"product_tag-hetronic-66706112-verici-kart","16":"product_tag-hetronic-coder-kart","17":"product_tag-hetronic-encoder-kart","18":"product_tag-hetronic-gl-coder","19":"product_tag-hetronic-kumanda-karti","20":"product_tag-hetronic-kumanda-yedek-parca","21":"product_tag-hetronic-transmitter-kart","22":"product_tag-hetronic-uzaktan-kumanda-karti","23":"product_tag-hetronic-verici-kart","24":"product_shipping_class-krg","26":"first","27":"instock","28":"taxable","29":"shipping-taxable","30":"purchasable","31":"product-type-simple"},"_links":{"self":[{"href":"https:\/\/kumandatech.tr\/en\/wp-json\/wp\/v2\/product\/3385","targetHints":{"allow":["GET"]}}],"collection":[{"href":"https:\/\/kumandatech.tr\/en\/wp-json\/wp\/v2\/product"}],"about":[{"href":"https:\/\/kumandatech.tr\/en\/wp-json\/wp\/v2\/types\/product"}],"replies":[{"embeddable":true,"href":"https:\/\/kumandatech.tr\/en\/wp-json\/wp\/v2\/comments?post=3385"}],"wp:featuredmedia":[{"embeddable":true,"href":"https:\/\/kumandatech.tr\/en\/wp-json\/wp\/v2\/media\/3473"}],"wp:attachment":[{"href":"https:\/\/kumandatech.tr\/en\/wp-json\/wp\/v2\/media?parent=3385"}],"wp:term":[{"taxonomy":"product_brand","embeddable":true,"href":"https:\/\/kumandatech.tr\/en\/wp-json\/wp\/v2\/product_brand?post=3385"},{"taxonomy":"product_cat","embeddable":true,"href":"https:\/\/kumandatech.tr\/en\/wp-json\/wp\/v2\/product_cat?post=3385"},{"taxonomy":"product_tag","embeddable":true,"href":"https:\/\/kumandatech.tr\/en\/wp-json\/wp\/v2\/product_tag?post=3385"}],"curies":[{"name":"wp","href":"https:\/\/api.w.org\/{rel}","templated":true}]}}