{"id":3477,"date":"2026-03-12T08:36:57","date_gmt":"2026-03-12T08:36:57","guid":{"rendered":"https:\/\/kumandatech.tr\/?post_type=product&#038;p=3477"},"modified":"2026-04-02T18:07:16","modified_gmt":"2026-04-02T15:07:16","slug":"hbc-radiomatic-qd109300-24vdc-sarj-cihazi-endustriyel-kumanda-batarya-sarj-adaptoru","status":"publish","type":"product","link":"https:\/\/kumandatech.tr\/en\/product\/hbc-radiomatic-qd109300-24vdc-sarj-cihazi-endustriyel-kumanda-batarya-sarj-adaptoru\/","title":{"rendered":"HBC Radiomatic QD109300 24VDC \u015earj Cihaz\u0131 | End\u00fcstriyel Kumanda Batarya \u015earj Adapt\u00f6r\u00fc"},"content":{"rendered":"<p data-start=\"782\" data-end=\"1141\"><strong data-start=\"782\" data-end=\"850\"><span class=\"hover:entity-accent entity-underline inline cursor-pointer align-baseline\"><span class=\"whitespace-normal\">HBC Radiomatic<\/span><\/span> QD109300 24VDC \u015farj cihaz\u0131<\/strong>, end\u00fcstriyel radyo kumanda sistemlerinde kullan\u0131lan bataryalar\u0131 \u015farj etmek i\u00e7in geli\u015ftirilmi\u015f profesyonel bir g\u00fc\u00e7 \u00e7\u00f6z\u00fcm\u00fcd\u00fcr. Kompakt tasar\u0131m\u0131 ve g\u00fcvenilir elektronik yap\u0131s\u0131 sayesinde vin\u00e7 sistemleri, otomasyon ekipmanlar\u0131 ve end\u00fcstriyel makine kumandalar\u0131nda yayg\u0131n olarak kullan\u0131lmaktad\u0131r.<\/p>\n<p data-start=\"1143\" data-end=\"1453\">Bu \u015farj cihaz\u0131 \u00f6zellikle HBC Radiomatic kumanda sistemlerinde kullan\u0131lan <strong data-start=\"1216\" data-end=\"1236\">Ni-MH bataryalar<\/strong> ile uyumlu olup, bataryan\u0131n g\u00fcvenli \u015fekilde \u015farj edilmesini sa\u011flar. Stabil voltaj \u00e7\u0131k\u0131\u015f\u0131 sayesinde bataryan\u0131n \u00f6mr\u00fcn\u00fc korur ve kumanda sistemlerinin s\u00fcrekli \u00e7al\u0131\u015fmas\u0131n\u0131 destekler.<\/p>\n<hr data-start=\"1455\" data-end=\"1458\" \/>\n<h4 data-section-id=\"2vy0ub\" data-start=\"1460\" data-end=\"1478\">\u00dcr\u00fcn \u00d6zellikleri<\/h4>\n<ul data-start=\"1480\" data-end=\"1853\">\n<li data-section-id=\"1szm0pn\" data-start=\"1480\" data-end=\"1532\">\n<p data-start=\"1482\" data-end=\"1532\">Marka: <strong data-start=\"1489\" data-end=\"1530\"><span class=\"hover:entity-accent entity-underline inline cursor-pointer align-baseline\"><span class=\"whitespace-normal\">HBC Radiomatic<\/span><\/span><\/strong><\/p>\n<\/li>\n<li data-section-id=\"n133lv\" data-start=\"1533\" data-end=\"1556\">\n<p data-start=\"1535\" data-end=\"1556\">Model: <strong data-start=\"1542\" data-end=\"1554\">QD109300<\/strong><\/p>\n<\/li>\n<li data-section-id=\"12cojeh\" data-start=\"1557\" data-end=\"1591\">\n<p data-start=\"1559\" data-end=\"1591\">\u00dcr\u00fcn Tipi: Batarya \u015earj Cihaz\u0131<\/p>\n<\/li>\n<li data-section-id=\"an360t\" data-start=\"1592\" data-end=\"1621\">\n<p data-start=\"1594\" data-end=\"1621\">Giri\u015f Voltaj\u0131: 10-30 V DC<\/p>\n<\/li>\n<li data-section-id=\"p6ieow\" data-start=\"1622\" data-end=\"1649\">\n<p data-start=\"1624\" data-end=\"1649\">\u00c7\u0131k\u0131\u015f Voltaj\u0131: 15V alt\u0131<\/p>\n<\/li>\n<li data-section-id=\"ga4zi1\" data-start=\"1650\" data-end=\"1672\">\n<p data-start=\"1652\" data-end=\"1672\">\u00c7\u0131k\u0131\u015f Ak\u0131m\u0131: 0.66A<\/p>\n<\/li>\n<li data-section-id=\"6k83j6\" data-start=\"1673\" data-end=\"1694\">\n<p data-start=\"1675\" data-end=\"1694\">G\u00fc\u00e7 T\u00fcketimi: 15W<\/p>\n<\/li>\n<li data-section-id=\"1h2w5jr\" data-start=\"1695\" data-end=\"1760\">\n<p data-start=\"1697\" data-end=\"1760\">Batarya Uyumu: BA225030, BA223030 ve benzeri Ni-MH bataryalar<\/p>\n<\/li>\n<li data-section-id=\"xhdki9\" data-start=\"1761\" data-end=\"1853\">\n<p data-start=\"1763\" data-end=\"1853\">Kullan\u0131m Alan\u0131: End\u00fcstriyel radyo kumanda sistemleri<\/p>\n<\/li>\n<\/ul>\n<h4 data-start=\"195\" data-end=\"227\">\u2753 S\u0131k\u00e7a Sorulan Sorular (SSS)<\/h4>\n<div class=\"accordian fusion-accordian\" style=\"--awb-border-size:1px;--awb-icon-size:16px;--awb-content-font-size:var(--awb-typography4-font-size);--awb-icon-alignment:left;--awb-hover-color:var(--awb-color2);--awb-border-color:var(--awb-color3);--awb-background-color:var(--awb-color1);--awb-divider-color:var(--awb-color3);--awb-divider-hover-color:var(--awb-color3);--awb-icon-color:var(--awb-color1);--awb-title-color:var(--awb-color8);--awb-content-color:var(--awb-color8);--awb-icon-box-color:var(--awb-color8);--awb-toggle-hover-accent-color:var(--awb-color5);--awb-title-font-family:var(--awb-typography1-font-family);--awb-title-font-weight:var(--awb-typography1-font-weight);--awb-title-font-style:var(--awb-typography1-font-style);--awb-title-font-size:16px;--awb-title-letter-spacing:var(--awb-typography1-letter-spacing);--awb-title-line-height:var(--awb-typography1-line-height);--awb-content-font-family:var(--awb-typography4-font-family);--awb-content-font-weight:var(--awb-typography4-font-weight);--awb-content-font-style:var(--awb-typography4-font-style);\"><div class=\"panel-group fusion-toggle-icon-boxed\" id=\"accordion-3477-1\"><div class=\"fusion-panel panel-default panel-d2d1cbe1c51a12386 fusion-toggle-has-divider\" style=\"--awb-title-font-size:19px;--awb-title-color:var(--awb-color8);--awb-content-color:var(--awb-color8);\"><div class=\"panel-heading\"><h4 class=\"panel-title toggle\" id=\"toggle_d2d1cbe1c51a12386\"><a aria-expanded=\"false\" aria-controls=\"d2d1cbe1c51a12386\" role=\"button\" data-toggle=\"collapse\" data-parent=\"#accordion-3477-1\" data-target=\"#d2d1cbe1c51a12386\" href=\"#d2d1cbe1c51a12386\"><span class=\"fusion-toggle-icon-wrapper\" aria-hidden=\"true\"><i class=\"fa-fusion-box active-icon awb-icon-minus\" aria-hidden=\"true\"><\/i><i class=\"fa-fusion-box inactive-icon awb-icon-plus\" aria-hidden=\"true\"><\/i><\/span><span class=\"fusion-toggle-heading\">HBC Radiomatic QD109300 \u015farj cihaz\u0131 ne i\u015fe yarar?<\/span><\/a><\/h4><\/div><div id=\"d2d1cbe1c51a12386\" class=\"panel-collapse collapse \" aria-labelledby=\"toggle_d2d1cbe1c51a12386\"><div class=\"panel-body toggle-content fusion-clearfix\"><br \/>\nQD109300 \u015farj cihaz\u0131, HBC Radiomatic uzaktan kumanda sistemlerinde kullan\u0131lan bataryalar\u0131n g\u00fcvenli ve h\u0131zl\u0131 \u015fekilde \u015farj edilmesini sa\u011flar.<br \/>\n<\/div><\/div><\/div><div class=\"fusion-panel panel-default panel-a7976316d97c733c5 fusion-toggle-has-divider\" style=\"--awb-title-font-size:19px;--awb-title-color:var(--awb-color8);--awb-content-color:var(--awb-color8);\"><div class=\"panel-heading\"><h4 class=\"panel-title toggle\" id=\"toggle_a7976316d97c733c5\"><a aria-expanded=\"false\" aria-controls=\"a7976316d97c733c5\" role=\"button\" data-toggle=\"collapse\" data-parent=\"#accordion-3477-1\" data-target=\"#a7976316d97c733c5\" href=\"#a7976316d97c733c5\"><span class=\"fusion-toggle-icon-wrapper\" aria-hidden=\"true\"><i class=\"fa-fusion-box active-icon awb-icon-minus\" aria-hidden=\"true\"><\/i><i class=\"fa-fusion-box inactive-icon awb-icon-plus\" aria-hidden=\"true\"><\/i><\/span><span class=\"fusion-toggle-heading\">QD109300 hangi bataryalarla uyumludur?<\/span><\/a><\/h4><\/div><div id=\"a7976316d97c733c5\" class=\"panel-collapse collapse \" aria-labelledby=\"toggle_a7976316d97c733c5\"><div class=\"panel-body toggle-content fusion-clearfix\"><\/p>\n<p>Genellikle BA225030, BA223030 ve benzeri HBC Radiomatic Ni-MH bataryalar ile kullan\u0131lmaktad\u0131r.<\/p>\n<p><\/div><\/div><\/div><div class=\"fusion-panel panel-default panel-b1d5f77751d9c3530 fusion-toggle-has-divider\" style=\"--awb-title-font-size:19px;--awb-title-color:var(--awb-color8);--awb-content-color:var(--awb-color8);\"><div class=\"panel-heading\"><h4 class=\"panel-title toggle\" id=\"toggle_b1d5f77751d9c3530\"><a aria-expanded=\"false\" aria-controls=\"b1d5f77751d9c3530\" role=\"button\" data-toggle=\"collapse\" data-parent=\"#accordion-3477-1\" data-target=\"#b1d5f77751d9c3530\" href=\"#b1d5f77751d9c3530\"><span class=\"fusion-toggle-icon-wrapper\" aria-hidden=\"true\"><i class=\"fa-fusion-box active-icon awb-icon-minus\" aria-hidden=\"true\"><\/i><i class=\"fa-fusion-box inactive-icon awb-icon-plus\" aria-hidden=\"true\"><\/i><\/span><span class=\"fusion-toggle-heading\">QD109300 \u015farj s\u00fcresi ne kadard\u0131r?<\/span><\/a><\/h4><\/div><div id=\"b1d5f77751d9c3530\" class=\"panel-collapse collapse \" aria-labelledby=\"toggle_b1d5f77751d9c3530\"><div class=\"panel-body toggle-content fusion-clearfix\"><br \/>\nBatarya kapasitesine ba\u011fl\u0131 olarak ortalama birka\u00e7 saat i\u00e7inde tam \u015farj sa\u011flayabilir.<\/div><\/div><\/div><div class=\"fusion-panel panel-default panel-6b56ab145b847a36f fusion-toggle-has-divider\" style=\"--awb-title-font-size:19px;--awb-title-color:var(--awb-color8);--awb-content-color:var(--awb-color8);\"><div class=\"panel-heading\"><h4 class=\"panel-title toggle\" id=\"toggle_6b56ab145b847a36f\"><a aria-expanded=\"false\" aria-controls=\"6b56ab145b847a36f\" role=\"button\" data-toggle=\"collapse\" data-parent=\"#accordion-3477-1\" data-target=\"#6b56ab145b847a36f\" href=\"#6b56ab145b847a36f\"><span class=\"fusion-toggle-icon-wrapper\" aria-hidden=\"true\"><i class=\"fa-fusion-box active-icon awb-icon-minus\" aria-hidden=\"true\"><\/i><i class=\"fa-fusion-box inactive-icon awb-icon-plus\" aria-hidden=\"true\"><\/i><\/span><span class=\"fusion-toggle-heading\">End\u00fcstriyel kumanda bataryalar\u0131 i\u00e7in \u00f6zel \u015farj cihaz\u0131 kullanmak gerekir mi?<\/span><\/a><\/h4><\/div><div id=\"6b56ab145b847a36f\" class=\"panel-collapse collapse \" aria-labelledby=\"toggle_6b56ab145b847a36f\"><div class=\"panel-body toggle-content fusion-clearfix\">Evet. Bataryan\u0131n g\u00fcvenli \u015farj edilmesi ve uzun \u00f6m\u00fcrl\u00fc olmas\u0131 i\u00e7in \u00fcretici taraf\u0131ndan \u00f6nerilen uyumlu \u015farj cihazlar\u0131n\u0131n kullan\u0131lmas\u0131 gerekir.<\/div><\/div><\/div><\/div><\/div>\n<p><script type=\"application\/ld+json\">\n{\n  \"@context\": \"https:\/\/schema.org\",\n  \"@type\": \"FAQPage\",\n  \"mainEntity\": [\n    {\n      \"@type\": \"Question\",\n      \"name\": \"HBC Radiomatic QD109300 \u015farj cihaz\u0131 ne i\u015fe yarar?\",\n      \"acceptedAnswer\": {\n        \"@type\": \"Answer\",\n        \"text\": \"QD109300 \u015farj cihaz\u0131, HBC Radiomatic uzaktan kumanda sistemlerinde kullan\u0131lan bataryalar\u0131n g\u00fcvenli ve h\u0131zl\u0131 \u015fekilde \u015farj edilmesini sa\u011flayan bir g\u00fc\u00e7 adapt\u00f6r\u00fcd\u00fcr.\"\n      }\n    },\n    {\n      \"@type\": \"Question\",\n      \"name\": \"QD109300 hangi bataryalarla uyumludur?\",\n      \"acceptedAnswer\": {\n        \"@type\": \"Answer\",\n        \"text\": \"QD109300 genellikle BA225030 ve BA223030 gibi HBC Radiomatic Ni-MH bataryalar ile uyumlu olarak kullan\u0131lmaktad\u0131r.\"\n      }\n    },\n    {\n      \"@type\": \"Question\",\n      \"name\": \"QD109300 \u015farj s\u00fcresi ne kadard\u0131r?\",\n      \"acceptedAnswer\": {\n        \"@type\": \"Answer\",\n        \"text\": \"Bataryan\u0131n kapasitesine ve durumuna ba\u011fl\u0131 olarak birka\u00e7 saat i\u00e7inde tam \u015farj sa\u011flayabilir.\"\n      }\n    }\n  ]\n}<span data-mce-type=\"bookmark\" style=\"display: inline-block; width: 0px; overflow: hidden; line-height: 0;\" class=\"mce_SELRES_start\">\ufeff<\/span>\n<\/script><\/p>\n","protected":false},"excerpt":{"rendered":"<p data-start=\"427\" data-end=\"756\"><strong data-start=\"427\" data-end=\"495\"><span class=\"hover:entity-accent entity-underline inline cursor-pointer align-baseline\"><span class=\"whitespace-normal\">HBC Radiomatic<\/span><\/span> QD109300 24VDC \u015farj cihaz\u0131<\/strong>, HBC Radiomatic end\u00fcstriyel uzaktan kumanda sistemlerinde kullan\u0131lan bataryalar\u0131 g\u00fcvenli ve h\u0131zl\u0131 \u015fekilde \u015farj etmek i\u00e7in tasarlanm\u0131\u015f bir g\u00fc\u00e7 \u00fcnitesidir. Dayan\u0131kl\u0131 yap\u0131s\u0131 ve stabil \u015farj performans\u0131 sayesinde kumanda sistemlerinin kesintisiz \u00e7al\u0131\u015fmas\u0131n\u0131 sa\u011flar.<\/p>","protected":false},"featured_media":3445,"comment_status":"open","ping_status":"closed","template":"","meta":{"_seopress_robots_primary_cat":"none","_seopress_titles_title":"","_seopress_titles_desc":"","_seopress_robots_index":"","_joinchat":[]},"product_brand":[95],"product_cat":[30,27,44,69,57,610,35],"product_tag":[895,893,890,892,894,889,239,891],"class_list":{"0":"post-3477","1":"product","2":"type-product","3":"status-publish","4":"has-post-thumbnail","6":"product_brand-hbc-radiomatic","7":"product_cat-beton-kumandalari","8":"product_cat-endustriyel-kumandalar","9":"product_cat-kablosuz-kumandalar","10":"product_cat-kumanda-aksesuarlari","11":"product_cat-makine-kumandalari","12":"product_cat-sarj-cihazlari","13":"product_cat-vinc-kumandalari","14":"product_tag-endustriyel-kumanda-sarj-cihazi","15":"product_tag-hbc-kumanda-batarya-sarj-adaptoru","16":"product_tag-hbc-kumanda-sarj-cihazi","17":"product_tag-hbc-radiomatic-batarya-sarj-cihazi","18":"product_tag-hbc-radiomatic-charger","19":"product_tag-hbc-radiomatic-qd109300","20":"product_tag-hbc-radiomatic-sarj-cihazi","21":"product_tag-qd109300-24vdc-charger","22":"product_shipping_class-krg","24":"first","25":"instock","26":"taxable","27":"shipping-taxable","28":"purchasable","29":"product-type-simple"},"_links":{"self":[{"href":"https:\/\/kumandatech.tr\/en\/wp-json\/wp\/v2\/product\/3477","targetHints":{"allow":["GET"]}}],"collection":[{"href":"https:\/\/kumandatech.tr\/en\/wp-json\/wp\/v2\/product"}],"about":[{"href":"https:\/\/kumandatech.tr\/en\/wp-json\/wp\/v2\/types\/product"}],"replies":[{"embeddable":true,"href":"https:\/\/kumandatech.tr\/en\/wp-json\/wp\/v2\/comments?post=3477"}],"wp:featuredmedia":[{"embeddable":true,"href":"https:\/\/kumandatech.tr\/en\/wp-json\/wp\/v2\/media\/3445"}],"wp:attachment":[{"href":"https:\/\/kumandatech.tr\/en\/wp-json\/wp\/v2\/media?parent=3477"}],"wp:term":[{"taxonomy":"product_brand","embeddable":true,"href":"https:\/\/kumandatech.tr\/en\/wp-json\/wp\/v2\/product_brand?post=3477"},{"taxonomy":"product_cat","embeddable":true,"href":"https:\/\/kumandatech.tr\/en\/wp-json\/wp\/v2\/product_cat?post=3477"},{"taxonomy":"product_tag","embeddable":true,"href":"https:\/\/kumandatech.tr\/en\/wp-json\/wp\/v2\/product_tag?post=3477"}],"curies":[{"name":"wp","href":"https:\/\/api.w.org\/{rel}","templated":true}]}}