{"id":3478,"date":"2026-03-12T08:51:12","date_gmt":"2026-03-12T08:51:12","guid":{"rendered":"https:\/\/kumandatech.tr\/?post_type=product&#038;p=3478"},"modified":"2026-04-02T18:07:15","modified_gmt":"2026-04-02T15:07:15","slug":"gikatron-kilitli-model-anahtarlar-icin-schwing-tip-yerli-anahtar-koruk","status":"publish","type":"product","link":"https:\/\/kumandatech.tr\/en\/product\/gikatron-kilitli-model-anahtarlar-icin-schwing-tip-yerli-anahtar-koruk\/","title":{"rendered":"Gikatron Kilitli Model Anahtarlar i\u00e7in Schwing Tip Yerli Anahtar K\u00f6r\u00fck"},"content":{"rendered":"<p data-start=\"750\" data-end=\"994\"><span class=\"hover:entity-accent entity-underline inline cursor-pointer align-baseline\"><span class=\"whitespace-normal\">Gikatron<\/span><\/span> kilitli model anahtarlar i\u00e7in \u00fcretilen <strong data-start=\"829\" data-end=\"859\">Schwing tip anahtar k\u00f6r\u00fc\u011f\u00fc<\/strong>, kumanda panelleri ve end\u00fcstriyel kontrol sistemlerinde anahtar mekanizmalar\u0131n\u0131 d\u0131\u015f etkenlere kar\u015f\u0131 korumak amac\u0131yla kullan\u0131lmaktad\u0131r.<\/p>\n<p data-start=\"996\" data-end=\"1178\">Toz, nem ve kir gibi fakt\u00f6rler anahtar mekanizmalar\u0131n\u0131n zamanla ar\u0131zalanmas\u0131na neden olabilir. Bu nedenle anahtar k\u00f6r\u00fckleri, anahtarlar\u0131n \u00f6mr\u00fcn\u00fc uzatan \u00f6nemli bir koruma bile\u015fenidir.<\/p>\n<p data-start=\"1180\" data-end=\"1349\">Yerli \u00fcretim olan bu k\u00f6r\u00fck, Schwing tip kilitli model anahtarlar ile uyumlu olacak \u015fekilde tasarlanm\u0131\u015ft\u0131r ve end\u00fcstriyel kullan\u0131m i\u00e7in dayan\u0131kl\u0131 malzemeden \u00fcretilmi\u015ftir.<\/p>\n<hr data-start=\"1351\" data-end=\"1354\" \/>\n<h4 data-section-id=\"2vy0ub\" data-start=\"1356\" data-end=\"1374\">\u00dcr\u00fcn \u00d6zellikleri<\/h4>\n<ul data-start=\"1376\" data-end=\"1686\">\n<li data-section-id=\"1u7lql7\" data-start=\"1376\" data-end=\"1428\">\n<p data-start=\"1378\" data-end=\"1428\">Marka: <strong data-start=\"1385\" data-end=\"1426\"><span class=\"hover:entity-accent entity-underline inline cursor-pointer align-baseline\"><span class=\"whitespace-normal\">Gikatron<\/span><\/span><\/strong><\/p>\n<\/li>\n<li data-section-id=\"szqozf\" data-start=\"1429\" data-end=\"1458\">\n<p data-start=\"1431\" data-end=\"1458\">\u00dcr\u00fcn Tipi: Anahtar K\u00f6r\u00fc\u011f\u00fc<\/p>\n<\/li>\n<li data-section-id=\"1us63fj\" data-start=\"1459\" data-end=\"1481\">\n<p data-start=\"1461\" data-end=\"1481\">Model: Schwing Tip<\/p>\n<\/li>\n<li data-section-id=\"1j7ouyh\" data-start=\"1482\" data-end=\"1526\">\n<p data-start=\"1484\" data-end=\"1526\">Uyumlu Anahtar: Kilitli model anahtarlar<\/p>\n<\/li>\n<li data-section-id=\"2pcbjt\" data-start=\"1527\" data-end=\"1551\">\n<p data-start=\"1529\" data-end=\"1551\">\u00dcretim: Yerli \u00fcretim<\/p>\n<\/li>\n<li data-section-id=\"5rt8q\" data-start=\"1552\" data-end=\"1621\">\n<p data-start=\"1554\" data-end=\"1621\">Kullan\u0131m Alan\u0131: End\u00fcstriyel kumanda sistemleri, kontrol panelleri<\/p>\n<\/li>\n<li data-section-id=\"1nwjrup\" data-start=\"1622\" data-end=\"1686\">\n<p data-start=\"1624\" data-end=\"1686\">Fonksiyon: Anahtar mekanizmas\u0131n\u0131 toz ve d\u0131\u015f etkenlerden koruma<\/p>\n<\/li>\n<\/ul>\n<h4 data-start=\"195\" data-end=\"227\">\u2753 S\u0131k\u00e7a Sorulan Sorular (SSS)<\/h4>\n<div class=\"accordian fusion-accordian\" style=\"--awb-border-size:1px;--awb-icon-size:16px;--awb-content-font-size:var(--awb-typography4-font-size);--awb-icon-alignment:left;--awb-hover-color:var(--awb-color2);--awb-border-color:var(--awb-color3);--awb-background-color:var(--awb-color1);--awb-divider-color:var(--awb-color3);--awb-divider-hover-color:var(--awb-color3);--awb-icon-color:var(--awb-color1);--awb-title-color:var(--awb-color8);--awb-content-color:var(--awb-color8);--awb-icon-box-color:var(--awb-color8);--awb-toggle-hover-accent-color:var(--awb-color5);--awb-title-font-family:var(--awb-typography1-font-family);--awb-title-font-weight:var(--awb-typography1-font-weight);--awb-title-font-style:var(--awb-typography1-font-style);--awb-title-font-size:16px;--awb-title-letter-spacing:var(--awb-typography1-letter-spacing);--awb-title-line-height:var(--awb-typography1-line-height);--awb-content-font-family:var(--awb-typography4-font-family);--awb-content-font-weight:var(--awb-typography4-font-weight);--awb-content-font-style:var(--awb-typography4-font-style);\"><div class=\"panel-group fusion-toggle-icon-boxed\" id=\"accordion-3478-1\"><div class=\"fusion-panel panel-default panel-5bb4531cc9991dac4 fusion-toggle-has-divider\" style=\"--awb-title-font-size:19px;--awb-title-color:var(--awb-color8);--awb-content-color:var(--awb-color8);\"><div class=\"panel-heading\"><h4 class=\"panel-title toggle\" id=\"toggle_5bb4531cc9991dac4\"><a aria-expanded=\"false\" aria-controls=\"5bb4531cc9991dac4\" role=\"button\" data-toggle=\"collapse\" data-parent=\"#accordion-3478-1\" data-target=\"#5bb4531cc9991dac4\" href=\"#5bb4531cc9991dac4\"><span class=\"fusion-toggle-icon-wrapper\" aria-hidden=\"true\"><i class=\"fa-fusion-box active-icon awb-icon-minus\" aria-hidden=\"true\"><\/i><i class=\"fa-fusion-box inactive-icon awb-icon-plus\" aria-hidden=\"true\"><\/i><\/span><span class=\"fusion-toggle-heading\">Schwing tip anahtar k\u00f6r\u00fc\u011f\u00fc ne i\u015fe yarar?<\/span><\/a><\/h4><\/div><div id=\"5bb4531cc9991dac4\" class=\"panel-collapse collapse \" aria-labelledby=\"toggle_5bb4531cc9991dac4\"><div class=\"panel-body toggle-content fusion-clearfix\"><br \/>\nAnahtar k\u00f6r\u00fc\u011f\u00fc, kumanda veya kontrol paneli anahtarlar\u0131n\u0131 toz, kir ve nem gibi d\u0131\u015f etkenlerden koruyarak anahtar\u0131n daha uzun \u00f6m\u00fcrl\u00fc \u00e7al\u0131\u015fmas\u0131n\u0131 sa\u011flar.<br \/>\n<\/div><\/div><\/div><div class=\"fusion-panel panel-default panel-1cac48bc611082285 fusion-toggle-has-divider\" style=\"--awb-title-font-size:19px;--awb-title-color:var(--awb-color8);--awb-content-color:var(--awb-color8);\"><div class=\"panel-heading\"><h4 class=\"panel-title toggle\" id=\"toggle_1cac48bc611082285\"><a aria-expanded=\"false\" aria-controls=\"1cac48bc611082285\" role=\"button\" data-toggle=\"collapse\" data-parent=\"#accordion-3478-1\" data-target=\"#1cac48bc611082285\" href=\"#1cac48bc611082285\"><span class=\"fusion-toggle-icon-wrapper\" aria-hidden=\"true\"><i class=\"fa-fusion-box active-icon awb-icon-minus\" aria-hidden=\"true\"><\/i><i class=\"fa-fusion-box inactive-icon awb-icon-plus\" aria-hidden=\"true\"><\/i><\/span><span class=\"fusion-toggle-heading\">Gikatron anahtar k\u00f6r\u00fc\u011f\u00fc hangi anahtarlarla uyumludur?<\/span><\/a><\/h4><\/div><div id=\"1cac48bc611082285\" class=\"panel-collapse collapse \" aria-labelledby=\"toggle_1cac48bc611082285\"><div class=\"panel-body toggle-content fusion-clearfix\"><\/p>\n<p>Bu \u00fcr\u00fcn \u00f6zellikle Schwing tip kilitli model anahtarlar ile uyumlu olacak \u015fekilde tasarlanm\u0131\u015ft\u0131r.<\/p>\n<p><\/div><\/div><\/div><div class=\"fusion-panel panel-default panel-e7014ab4dfa24c26c fusion-toggle-has-divider\" style=\"--awb-title-font-size:19px;--awb-title-color:var(--awb-color8);--awb-content-color:var(--awb-color8);\"><div class=\"panel-heading\"><h4 class=\"panel-title toggle\" id=\"toggle_e7014ab4dfa24c26c\"><a aria-expanded=\"false\" aria-controls=\"e7014ab4dfa24c26c\" role=\"button\" data-toggle=\"collapse\" data-parent=\"#accordion-3478-1\" data-target=\"#e7014ab4dfa24c26c\" href=\"#e7014ab4dfa24c26c\"><span class=\"fusion-toggle-icon-wrapper\" aria-hidden=\"true\"><i class=\"fa-fusion-box active-icon awb-icon-minus\" aria-hidden=\"true\"><\/i><i class=\"fa-fusion-box inactive-icon awb-icon-plus\" aria-hidden=\"true\"><\/i><\/span><span class=\"fusion-toggle-heading\">Anahtar k\u00f6r\u00fc\u011f\u00fc neden kullan\u0131lmal\u0131d\u0131r?<\/span><\/a><\/h4><\/div><div id=\"e7014ab4dfa24c26c\" class=\"panel-collapse collapse \" aria-labelledby=\"toggle_e7014ab4dfa24c26c\"><div class=\"panel-body toggle-content fusion-clearfix\"><br \/>\nEnd\u00fcstriyel ortamlarda anahtar mekanizmalar\u0131 yo\u011fun toz ve kir ile kar\u015f\u0131la\u015fabilir. K\u00f6r\u00fck kullan\u0131m\u0131 anahtar\u0131n ar\u0131zalanmas\u0131n\u0131 \u00f6nlemeye yard\u0131mc\u0131 olur.<\/div><\/div><\/div><div class=\"fusion-panel panel-default panel-24eb4f4d7ae5588a8 fusion-toggle-has-divider\" style=\"--awb-title-font-size:19px;--awb-title-color:var(--awb-color8);--awb-content-color:var(--awb-color8);\"><div class=\"panel-heading\"><h4 class=\"panel-title toggle\" id=\"toggle_24eb4f4d7ae5588a8\"><a aria-expanded=\"false\" aria-controls=\"24eb4f4d7ae5588a8\" role=\"button\" data-toggle=\"collapse\" data-parent=\"#accordion-3478-1\" data-target=\"#24eb4f4d7ae5588a8\" href=\"#24eb4f4d7ae5588a8\"><span class=\"fusion-toggle-icon-wrapper\" aria-hidden=\"true\"><i class=\"fa-fusion-box active-icon awb-icon-minus\" aria-hidden=\"true\"><\/i><i class=\"fa-fusion-box inactive-icon awb-icon-plus\" aria-hidden=\"true\"><\/i><\/span><span class=\"fusion-toggle-heading\">Anahtar k\u00f6r\u00fc\u011f\u00fc montaj\u0131 zor mudur?<\/span><\/a><\/h4><\/div><div id=\"24eb4f4d7ae5588a8\" class=\"panel-collapse collapse \" aria-labelledby=\"toggle_24eb4f4d7ae5588a8\"><div class=\"panel-body toggle-content fusion-clearfix\">Hay\u0131r. Uyumlu anahtar modellerinde kolay \u015fekilde tak\u0131l\u0131p \u00e7\u0131kar\u0131labilir.<\/div><\/div><\/div><\/div><\/div>\n<p><script type=\"application\/ld+json\">\n{\n  \"@context\": \"https:\/\/schema.org\",\n  \"@type\": \"FAQPage\",\n  \"mainEntity\": [\n    {\n      \"@type\": \"Question\",\n      \"name\": \"Schwing tip anahtar k\u00f6r\u00fc\u011f\u00fc ne i\u015fe yarar?\",\n      \"acceptedAnswer\": {\n        \"@type\": \"Answer\",\n        \"text\": \"Anahtar k\u00f6r\u00fc\u011f\u00fc, kumanda veya kontrol paneli anahtarlar\u0131n\u0131 toz, kir ve nem gibi d\u0131\u015f etkenlerden koruyarak anahtar\u0131n daha uzun \u00f6m\u00fcrl\u00fc \u00e7al\u0131\u015fmas\u0131n\u0131 sa\u011flar.\"\n      }\n    },\n    {\n      \"@type\": \"Question\",\n      \"name\": \"Gikatron anahtar k\u00f6r\u00fc\u011f\u00fc hangi anahtarlarla uyumludur?\",\n      \"acceptedAnswer\": {\n        \"@type\": \"Answer\",\n        \"text\": \"Bu anahtar k\u00f6r\u00fc\u011f\u00fc \u00f6zellikle Schwing tip kilitli model anahtarlar ile uyumlu olacak \u015fekilde tasarlanm\u0131\u015ft\u0131r.\"\n      }\n    },\n    {\n      \"@type\": \"Question\",\n      \"name\": \"Anahtar k\u00f6r\u00fc\u011f\u00fc neden kullan\u0131lmal\u0131d\u0131r?\",\n      \"acceptedAnswer\": {\n        \"@type\": \"Answer\",\n        \"text\": \"End\u00fcstriyel ortamlarda anahtar mekanizmalar\u0131 toz, kir ve nem gibi d\u0131\u015f etkenlere maruz kalabilir. Anahtar k\u00f6r\u00fc\u011f\u00fc kullan\u0131m\u0131 bu etkenlere kar\u015f\u0131 koruma sa\u011flar.\"\n      }\n    }\n  ]\n}<span data-mce-type=\"bookmark\" style=\"display: inline-block; width: 0px; overflow: hidden; line-height: 0;\" class=\"mce_SELRES_start\">\ufeff<\/span>\n<\/script><\/p>\n","protected":false},"excerpt":{"rendered":"<p data-start=\"406\" data-end=\"724\"><strong data-start=\"406\" data-end=\"504\"><span class=\"hover:entity-accent entity-underline inline cursor-pointer align-baseline\"><span class=\"whitespace-normal\">Gikatron<\/span><\/span> kilitli model anahtarlar i\u00e7in Schwing tip anahtar k\u00f6r\u00fc\u011f\u00fc<\/strong>, end\u00fcstriyel kumanda sistemlerinde kullan\u0131lan anahtarlar\u0131n toz, kir ve d\u0131\u015f etkenlerden korunmas\u0131n\u0131 sa\u011flayan dayan\u0131kl\u0131 bir koruma par\u00e7as\u0131d\u0131r. Esnek yap\u0131s\u0131 sayesinde anahtar mekanizmas\u0131n\u0131n rahat \u00e7al\u0131\u015fmas\u0131na yard\u0131mc\u0131 olur.<\/p>","protected":false},"featured_media":3492,"comment_status":"open","ping_status":"closed","template":"","meta":{"_seopress_robots_primary_cat":"none","_seopress_titles_title":"","_seopress_titles_desc":"","_seopress_robots_index":"","_joinchat":[]},"product_brand":[770],"product_cat":[30,27,44,711,69,57,35],"product_tag":[900,896,899,898,901,897,902,903],"class_list":{"0":"post-3478","1":"product","2":"type-product","3":"status-publish","4":"has-post-thumbnail","6":"product_brand-gikatron","7":"product_cat-beton-kumandalari","8":"product_cat-endustriyel-kumandalar","9":"product_cat-kablosuz-kumandalar","10":"product_cat-korukler","11":"product_cat-kumanda-aksesuarlari","12":"product_cat-makine-kumandalari","13":"product_cat-vinc-kumandalari","14":"product_tag-endustriyel-anahtar-korugu","15":"product_tag-gikatron-anahtar-korugu","16":"product_tag-gikatron-anahtar-yedek-parca","17":"product_tag-kilitli-model-anahtar-korugu","18":"product_tag-kumanda-paneli-anahtar-korugu","19":"product_tag-schwing-tip-anahtar-korugu","20":"product_tag-schwing-tip-koruk","21":"product_tag-yerli-uretim-anahtar-korugu","22":"product_shipping_class-krg","24":"first","25":"instock","26":"taxable","27":"shipping-taxable","28":"purchasable","29":"product-type-simple"},"_links":{"self":[{"href":"https:\/\/kumandatech.tr\/en\/wp-json\/wp\/v2\/product\/3478","targetHints":{"allow":["GET"]}}],"collection":[{"href":"https:\/\/kumandatech.tr\/en\/wp-json\/wp\/v2\/product"}],"about":[{"href":"https:\/\/kumandatech.tr\/en\/wp-json\/wp\/v2\/types\/product"}],"replies":[{"embeddable":true,"href":"https:\/\/kumandatech.tr\/en\/wp-json\/wp\/v2\/comments?post=3478"}],"wp:featuredmedia":[{"embeddable":true,"href":"https:\/\/kumandatech.tr\/en\/wp-json\/wp\/v2\/media\/3492"}],"wp:attachment":[{"href":"https:\/\/kumandatech.tr\/en\/wp-json\/wp\/v2\/media?parent=3478"}],"wp:term":[{"taxonomy":"product_brand","embeddable":true,"href":"https:\/\/kumandatech.tr\/en\/wp-json\/wp\/v2\/product_brand?post=3478"},{"taxonomy":"product_cat","embeddable":true,"href":"https:\/\/kumandatech.tr\/en\/wp-json\/wp\/v2\/product_cat?post=3478"},{"taxonomy":"product_tag","embeddable":true,"href":"https:\/\/kumandatech.tr\/en\/wp-json\/wp\/v2\/product_tag?post=3478"}],"curies":[{"name":"wp","href":"https:\/\/api.w.org\/{rel}","templated":true}]}}