{"id":3513,"date":"2026-03-12T10:52:04","date_gmt":"2026-03-12T10:52:04","guid":{"rendered":"https:\/\/kumandatech.tr\/?post_type=product&#038;p=3513"},"modified":"2026-04-02T18:07:15","modified_gmt":"2026-04-02T15:07:15","slug":"gikatron-putzmeister-kumanda-icin-yerli-uretim-boyun-askili-kemer","status":"publish","type":"product","link":"https:\/\/kumandatech.tr\/en\/product\/gikatron-putzmeister-kumanda-icin-yerli-uretim-boyun-askili-kemer\/","title":{"rendered":"Gikatron Putzmeister Kumanda i\u00e7in Yerli \u00dcretim Boyun Ask\u0131l\u0131 Kemer"},"content":{"rendered":"<p data-start=\"713\" data-end=\"953\"><span class=\"hover:entity-accent entity-underline inline cursor-pointer align-baseline\"><span class=\"whitespace-normal\">Gikatron<\/span><\/span> taraf\u0131ndan \u00fcretilen <strong data-start=\"773\" data-end=\"823\">Putzmeister uyumlu boyun ask\u0131l\u0131 kumanda kemeri<\/strong>, beton pompas\u0131 ve end\u00fcstriyel makine kumandalar\u0131n\u0131n operat\u00f6r taraf\u0131ndan rahat \u015fekilde ta\u015f\u0131nmas\u0131n\u0131 sa\u011flamak i\u00e7in geli\u015ftirilmi\u015ftir.<\/p>\n<p data-start=\"955\" data-end=\"1167\">Ergonomik tasar\u0131m\u0131 sayesinde kumanda cihaz\u0131 operat\u00f6r\u00fcn boynunda g\u00fcvenli \u015fekilde ta\u015f\u0131nabilir. Bu sayede kumanda cihaz\u0131n\u0131n d\u00fc\u015fmesi veya zarar g\u00f6rmesi engellenirken ayn\u0131 zamanda operat\u00f6r\u00fcn \u00e7al\u0131\u015fma konforu art\u0131r\u0131l\u0131r.<\/p>\n<p data-start=\"1169\" data-end=\"1309\">Dayan\u0131kl\u0131 kuma\u015f yap\u0131s\u0131 ve sa\u011flam ba\u011flant\u0131 aparatlar\u0131 sayesinde zorlu \u015fantiye ve end\u00fcstriyel \u00e7al\u0131\u015fma ortamlar\u0131nda uzun s\u00fcreli kullan\u0131m sunar.<\/p>\n<hr data-start=\"1311\" data-end=\"1314\" \/>\n<h4 data-section-id=\"2vy0ub\" data-start=\"1316\" data-end=\"1334\">\u00dcr\u00fcn \u00d6zellikleri<\/h4>\n<ul data-start=\"1336\" data-end=\"1665\">\n<li data-section-id=\"wr1zy3\" data-start=\"1336\" data-end=\"1388\">\n<p data-start=\"1338\" data-end=\"1388\">Marka: <strong data-start=\"1345\" data-end=\"1386\"><span class=\"hover:entity-accent entity-underline inline cursor-pointer align-baseline\"><span class=\"whitespace-normal\">Gikatron<\/span><\/span><\/strong><\/p>\n<\/li>\n<li data-section-id=\"95k1tg\" data-start=\"1389\" data-end=\"1431\">\n<p data-start=\"1391\" data-end=\"1431\">\u00dcr\u00fcn Tipi: Boyun Ask\u0131l\u0131 Kumanda Kemeri<\/p>\n<\/li>\n<li data-section-id=\"78vfoz\" data-start=\"1432\" data-end=\"1518\">\n<p data-start=\"1434\" data-end=\"1518\">Uyumlu Sistem: <strong data-start=\"1449\" data-end=\"1490\"><span class=\"hover:entity-accent entity-underline inline cursor-pointer align-baseline\"><span class=\"whitespace-normal\">Putzmeister<\/span><\/span><\/strong> beton pompas\u0131 kumandalar\u0131<\/p>\n<\/li>\n<li data-section-id=\"2pcbjt\" data-start=\"1519\" data-end=\"1543\">\n<p data-start=\"1521\" data-end=\"1543\">\u00dcretim: Yerli \u00fcretim<\/p>\n<\/li>\n<li data-section-id=\"1sd5y56\" data-start=\"1544\" data-end=\"1623\">\n<p data-start=\"1546\" data-end=\"1623\">Kullan\u0131m Alan\u0131: Beton pompas\u0131 kumandalar\u0131 ve end\u00fcstriyel kumanda sistemleri<\/p>\n<\/li>\n<li data-section-id=\"2f304m\" data-start=\"1624\" data-end=\"1665\">\n<p data-start=\"1626\" data-end=\"1665\">\u00d6zellik: Ergonomik ve dayan\u0131kl\u0131 tasar\u0131m<\/p>\n<\/li>\n<\/ul>\n<h4 data-start=\"195\" data-end=\"227\">\u2753 S\u0131k\u00e7a Sorulan Sorular (SSS)<\/h4>\n<div class=\"accordian fusion-accordian\" style=\"--awb-border-size:1px;--awb-icon-size:16px;--awb-content-font-size:var(--awb-typography4-font-size);--awb-icon-alignment:left;--awb-hover-color:var(--awb-color2);--awb-border-color:var(--awb-color3);--awb-background-color:var(--awb-color1);--awb-divider-color:var(--awb-color3);--awb-divider-hover-color:var(--awb-color3);--awb-icon-color:var(--awb-color1);--awb-title-color:var(--awb-color8);--awb-content-color:var(--awb-color8);--awb-icon-box-color:var(--awb-color8);--awb-toggle-hover-accent-color:var(--awb-color5);--awb-title-font-family:var(--awb-typography1-font-family);--awb-title-font-weight:var(--awb-typography1-font-weight);--awb-title-font-style:var(--awb-typography1-font-style);--awb-title-font-size:16px;--awb-title-letter-spacing:var(--awb-typography1-letter-spacing);--awb-title-line-height:var(--awb-typography1-line-height);--awb-content-font-family:var(--awb-typography4-font-family);--awb-content-font-weight:var(--awb-typography4-font-weight);--awb-content-font-style:var(--awb-typography4-font-style);\"><div class=\"panel-group fusion-toggle-icon-boxed\" id=\"accordion-3513-1\"><div class=\"fusion-panel panel-default panel-572673bdacbaec177 fusion-toggle-has-divider\" style=\"--awb-title-font-size:19px;--awb-title-color:var(--awb-color8);--awb-content-color:var(--awb-color8);\"><div class=\"panel-heading\"><h4 class=\"panel-title toggle\" id=\"toggle_572673bdacbaec177\"><a aria-expanded=\"false\" aria-controls=\"572673bdacbaec177\" role=\"button\" data-toggle=\"collapse\" data-parent=\"#accordion-3513-1\" data-target=\"#572673bdacbaec177\" href=\"#572673bdacbaec177\"><span class=\"fusion-toggle-icon-wrapper\" aria-hidden=\"true\"><i class=\"fa-fusion-box active-icon awb-icon-minus\" aria-hidden=\"true\"><\/i><i class=\"fa-fusion-box inactive-icon awb-icon-plus\" aria-hidden=\"true\"><\/i><\/span><span class=\"fusion-toggle-heading\">Boyun ask\u0131l\u0131 kumanda kemeri ne i\u015fe yarar?<\/span><\/a><\/h4><\/div><div id=\"572673bdacbaec177\" class=\"panel-collapse collapse \" aria-labelledby=\"toggle_572673bdacbaec177\"><div class=\"panel-body toggle-content fusion-clearfix\"><br \/>\nKumanda kemeri, kumanda cihaz\u0131n\u0131n operat\u00f6r taraf\u0131ndan boyunda ta\u015f\u0131nmas\u0131n\u0131 sa\u011flar ve kullan\u0131m s\u0131ras\u0131nda cihaz\u0131n d\u00fc\u015fmesini \u00f6nlemeye yard\u0131mc\u0131 olur.<br \/>\n<\/div><\/div><\/div><div class=\"fusion-panel panel-default panel-e3441892c33b69ddb fusion-toggle-has-divider\" style=\"--awb-title-font-size:19px;--awb-title-color:var(--awb-color8);--awb-content-color:var(--awb-color8);\"><div class=\"panel-heading\"><h4 class=\"panel-title toggle\" id=\"toggle_e3441892c33b69ddb\"><a aria-expanded=\"false\" aria-controls=\"e3441892c33b69ddb\" role=\"button\" data-toggle=\"collapse\" data-parent=\"#accordion-3513-1\" data-target=\"#e3441892c33b69ddb\" href=\"#e3441892c33b69ddb\"><span class=\"fusion-toggle-icon-wrapper\" aria-hidden=\"true\"><i class=\"fa-fusion-box active-icon awb-icon-minus\" aria-hidden=\"true\"><\/i><i class=\"fa-fusion-box inactive-icon awb-icon-plus\" aria-hidden=\"true\"><\/i><\/span><span class=\"fusion-toggle-heading\">Gikatron kumanda kemeri hangi kumandalarla uyumludur?<\/span><\/a><\/h4><\/div><div id=\"e3441892c33b69ddb\" class=\"panel-collapse collapse \" aria-labelledby=\"toggle_e3441892c33b69ddb\"><div class=\"panel-body toggle-content fusion-clearfix\"><\/p>\n<p>Bu ask\u0131 kemeri \u00f6zellikle Putzmeister beton pompas\u0131 kumandalar\u0131 ile uyumlu olarak kullan\u0131labilir.<\/p>\n<p><\/div><\/div><\/div><div class=\"fusion-panel panel-default panel-6fe319cbdf74a33c8 fusion-toggle-has-divider\" style=\"--awb-title-font-size:19px;--awb-title-color:var(--awb-color8);--awb-content-color:var(--awb-color8);\"><div class=\"panel-heading\"><h4 class=\"panel-title toggle\" id=\"toggle_6fe319cbdf74a33c8\"><a aria-expanded=\"false\" aria-controls=\"6fe319cbdf74a33c8\" role=\"button\" data-toggle=\"collapse\" data-parent=\"#accordion-3513-1\" data-target=\"#6fe319cbdf74a33c8\" href=\"#6fe319cbdf74a33c8\"><span class=\"fusion-toggle-icon-wrapper\" aria-hidden=\"true\"><i class=\"fa-fusion-box active-icon awb-icon-minus\" aria-hidden=\"true\"><\/i><i class=\"fa-fusion-box inactive-icon awb-icon-plus\" aria-hidden=\"true\"><\/i><\/span><span class=\"fusion-toggle-heading\">Boyun ask\u0131l\u0131 kemer neden kullan\u0131lmal\u0131d\u0131r?<\/span><\/a><\/h4><\/div><div id=\"6fe319cbdf74a33c8\" class=\"panel-collapse collapse \" aria-labelledby=\"toggle_6fe319cbdf74a33c8\"><div class=\"panel-body toggle-content fusion-clearfix\"><br \/>\nKumanda cihaz\u0131n\u0131n ergonomik \u015fekilde ta\u015f\u0131nmas\u0131n\u0131 sa\u011flar, operat\u00f6r\u00fcn daha rahat \u00e7al\u0131\u015fmas\u0131na yard\u0131mc\u0131 olur ve kumandan\u0131n zarar g\u00f6rmesini \u00f6nler.<\/div><\/div><\/div><div class=\"fusion-panel panel-default panel-530ec55258de839d2 fusion-toggle-has-divider\" style=\"--awb-title-font-size:19px;--awb-title-color:var(--awb-color8);--awb-content-color:var(--awb-color8);\"><div class=\"panel-heading\"><h4 class=\"panel-title toggle\" id=\"toggle_530ec55258de839d2\"><a aria-expanded=\"false\" aria-controls=\"530ec55258de839d2\" role=\"button\" data-toggle=\"collapse\" data-parent=\"#accordion-3513-1\" data-target=\"#530ec55258de839d2\" href=\"#530ec55258de839d2\"><span class=\"fusion-toggle-icon-wrapper\" aria-hidden=\"true\"><i class=\"fa-fusion-box active-icon awb-icon-minus\" aria-hidden=\"true\"><\/i><i class=\"fa-fusion-box inactive-icon awb-icon-plus\" aria-hidden=\"true\"><\/i><\/span><span class=\"fusion-toggle-heading\">Kemer dayan\u0131kl\u0131 m\u0131?<\/span><\/a><\/h4><\/div><div id=\"530ec55258de839d2\" class=\"panel-collapse collapse \" aria-labelledby=\"toggle_530ec55258de839d2\"><div class=\"panel-body toggle-content fusion-clearfix\">Evet. Yerli \u00fcretim olan bu kemer, end\u00fcstriyel kullan\u0131m i\u00e7in dayan\u0131kl\u0131 malzemelerden \u00fcretilmi\u015ftir.<\/div><\/div><\/div><\/div><\/div>\n<p><script type=\"application\/ld+json\">\n{\n  \"@context\": \"https:\/\/schema.org\",\n  \"@type\": \"FAQPage\",\n  \"mainEntity\": [\n    {\n      \"@type\": \"Question\",\n      \"name\": \"Boyun ask\u0131l\u0131 kumanda kemeri ne i\u015fe yarar?\",\n      \"acceptedAnswer\": {\n        \"@type\": \"Answer\",\n        \"text\": \"Boyun ask\u0131l\u0131 kumanda kemeri, kumanda cihaz\u0131n\u0131n operat\u00f6r taraf\u0131ndan g\u00fcvenli ve ergonomik \u015fekilde ta\u015f\u0131nmas\u0131n\u0131 sa\u011flar.\"\n      }\n    },\n    {\n      \"@type\": \"Question\",\n      \"name\": \"Gikatron kumanda kemeri hangi kumandalarla uyumludur?\",\n      \"acceptedAnswer\": {\n        \"@type\": \"Answer\",\n        \"text\": \"Bu kumanda kemeri \u00f6zellikle Putzmeister beton pompas\u0131 kumandalar\u0131 ile uyumlu olacak \u015fekilde tasarlanm\u0131\u015ft\u0131r.\"\n      }\n    },\n    {\n      \"@type\": \"Question\",\n      \"name\": \"Kumanda ask\u0131 kemeri neden kullan\u0131l\u0131r?\",\n      \"acceptedAnswer\": {\n        \"@type\": \"Answer\",\n        \"text\": \"Kumanda ask\u0131 kemeri operat\u00f6r\u00fcn kumanday\u0131 rahat ta\u015f\u0131mas\u0131n\u0131 sa\u011flar ve cihaz\u0131n d\u00fc\u015fmesini \u00f6nlemeye yard\u0131mc\u0131 olur.\"\n      }\n    }\n  ]\n}\n<\/script><\/p>\n","protected":false},"excerpt":{"rendered":"<p data-start=\"382\" data-end=\"687\"><strong data-start=\"382\" data-end=\"455\"><span class=\"hover:entity-accent entity-underline inline cursor-pointer align-baseline\"><span class=\"whitespace-normal\">Gikatron<\/span><\/span> yerli \u00fcretim boyun ask\u0131l\u0131 kemer<\/strong>, end\u00fcstriyel kumanda cihazlar\u0131n\u0131n g\u00fcvenli ve ergonomik \u015fekilde ta\u015f\u0131nmas\u0131n\u0131 sa\u011flayan dayan\u0131kl\u0131 bir ta\u015f\u0131ma aksesuar\u0131d\u0131r. \u00d6zellikle <strong data-start=\"585\" data-end=\"626\"><span class=\"hover:entity-accent entity-underline inline cursor-pointer align-baseline\"><span class=\"whitespace-normal\">Putzmeister<\/span><\/span><\/strong> beton pompas\u0131 kumandalar\u0131 i\u00e7in uyumlu olarak tasarlanm\u0131\u015ft\u0131r.<\/p>","protected":false},"featured_media":3518,"comment_status":"open","ping_status":"closed","template":"","meta":{"_seopress_robots_primary_cat":"none","_seopress_titles_title":"","_seopress_titles_desc":"","_seopress_robots_index":"","_joinchat":[]},"product_brand":[770],"product_cat":[30,27,44,912,69,57,35],"product_tag":[918,917,919,913,915,425,914,916],"class_list":{"0":"post-3513","1":"product","2":"type-product","3":"status-publish","4":"has-post-thumbnail","6":"product_brand-gikatron","7":"product_cat-beton-kumandalari","8":"product_cat-endustriyel-kumandalar","9":"product_cat-kablosuz-kumandalar","10":"product_cat-kemerler","11":"product_cat-kumanda-aksesuarlari","12":"product_cat-makine-kumandalari","13":"product_cat-vinc-kumandalari","14":"product_tag-beton-pompasi-kumanda-kemeri","15":"product_tag-endustriyel-kumanda-askisi","16":"product_tag-gikatron-kumanda-aski-kemeri","17":"product_tag-gikatron-kumanda-kemeri","18":"product_tag-kumanda-boyun-askisi","19":"product_tag-kumanda-tasima-kemeri","20":"product_tag-putzmeister-kumanda-aski-kemeri","21":"product_tag-putzmeister-kumanda-kemeri","22":"product_shipping_class-krg","24":"first","25":"instock","26":"taxable","27":"shipping-taxable","28":"purchasable","29":"product-type-simple"},"_links":{"self":[{"href":"https:\/\/kumandatech.tr\/en\/wp-json\/wp\/v2\/product\/3513","targetHints":{"allow":["GET"]}}],"collection":[{"href":"https:\/\/kumandatech.tr\/en\/wp-json\/wp\/v2\/product"}],"about":[{"href":"https:\/\/kumandatech.tr\/en\/wp-json\/wp\/v2\/types\/product"}],"replies":[{"embeddable":true,"href":"https:\/\/kumandatech.tr\/en\/wp-json\/wp\/v2\/comments?post=3513"}],"wp:featuredmedia":[{"embeddable":true,"href":"https:\/\/kumandatech.tr\/en\/wp-json\/wp\/v2\/media\/3518"}],"wp:attachment":[{"href":"https:\/\/kumandatech.tr\/en\/wp-json\/wp\/v2\/media?parent=3513"}],"wp:term":[{"taxonomy":"product_brand","embeddable":true,"href":"https:\/\/kumandatech.tr\/en\/wp-json\/wp\/v2\/product_brand?post=3513"},{"taxonomy":"product_cat","embeddable":true,"href":"https:\/\/kumandatech.tr\/en\/wp-json\/wp\/v2\/product_cat?post=3513"},{"taxonomy":"product_tag","embeddable":true,"href":"https:\/\/kumandatech.tr\/en\/wp-json\/wp\/v2\/product_tag?post=3513"}],"curies":[{"name":"wp","href":"https:\/\/api.w.org\/{rel}","templated":true}]}}