{"id":3594,"date":"2026-03-12T12:07:57","date_gmt":"2026-03-12T12:07:57","guid":{"rendered":"https:\/\/kumandatech.tr\/?post_type=product&#038;p=3594"},"modified":"2026-04-02T18:07:15","modified_gmt":"2026-04-02T15:07:15","slug":"binder-99-4226-00-07-7-pinli-disi-soket-endustriyel-konnektor","status":"publish","type":"product","link":"https:\/\/kumandatech.tr\/en\/product\/binder-99-4226-00-07-7-pinli-disi-soket-endustriyel-konnektor\/","title":{"rendered":"Binder 99 4226 00 07 7 Pinli Di\u015fi Soket | End\u00fcstriyel Konnekt\u00f6r"},"content":{"rendered":"<p data-start=\"618\" data-end=\"823\"><strong data-start=\"618\" data-end=\"692\"><span class=\"hover:entity-accent entity-underline inline cursor-pointer align-baseline\"><span class=\"whitespace-normal\">Binder<\/span><\/span> 99 4226 00 07 7 pinli di\u015fi soket<\/strong>, otomasyon sistemleri, sens\u00f6r ba\u011flant\u0131lar\u0131 ve end\u00fcstriyel elektronik uygulamalar i\u00e7in kullan\u0131lan y\u00fcksek kaliteli bir konnekt\u00f6rd\u00fcr.<\/p>\n<p data-start=\"825\" data-end=\"1050\">7 pin ba\u011flant\u0131 yap\u0131s\u0131 sayesinde farkl\u0131 sinyal ve g\u00fc\u00e7 hatlar\u0131n\u0131n g\u00fcvenli \u015fekilde aktar\u0131lmas\u0131na olanak tan\u0131r. Dayan\u0131kl\u0131 g\u00f6vde yap\u0131s\u0131 ve sa\u011flam pin ba\u011flant\u0131lar\u0131 sayesinde zorlu end\u00fcstriyel ortamlarda uzun s\u00fcreli kullan\u0131m sa\u011flar.<\/p>\n<p data-start=\"1052\" data-end=\"1194\">End\u00fcstriyel makineler, sens\u00f6r sistemleri ve otomasyon ekipmanlar\u0131nda yayg\u0131n olarak tercih edilen bu soket, g\u00fcvenilir ve stabil ba\u011flant\u0131 sunar.<\/p>\n<hr data-start=\"1196\" data-end=\"1199\" \/>\n<h4 data-section-id=\"2vy0ub\" data-start=\"1201\" data-end=\"1219\">\u00dcr\u00fcn \u00d6zellikleri<\/h4>\n<ul data-start=\"1221\" data-end=\"1491\">\n<li data-section-id=\"irs8or\" data-start=\"1221\" data-end=\"1273\">\n<p data-start=\"1223\" data-end=\"1273\">Marka: <strong data-start=\"1230\" data-end=\"1271\"><span class=\"hover:entity-accent entity-underline inline cursor-pointer align-baseline\"><span class=\"whitespace-normal\">Binder<\/span><\/span><\/strong><\/p>\n<\/li>\n<li data-section-id=\"1lfd26w\" data-start=\"1274\" data-end=\"1302\">\n<p data-start=\"1276\" data-end=\"1302\">Model: <strong data-start=\"1283\" data-end=\"1300\">99 4226 00 07<\/strong><\/p>\n<\/li>\n<li data-section-id=\"124auxu\" data-start=\"1303\" data-end=\"1340\">\n<p data-start=\"1305\" data-end=\"1340\">\u00dcr\u00fcn Tipi: Di\u015fi soket \/ konnekt\u00f6r<\/p>\n<\/li>\n<li data-section-id=\"mjsfod\" data-start=\"1341\" data-end=\"1366\">\n<p data-start=\"1343\" data-end=\"1366\">Pin Say\u0131s\u0131: <strong data-start=\"1355\" data-end=\"1364\">7 Pin<\/strong><\/p>\n<\/li>\n<li data-section-id=\"1w69qyh\" data-start=\"1367\" data-end=\"1448\">\n<p data-start=\"1369\" data-end=\"1448\">Kullan\u0131m Alan\u0131: End\u00fcstriyel otomasyon, sens\u00f6r ba\u011flant\u0131lar\u0131, makine sistemleri<\/p>\n<\/li>\n<li data-section-id=\"1yxjxin\" data-start=\"1449\" data-end=\"1491\">\n<p data-start=\"1451\" data-end=\"1491\">\u00d6zellik: Sa\u011flam ba\u011flant\u0131, dayan\u0131kl\u0131 yap\u0131<\/p>\n<\/li>\n<\/ul>\n<h4 data-start=\"195\" data-end=\"227\">\u2753 S\u0131k\u00e7a Sorulan Sorular (SSS)<\/h4>\n<p><div class=\"accordian fusion-accordian\" style=\"--awb-border-size:1px;--awb-icon-size:16px;--awb-content-font-size:var(--awb-typography4-font-size);--awb-icon-alignment:left;--awb-hover-color:var(--awb-color2);--awb-border-color:var(--awb-color3);--awb-background-color:var(--awb-color1);--awb-divider-color:var(--awb-color3);--awb-divider-hover-color:var(--awb-color3);--awb-icon-color:var(--awb-color1);--awb-title-color:var(--awb-color8);--awb-content-color:var(--awb-color8);--awb-icon-box-color:var(--awb-color8);--awb-toggle-hover-accent-color:var(--awb-color5);--awb-title-font-family:var(--awb-typography1-font-family);--awb-title-font-weight:var(--awb-typography1-font-weight);--awb-title-font-style:var(--awb-typography1-font-style);--awb-title-font-size:16px;--awb-title-letter-spacing:var(--awb-typography1-letter-spacing);--awb-title-line-height:var(--awb-typography1-line-height);--awb-content-font-family:var(--awb-typography4-font-family);--awb-content-font-weight:var(--awb-typography4-font-weight);--awb-content-font-style:var(--awb-typography4-font-style);\"><div class=\"panel-group fusion-toggle-icon-boxed\" id=\"accordion-3594-1\"><div class=\"fusion-panel panel-default panel-8b1a54630270af4a4 fusion-toggle-has-divider\" style=\"--awb-title-font-size:19px;--awb-title-color:var(--awb-color8);--awb-content-color:var(--awb-color8);\"><div class=\"panel-heading\"><h4 class=\"panel-title toggle\" id=\"toggle_8b1a54630270af4a4\"><a aria-expanded=\"false\" aria-controls=\"8b1a54630270af4a4\" role=\"button\" data-toggle=\"collapse\" data-parent=\"#accordion-3594-1\" data-target=\"#8b1a54630270af4a4\" href=\"#8b1a54630270af4a4\"><span class=\"fusion-toggle-icon-wrapper\" aria-hidden=\"true\"><i class=\"fa-fusion-box active-icon awb-icon-minus\" aria-hidden=\"true\"><\/i><i class=\"fa-fusion-box inactive-icon awb-icon-plus\" aria-hidden=\"true\"><\/i><\/span><span class=\"fusion-toggle-heading\">Binder 99 4226 00 07 soket ne i\u015fe yarar?<\/span><\/a><\/h4><\/div><div id=\"8b1a54630270af4a4\" class=\"panel-collapse collapse \" aria-labelledby=\"toggle_8b1a54630270af4a4\"><div class=\"panel-body toggle-content fusion-clearfix\">Bu soket, end\u00fcstriyel cihazlar ve otomasyon sistemleri aras\u0131nda g\u00fcvenli elektriksel ba\u011flant\u0131 sa\u011flamak i\u00e7in kullan\u0131l\u0131r.<\/div><\/div><\/div><div class=\"fusion-panel panel-default panel-01bcc4b3adc1432fc fusion-toggle-has-divider\" style=\"--awb-title-font-size:19px;--awb-title-color:var(--awb-color8);--awb-content-color:var(--awb-color8);\"><div class=\"panel-heading\"><h4 class=\"panel-title toggle\" id=\"toggle_01bcc4b3adc1432fc\"><a aria-expanded=\"false\" aria-controls=\"01bcc4b3adc1432fc\" role=\"button\" data-toggle=\"collapse\" data-parent=\"#accordion-3594-1\" data-target=\"#01bcc4b3adc1432fc\" href=\"#01bcc4b3adc1432fc\"><span class=\"fusion-toggle-icon-wrapper\" aria-hidden=\"true\"><i class=\"fa-fusion-box active-icon awb-icon-minus\" aria-hidden=\"true\"><\/i><i class=\"fa-fusion-box inactive-icon awb-icon-plus\" aria-hidden=\"true\"><\/i><\/span><span class=\"fusion-toggle-heading\">7 pinli soket nerelerde kullan\u0131l\u0131r?<\/span><\/a><\/h4><\/div><div id=\"01bcc4b3adc1432fc\" class=\"panel-collapse collapse \" aria-labelledby=\"toggle_01bcc4b3adc1432fc\"><div class=\"panel-body toggle-content fusion-clearfix\">Genellikle sens\u00f6r ba\u011flant\u0131lar\u0131, otomasyon sistemleri, makine kontrol devreleri ve end\u00fcstriyel ekipmanlarda kullan\u0131l\u0131r.<br \/>\n<\/div><\/div><\/div><div class=\"fusion-panel panel-default panel-a722a9a762c63e21e fusion-toggle-has-divider\" style=\"--awb-title-font-size:19px;--awb-title-color:var(--awb-color8);--awb-content-color:var(--awb-color8);\"><div class=\"panel-heading\"><h4 class=\"panel-title toggle\" id=\"toggle_a722a9a762c63e21e\"><a aria-expanded=\"false\" aria-controls=\"a722a9a762c63e21e\" role=\"button\" data-toggle=\"collapse\" data-parent=\"#accordion-3594-1\" data-target=\"#a722a9a762c63e21e\" href=\"#a722a9a762c63e21e\"><span class=\"fusion-toggle-icon-wrapper\" aria-hidden=\"true\"><i class=\"fa-fusion-box active-icon awb-icon-minus\" aria-hidden=\"true\"><\/i><i class=\"fa-fusion-box inactive-icon awb-icon-plus\" aria-hidden=\"true\"><\/i><\/span><span class=\"fusion-toggle-heading\">Di\u015fi soket ne demektir?<\/span><\/a><\/h4><\/div><div id=\"a722a9a762c63e21e\" class=\"panel-collapse collapse \" aria-labelledby=\"toggle_a722a9a762c63e21e\"><div class=\"panel-body toggle-content fusion-clearfix\"><br \/>\nDi\u015fi soket, erkek pinli konnekt\u00f6r ile birle\u015ferek elektrik ba\u011flant\u0131s\u0131 sa\u011flayan konnekt\u00f6r tipidir.<\/div><\/div><\/div><div class=\"fusion-panel panel-default panel-f29e111e9dad3ec2b fusion-toggle-has-divider\" style=\"--awb-title-font-size:19px;--awb-title-color:var(--awb-color8);--awb-content-color:var(--awb-color8);\"><div class=\"panel-heading\"><h4 class=\"panel-title toggle\" id=\"toggle_f29e111e9dad3ec2b\"><a aria-expanded=\"false\" aria-controls=\"f29e111e9dad3ec2b\" role=\"button\" data-toggle=\"collapse\" data-parent=\"#accordion-3594-1\" data-target=\"#f29e111e9dad3ec2b\" href=\"#f29e111e9dad3ec2b\"><span class=\"fusion-toggle-icon-wrapper\" aria-hidden=\"true\"><i class=\"fa-fusion-box active-icon awb-icon-minus\" aria-hidden=\"true\"><\/i><i class=\"fa-fusion-box inactive-icon awb-icon-plus\" aria-hidden=\"true\"><\/i><\/span><span class=\"fusion-toggle-heading\">Binder konnekt\u00f6rler neden tercih edilir?<\/span><\/a><\/h4><\/div><div id=\"f29e111e9dad3ec2b\" class=\"panel-collapse collapse \" aria-labelledby=\"toggle_f29e111e9dad3ec2b\"><div class=\"panel-body toggle-content fusion-clearfix\">Binder konnekt\u00f6rler y\u00fcksek kalite, dayan\u0131kl\u0131l\u0131k ve g\u00fcvenilir ba\u011flant\u0131 \u00f6zellikleri nedeniyle end\u00fcstriyel uygulamalarda yayg\u0131n olarak tercih edilir.<\/div><\/div><\/div><\/div><\/div><br \/>\n<script type=\"application\/ld+json\">\n{\n  \"@context\": \"https:\/\/schema.org\",\n  \"@type\": \"FAQPage\",\n  \"mainEntity\": [\n    {\n      \"@type\": \"Question\",\n      \"name\": \"Binder 99 4226 00 07 soket ne i\u015fe yarar?\",\n      \"acceptedAnswer\": {\n        \"@type\": \"Answer\",\n        \"text\": \"Binder 99 4226 00 07 7 pinli di\u015fi soket, end\u00fcstriyel otomasyon sistemlerinde cihazlar aras\u0131nda g\u00fcvenli elektriksel ba\u011flant\u0131 sa\u011flamak i\u00e7in kullan\u0131l\u0131r.\"\n      }\n    },\n    {\n      \"@type\": \"Question\",\n      \"name\": \"7 pinli soket nerelerde kullan\u0131l\u0131r?\",\n      \"acceptedAnswer\": {\n        \"@type\": \"Answer\",\n        \"text\": \"7 pinli soketler sens\u00f6r ba\u011flant\u0131lar\u0131, otomasyon sistemleri ve end\u00fcstriyel makine uygulamalar\u0131nda kullan\u0131lmaktad\u0131r.\"\n      }\n    },\n    {\n      \"@type\": \"Question\",\n      \"name\": \"Di\u015fi soket nedir?\",\n      \"acceptedAnswer\": {\n        \"@type\": \"Answer\",\n        \"text\": \"Di\u015fi soket, erkek pinli konnekt\u00f6r ile birle\u015ferek elektrik ba\u011flant\u0131s\u0131 sa\u011flayan konnekt\u00f6r tipidir.\"\n      }\n    }\n  ]\n}\n<\/script><\/p>\n","protected":false},"excerpt":{"rendered":"<p data-start=\"339\" data-end=\"592\"><strong data-start=\"339\" data-end=\"413\"><span class=\"hover:entity-accent entity-underline inline cursor-pointer align-baseline\"><span class=\"whitespace-normal\">Binder<\/span><\/span> 99 4226 00 07 7 pinli di\u015fi soket<\/strong>, end\u00fcstriyel otomasyon sistemleri ve elektronik ba\u011flant\u0131lar i\u00e7in tasarlanm\u0131\u015f dayan\u0131kl\u0131 bir konnekt\u00f6rd\u00fcr. Sa\u011flam ba\u011flant\u0131 yap\u0131s\u0131 sayesinde g\u00fcvenilir sinyal ve g\u00fc\u00e7 aktar\u0131m\u0131 sa\u011flar.<\/p>","protected":false},"featured_media":3598,"comment_status":"open","ping_status":"closed","template":"","meta":{"_seopress_robots_primary_cat":"none","_seopress_titles_title":"","_seopress_titles_desc":"","_seopress_robots_index":"","_joinchat":[]},"product_brand":[953],"product_cat":[30,27,44,912,69,57,554,35],"product_tag":[950,947,952,946,951,945,948,949],"class_list":{"0":"post-3594","1":"product","2":"type-product","3":"status-publish","4":"has-post-thumbnail","6":"product_brand-binder","7":"product_cat-beton-kumandalari","8":"product_cat-endustriyel-kumandalar","9":"product_cat-kablosuz-kumandalar","10":"product_cat-kemerler","11":"product_cat-kumanda-aksesuarlari","12":"product_cat-makine-kumandalari","13":"product_cat-soketler","14":"product_cat-vinc-kumandalari","15":"product_tag-elektrik-olcum-probu","16":"product_tag-ince-problu-multimetre-probu","17":"product_tag-ince-uclu-test-probu","18":"product_tag-multimetre-probu","19":"product_tag-multimetre-test-kablosu","20":"product_tag-olcu-aleti-probu","21":"product_tag-silikon-kablolu-olcu-probu","22":"product_tag-test-probu","23":"product_shipping_class-krg","25":"first","26":"instock","27":"taxable","28":"shipping-taxable","29":"purchasable","30":"product-type-simple"},"_links":{"self":[{"href":"https:\/\/kumandatech.tr\/en\/wp-json\/wp\/v2\/product\/3594","targetHints":{"allow":["GET"]}}],"collection":[{"href":"https:\/\/kumandatech.tr\/en\/wp-json\/wp\/v2\/product"}],"about":[{"href":"https:\/\/kumandatech.tr\/en\/wp-json\/wp\/v2\/types\/product"}],"replies":[{"embeddable":true,"href":"https:\/\/kumandatech.tr\/en\/wp-json\/wp\/v2\/comments?post=3594"}],"wp:featuredmedia":[{"embeddable":true,"href":"https:\/\/kumandatech.tr\/en\/wp-json\/wp\/v2\/media\/3598"}],"wp:attachment":[{"href":"https:\/\/kumandatech.tr\/en\/wp-json\/wp\/v2\/media?parent=3594"}],"wp:term":[{"taxonomy":"product_brand","embeddable":true,"href":"https:\/\/kumandatech.tr\/en\/wp-json\/wp\/v2\/product_brand?post=3594"},{"taxonomy":"product_cat","embeddable":true,"href":"https:\/\/kumandatech.tr\/en\/wp-json\/wp\/v2\/product_cat?post=3594"},{"taxonomy":"product_tag","embeddable":true,"href":"https:\/\/kumandatech.tr\/en\/wp-json\/wp\/v2\/product_tag?post=3594"}],"curies":[{"name":"wp","href":"https:\/\/api.w.org\/{rel}","templated":true}]}}