{"id":3623,"date":"2026-03-12T12:16:22","date_gmt":"2026-03-12T12:16:22","guid":{"rendered":"https:\/\/kumandatech.tr\/?post_type=product&#038;p=3623"},"modified":"2026-04-02T18:07:15","modified_gmt":"2026-04-02T15:07:15","slug":"binder-99-4225-00-07-7-pinli-erkek-soket-endustriyel-konnektor","status":"publish","type":"product","link":"https:\/\/kumandatech.tr\/en\/product\/binder-99-4225-00-07-7-pinli-erkek-soket-endustriyel-konnektor\/","title":{"rendered":"Binder 99 4225 00 07 7 Pinli Erkek Soket | End\u00fcstriyel Konnekt\u00f6r"},"content":{"rendered":"<p data-start=\"607\" data-end=\"794\"><strong data-start=\"607\" data-end=\"674\"><span class=\"hover:entity-accent entity-underline inline cursor-pointer align-baseline\"><span class=\"whitespace-normal\">Binder<\/span><\/span> 99 4225 00 07 erkek soket<\/strong>, otomasyon sistemleri, sens\u00f6r ba\u011flant\u0131lar\u0131 ve end\u00fcstriyel cihazlarda elektriksel ba\u011flant\u0131 sa\u011flamak i\u00e7in tasarlanm\u0131\u015ft\u0131r.<\/p>\n<p data-start=\"796\" data-end=\"1011\">7 pinli yap\u0131s\u0131, farkl\u0131 sinyal ve g\u00fc\u00e7 hatlar\u0131n\u0131n tek bir konnekt\u00f6r \u00fczerinden g\u00fcvenli \u015fekilde iletilmesini sa\u011flar. Dayan\u0131kl\u0131 g\u00f6vde ve kaliteli pinler, zorlu end\u00fcstriyel \u00e7al\u0131\u015fma ortamlar\u0131nda uzun s\u00fcreli kullan\u0131m sunar.<\/p>\n<p data-start=\"1013\" data-end=\"1180\">Bu soket, \u00f6zellikle <strong data-start=\"1033\" data-end=\"1059\">Binder di\u015fi soketlerle<\/strong> uyumlu \u015fekilde \u00e7al\u0131\u015facak \u015fekilde tasarlanm\u0131\u015ft\u0131r ve end\u00fcstriyel otomasyon sistemlerinde g\u00fcvenilir ba\u011flant\u0131 \u00e7\u00f6z\u00fcm\u00fc sa\u011flar.<\/p>\n<hr data-start=\"1182\" data-end=\"1185\" \/>\n<h4 data-section-id=\"2vy0ub\" data-start=\"1187\" data-end=\"1205\">\u00dcr\u00fcn \u00d6zellikleri<\/h4>\n<ul data-start=\"1207\" data-end=\"1481\">\n<li data-section-id=\"irs8or\" data-start=\"1207\" data-end=\"1259\">\n<p data-start=\"1209\" data-end=\"1259\">Marka: <strong data-start=\"1216\" data-end=\"1257\"><span class=\"hover:entity-accent entity-underline inline cursor-pointer align-baseline\"><span class=\"whitespace-normal\">Binder<\/span><\/span><\/strong><\/p>\n<\/li>\n<li data-section-id=\"1s8weor\" data-start=\"1260\" data-end=\"1288\">\n<p data-start=\"1262\" data-end=\"1288\">Model: <strong data-start=\"1269\" data-end=\"1286\">99 4225 00 07<\/strong><\/p>\n<\/li>\n<li data-section-id=\"12djv6z\" data-start=\"1289\" data-end=\"1327\">\n<p data-start=\"1291\" data-end=\"1327\">\u00dcr\u00fcn Tipi: Erkek soket \/ konnekt\u00f6r<\/p>\n<\/li>\n<li data-section-id=\"mjsfod\" data-start=\"1328\" data-end=\"1353\">\n<p data-start=\"1330\" data-end=\"1353\">Pin Say\u0131s\u0131: <strong data-start=\"1342\" data-end=\"1351\">7 Pin<\/strong><\/p>\n<\/li>\n<li data-section-id=\"1w69qyh\" data-start=\"1354\" data-end=\"1435\">\n<p data-start=\"1356\" data-end=\"1435\">Kullan\u0131m Alan\u0131: End\u00fcstriyel otomasyon, sens\u00f6r ba\u011flant\u0131lar\u0131, makine sistemleri<\/p>\n<\/li>\n<li data-section-id=\"d85omy\" data-start=\"1436\" data-end=\"1481\">\n<p data-start=\"1438\" data-end=\"1481\">\u00d6zellik: Dayan\u0131kl\u0131 yap\u0131, g\u00fcvenilir ba\u011flant\u0131<\/p>\n<\/li>\n<\/ul>\n<h4 data-start=\"195\" data-end=\"227\">\u2753 S\u0131k\u00e7a Sorulan Sorular (SSS)<\/h4>\n<p><div class=\"accordian fusion-accordian\" style=\"--awb-border-size:1px;--awb-icon-size:16px;--awb-content-font-size:var(--awb-typography4-font-size);--awb-icon-alignment:left;--awb-hover-color:var(--awb-color2);--awb-border-color:var(--awb-color3);--awb-background-color:var(--awb-color1);--awb-divider-color:var(--awb-color3);--awb-divider-hover-color:var(--awb-color3);--awb-icon-color:var(--awb-color1);--awb-title-color:var(--awb-color8);--awb-content-color:var(--awb-color8);--awb-icon-box-color:var(--awb-color8);--awb-toggle-hover-accent-color:var(--awb-color5);--awb-title-font-family:var(--awb-typography1-font-family);--awb-title-font-weight:var(--awb-typography1-font-weight);--awb-title-font-style:var(--awb-typography1-font-style);--awb-title-font-size:16px;--awb-title-letter-spacing:var(--awb-typography1-letter-spacing);--awb-title-line-height:var(--awb-typography1-line-height);--awb-content-font-family:var(--awb-typography4-font-family);--awb-content-font-weight:var(--awb-typography4-font-weight);--awb-content-font-style:var(--awb-typography4-font-style);\"><div class=\"panel-group fusion-toggle-icon-boxed\" id=\"accordion-3623-1\"><div class=\"fusion-panel panel-default panel-be67976c2a2c2f999 fusion-toggle-has-divider\" style=\"--awb-title-font-size:19px;--awb-title-color:var(--awb-color8);--awb-content-color:var(--awb-color8);\"><div class=\"panel-heading\"><h4 class=\"panel-title toggle\" id=\"toggle_be67976c2a2c2f999\"><a aria-expanded=\"false\" aria-controls=\"be67976c2a2c2f999\" role=\"button\" data-toggle=\"collapse\" data-parent=\"#accordion-3623-1\" data-target=\"#be67976c2a2c2f999\" href=\"#be67976c2a2c2f999\"><span class=\"fusion-toggle-icon-wrapper\" aria-hidden=\"true\"><i class=\"fa-fusion-box active-icon awb-icon-minus\" aria-hidden=\"true\"><\/i><i class=\"fa-fusion-box inactive-icon awb-icon-plus\" aria-hidden=\"true\"><\/i><\/span><span class=\"fusion-toggle-heading\">Binder 99 4225 00 07 soket ne i\u015fe yarar?<\/span><\/a><\/h4><\/div><div id=\"be67976c2a2c2f999\" class=\"panel-collapse collapse \" aria-labelledby=\"toggle_be67976c2a2c2f999\"><div class=\"panel-body toggle-content fusion-clearfix\">Bu erkek soket, end\u00fcstriyel cihazlar ve otomasyon sistemleri aras\u0131nda g\u00fcvenli elektrik ba\u011flant\u0131s\u0131 sa\u011flamak i\u00e7in kullan\u0131l\u0131r.<\/div><\/div><\/div><div class=\"fusion-panel panel-default panel-534cf2f550f521463 fusion-toggle-has-divider\" style=\"--awb-title-font-size:19px;--awb-title-color:var(--awb-color8);--awb-content-color:var(--awb-color8);\"><div class=\"panel-heading\"><h4 class=\"panel-title toggle\" id=\"toggle_534cf2f550f521463\"><a aria-expanded=\"false\" aria-controls=\"534cf2f550f521463\" role=\"button\" data-toggle=\"collapse\" data-parent=\"#accordion-3623-1\" data-target=\"#534cf2f550f521463\" href=\"#534cf2f550f521463\"><span class=\"fusion-toggle-icon-wrapper\" aria-hidden=\"true\"><i class=\"fa-fusion-box active-icon awb-icon-minus\" aria-hidden=\"true\"><\/i><i class=\"fa-fusion-box inactive-icon awb-icon-plus\" aria-hidden=\"true\"><\/i><\/span><span class=\"fusion-toggle-heading\">7 pinli erkek soket nerelerde kullan\u0131l\u0131r?<\/span><\/a><\/h4><\/div><div id=\"534cf2f550f521463\" class=\"panel-collapse collapse \" aria-labelledby=\"toggle_534cf2f550f521463\"><div class=\"panel-body toggle-content fusion-clearfix\">Genellikle sens\u00f6r ba\u011flant\u0131lar\u0131, otomasyon sistemleri, makine kontrol devreleri ve end\u00fcstriyel ekipmanlarda kullan\u0131l\u0131r.<br \/>\n<\/div><\/div><\/div><div class=\"fusion-panel panel-default panel-526b757868b825b1c fusion-toggle-has-divider\" style=\"--awb-title-font-size:19px;--awb-title-color:var(--awb-color8);--awb-content-color:var(--awb-color8);\"><div class=\"panel-heading\"><h4 class=\"panel-title toggle\" id=\"toggle_526b757868b825b1c\"><a aria-expanded=\"false\" aria-controls=\"526b757868b825b1c\" role=\"button\" data-toggle=\"collapse\" data-parent=\"#accordion-3623-1\" data-target=\"#526b757868b825b1c\" href=\"#526b757868b825b1c\"><span class=\"fusion-toggle-icon-wrapper\" aria-hidden=\"true\"><i class=\"fa-fusion-box active-icon awb-icon-minus\" aria-hidden=\"true\"><\/i><i class=\"fa-fusion-box inactive-icon awb-icon-plus\" aria-hidden=\"true\"><\/i><\/span><span class=\"fusion-toggle-heading\">Erkek soket nedir?<\/span><\/a><\/h4><\/div><div id=\"526b757868b825b1c\" class=\"panel-collapse collapse \" aria-labelledby=\"toggle_526b757868b825b1c\"><div class=\"panel-body toggle-content fusion-clearfix\"><br \/>\nErkek soket, di\u015fi soket ile birle\u015ferek elektrik ba\u011flant\u0131s\u0131 sa\u011flayan pinli konnekt\u00f6r tipidir.<\/div><\/div><\/div><div class=\"fusion-panel panel-default panel-3567493ddd08c749d fusion-toggle-has-divider\" style=\"--awb-title-font-size:19px;--awb-title-color:var(--awb-color8);--awb-content-color:var(--awb-color8);\"><div class=\"panel-heading\"><h4 class=\"panel-title toggle\" id=\"toggle_3567493ddd08c749d\"><a aria-expanded=\"false\" aria-controls=\"3567493ddd08c749d\" role=\"button\" data-toggle=\"collapse\" data-parent=\"#accordion-3623-1\" data-target=\"#3567493ddd08c749d\" href=\"#3567493ddd08c749d\"><span class=\"fusion-toggle-icon-wrapper\" aria-hidden=\"true\"><i class=\"fa-fusion-box active-icon awb-icon-minus\" aria-hidden=\"true\"><\/i><i class=\"fa-fusion-box inactive-icon awb-icon-plus\" aria-hidden=\"true\"><\/i><\/span><span class=\"fusion-toggle-heading\">Binder konnekt\u00f6rler neden tercih edilir?<\/span><\/a><\/h4><\/div><div id=\"3567493ddd08c749d\" class=\"panel-collapse collapse \" aria-labelledby=\"toggle_3567493ddd08c749d\"><div class=\"panel-body toggle-content fusion-clearfix\">Y\u00fcksek kalite, dayan\u0131kl\u0131l\u0131k ve g\u00fcvenilir ba\u011flant\u0131 \u00f6zellikleri nedeniyle end\u00fcstriyel uygulamalarda yayg\u0131n olarak tercih edilir.<\/div><\/div><\/div><\/div><\/div><br \/>\n<script type=\"application\/ld+json\">\n{\n  \"@context\": \"https:\/\/schema.org\",\n  \"@type\": \"FAQPage\",\n  \"mainEntity\": [\n    {\n      \"@type\": \"Question\",\n      \"name\": \"Binder 99 4225 00 07 soket ne i\u015fe yarar?\",\n      \"acceptedAnswer\": {\n        \"@type\": \"Answer\",\n        \"text\": \"Binder 99 4225 00 07 7 pinli erkek soket, end\u00fcstriyel otomasyon sistemlerinde cihazlar aras\u0131nda g\u00fcvenli elektriksel ba\u011flant\u0131 sa\u011flamak i\u00e7in kullan\u0131l\u0131r.\"\n      }\n    },\n    {\n      \"@type\": \"Question\",\n      \"name\": \"7 pinli erkek soket nerelerde kullan\u0131l\u0131r?\",\n      \"acceptedAnswer\": {\n        \"@type\": \"Answer\",\n        \"text\": \"7 pinli erkek soketler sens\u00f6r ba\u011flant\u0131lar\u0131, otomasyon sistemleri ve end\u00fcstriyel makine uygulamalar\u0131nda kullan\u0131lmaktad\u0131r.\"\n      }\n    },\n    {\n      \"@type\": \"Question\",\n      \"name\": \"Erkek soket nedir?\",\n      \"acceptedAnswer\": {\n        \"@type\": \"Answer\",\n        \"text\": \"Erkek soket, di\u015fi soket ile birle\u015ferek elektrik ba\u011flant\u0131s\u0131 sa\u011flayan pinli konnekt\u00f6r tipidir.\"\n      }\n    }\n  ]\n}\n<\/script><\/p>\n","protected":false},"excerpt":{"rendered":"<p data-start=\"343\" data-end=\"581\"><strong data-start=\"343\" data-end=\"418\"><span class=\"hover:entity-accent entity-underline inline cursor-pointer align-baseline\"><span class=\"whitespace-normal\">Binder<\/span><\/span> 99 4225 00 07 7 pinli erkek soket<\/strong>, end\u00fcstriyel otomasyon ve elektronik ba\u011flant\u0131lar i\u00e7in tasarlanm\u0131\u015f sa\u011flam ve g\u00fcvenilir bir konnekt\u00f6rd\u00fcr. Erkek pin yap\u0131s\u0131 sayesinde di\u015fi soketlerle uyumlu \u00e7al\u0131\u015f\u0131r.<\/p>","protected":false},"featured_media":3625,"comment_status":"open","ping_status":"closed","template":"","meta":{"_seopress_robots_primary_cat":"none","_seopress_titles_title":"","_seopress_titles_desc":"","_seopress_robots_index":"","_joinchat":[]},"product_brand":[953],"product_cat":[30,27,44,912,69,57,554,35],"product_tag":[957,955,954,960,956,958,961,959],"class_list":{"0":"post-3623","1":"product","2":"type-product","3":"status-publish","4":"has-post-thumbnail","6":"product_brand-binder","7":"product_cat-beton-kumandalari","8":"product_cat-endustriyel-kumandalar","9":"product_cat-kablosuz-kumandalar","10":"product_cat-kemerler","11":"product_cat-kumanda-aksesuarlari","12":"product_cat-makine-kumandalari","13":"product_cat-soketler","14":"product_cat-vinc-kumandalari","15":"product_tag-7-pinli-erkek-soket","16":"product_tag-binder-7-pin-erkek-soket","17":"product_tag-binder-99-4225-00-07","18":"product_tag-binder-baglanti-soketi","19":"product_tag-binder-erkek-konnektor","20":"product_tag-endustriyel-konnektor","21":"product_tag-otomasyon-konnektoru","22":"product_tag-sensor-soketi","23":"product_shipping_class-krg","25":"first","26":"instock","27":"taxable","28":"shipping-taxable","29":"purchasable","30":"product-type-simple"},"_links":{"self":[{"href":"https:\/\/kumandatech.tr\/en\/wp-json\/wp\/v2\/product\/3623","targetHints":{"allow":["GET"]}}],"collection":[{"href":"https:\/\/kumandatech.tr\/en\/wp-json\/wp\/v2\/product"}],"about":[{"href":"https:\/\/kumandatech.tr\/en\/wp-json\/wp\/v2\/types\/product"}],"replies":[{"embeddable":true,"href":"https:\/\/kumandatech.tr\/en\/wp-json\/wp\/v2\/comments?post=3623"}],"wp:featuredmedia":[{"embeddable":true,"href":"https:\/\/kumandatech.tr\/en\/wp-json\/wp\/v2\/media\/3625"}],"wp:attachment":[{"href":"https:\/\/kumandatech.tr\/en\/wp-json\/wp\/v2\/media?parent=3623"}],"wp:term":[{"taxonomy":"product_brand","embeddable":true,"href":"https:\/\/kumandatech.tr\/en\/wp-json\/wp\/v2\/product_brand?post=3623"},{"taxonomy":"product_cat","embeddable":true,"href":"https:\/\/kumandatech.tr\/en\/wp-json\/wp\/v2\/product_cat?post=3623"},{"taxonomy":"product_tag","embeddable":true,"href":"https:\/\/kumandatech.tr\/en\/wp-json\/wp\/v2\/product_tag?post=3623"}],"curies":[{"name":"wp","href":"https:\/\/api.w.org\/{rel}","templated":true}]}}