{"id":3675,"date":"2026-03-12T12:52:24","date_gmt":"2026-03-12T12:52:24","guid":{"rendered":"https:\/\/kumandatech.tr\/?post_type=product&#038;p=3675"},"modified":"2026-04-02T18:07:15","modified_gmt":"2026-04-02T15:07:15","slug":"gikatron-schwing-ak2-9-6v-akku-uzun-tip-batarya","status":"publish","type":"product","link":"https:\/\/kumandatech.tr\/en\/product\/gikatron-schwing-ak2-9-6v-akku-uzun-tip-batarya\/","title":{"rendered":"Gikatron Schwing AK2 9.6V Akku Uzun Tip Batarya"},"content":{"rendered":"<p data-start=\"610\" data-end=\"779\"><strong data-start=\"610\" data-end=\"685\"><span class=\"hover:entity-accent entity-underline inline cursor-pointer align-baseline\"><span class=\"whitespace-normal\">Gikatron<\/span><\/span> Schwing AK2 9.6V uzun tip batarya<\/strong>, beton pompas\u0131 uzaktan kumanda sistemlerinde g\u00fcvenilir enerji sa\u011flamak amac\u0131yla \u00fcretilmi\u015ftir.<\/p>\n<p data-start=\"781\" data-end=\"976\">9.6V \u00e7al\u0131\u015fma gerilimi sayesinde kumanda vericilerinin stabil \u00e7al\u0131\u015fmas\u0131n\u0131 sa\u011flar ve uzun s\u00fcreli kullan\u0131m sunar. Dayan\u0131kl\u0131 h\u00fccre yap\u0131s\u0131 sayesinde yo\u011fun saha kullan\u0131m\u0131nda y\u00fcksek performans g\u00f6sterir.<\/p>\n<p data-start=\"978\" data-end=\"1178\">Uzun tip tasar\u0131m\u0131, Schwing uyumlu kumanda cihazlar\u0131na kolayca tak\u0131lmas\u0131n\u0131 sa\u011flar ve h\u0131zl\u0131 de\u011fi\u015fim imkan\u0131 sunar. \u0130n\u015faat sahalar\u0131nda kullan\u0131lan beton pompas\u0131 kumandalar\u0131 i\u00e7in ideal bir enerji \u00e7\u00f6z\u00fcm\u00fcd\u00fcr.<\/p>\n<hr data-start=\"1180\" data-end=\"1183\" \/>\n<h4 data-section-id=\"2vy0ub\" data-start=\"1185\" data-end=\"1203\">\u00dcr\u00fcn \u00d6zellikleri<\/h4>\n<ul data-start=\"1205\" data-end=\"1476\">\n<li data-section-id=\"irs8or\" data-start=\"1205\" data-end=\"1257\">\n<p data-start=\"1207\" data-end=\"1257\">Marka: <strong data-start=\"1214\" data-end=\"1255\"><span class=\"hover:entity-accent entity-underline inline cursor-pointer align-baseline\"><span class=\"whitespace-normal\">Gikatron<\/span><\/span><\/strong><\/p>\n<\/li>\n<li data-section-id=\"1ovdy96\" data-start=\"1258\" data-end=\"1284\">\n<p data-start=\"1260\" data-end=\"1284\">Model: <strong data-start=\"1267\" data-end=\"1282\">Schwing AK2<\/strong><\/p>\n<\/li>\n<li data-section-id=\"1wvo1qx\" data-start=\"1285\" data-end=\"1324\">\n<p data-start=\"1287\" data-end=\"1324\">Batarya Tipi: Akku (\u015earjl\u0131 batarya)<\/p>\n<\/li>\n<li data-section-id=\"1e7tro4\" data-start=\"1325\" data-end=\"1346\">\n<p data-start=\"1327\" data-end=\"1346\">Gerilim: <strong data-start=\"1336\" data-end=\"1344\">9.6V<\/strong><\/p>\n<\/li>\n<li data-section-id=\"ms4lx6\" data-start=\"1347\" data-end=\"1376\">\n<p data-start=\"1349\" data-end=\"1376\">Tip: <strong data-start=\"1354\" data-end=\"1374\">Uzun tip batarya<\/strong><\/p>\n<\/li>\n<li data-section-id=\"1ytp7wh\" data-start=\"1377\" data-end=\"1429\">\n<p data-start=\"1379\" data-end=\"1429\">Kullan\u0131m Alan\u0131: Beton pompas\u0131 kumanda sistemleri<\/p>\n<\/li>\n<li data-section-id=\"1l1v7l2\" data-start=\"1430\" data-end=\"1476\">\n<p data-start=\"1432\" data-end=\"1476\">\u00d6zellik: Uzun \u00e7al\u0131\u015fma s\u00fcresi, dayan\u0131kl\u0131 yap\u0131<\/p>\n<\/li>\n<\/ul>\n<h4 data-start=\"195\" data-end=\"227\">\u2753 S\u0131k\u00e7a Sorulan Sorular (SSS)<\/h4>\n<p><div class=\"accordian fusion-accordian\" style=\"--awb-border-size:1px;--awb-icon-size:16px;--awb-content-font-size:var(--awb-typography4-font-size);--awb-icon-alignment:left;--awb-hover-color:var(--awb-color2);--awb-border-color:var(--awb-color3);--awb-background-color:var(--awb-color1);--awb-divider-color:var(--awb-color3);--awb-divider-hover-color:var(--awb-color3);--awb-icon-color:var(--awb-color1);--awb-title-color:var(--awb-color8);--awb-content-color:var(--awb-color8);--awb-icon-box-color:var(--awb-color8);--awb-toggle-hover-accent-color:var(--awb-color5);--awb-title-font-family:var(--awb-typography1-font-family);--awb-title-font-weight:var(--awb-typography1-font-weight);--awb-title-font-style:var(--awb-typography1-font-style);--awb-title-font-size:16px;--awb-title-letter-spacing:var(--awb-typography1-letter-spacing);--awb-title-line-height:var(--awb-typography1-line-height);--awb-content-font-family:var(--awb-typography4-font-family);--awb-content-font-weight:var(--awb-typography4-font-weight);--awb-content-font-style:var(--awb-typography4-font-style);\"><div class=\"panel-group fusion-toggle-icon-boxed\" id=\"accordion-3675-1\"><div class=\"fusion-panel panel-default panel-dac2ddcd180a63510 fusion-toggle-has-divider\" style=\"--awb-title-font-size:19px;--awb-title-color:var(--awb-color8);--awb-content-color:var(--awb-color8);\"><div class=\"panel-heading\"><h4 class=\"panel-title toggle\" id=\"toggle_dac2ddcd180a63510\"><a aria-expanded=\"false\" aria-controls=\"dac2ddcd180a63510\" role=\"button\" data-toggle=\"collapse\" data-parent=\"#accordion-3675-1\" data-target=\"#dac2ddcd180a63510\" href=\"#dac2ddcd180a63510\"><span class=\"fusion-toggle-icon-wrapper\" aria-hidden=\"true\"><i class=\"fa-fusion-box active-icon awb-icon-minus\" aria-hidden=\"true\"><\/i><i class=\"fa-fusion-box inactive-icon awb-icon-plus\" aria-hidden=\"true\"><\/i><\/span><span class=\"fusion-toggle-heading\">Schwing AK2 batarya ne i\u00e7in kullan\u0131l\u0131r?<\/span><\/a><\/h4><\/div><div id=\"dac2ddcd180a63510\" class=\"panel-collapse collapse \" aria-labelledby=\"toggle_dac2ddcd180a63510\"><div class=\"panel-body toggle-content fusion-clearfix\">Bu batarya beton pompas\u0131 kumanda sistemlerinde kullan\u0131lan uzaktan kumanda vericilerine enerji sa\u011flamak i\u00e7in kullan\u0131l\u0131r.<\/div><\/div><\/div><div class=\"fusion-panel panel-default panel-90c51910ec8b4831a fusion-toggle-has-divider\" style=\"--awb-title-font-size:19px;--awb-title-color:var(--awb-color8);--awb-content-color:var(--awb-color8);\"><div class=\"panel-heading\"><h4 class=\"panel-title toggle\" id=\"toggle_90c51910ec8b4831a\"><a aria-expanded=\"false\" aria-controls=\"90c51910ec8b4831a\" role=\"button\" data-toggle=\"collapse\" data-parent=\"#accordion-3675-1\" data-target=\"#90c51910ec8b4831a\" href=\"#90c51910ec8b4831a\"><span class=\"fusion-toggle-icon-wrapper\" aria-hidden=\"true\"><i class=\"fa-fusion-box active-icon awb-icon-minus\" aria-hidden=\"true\"><\/i><i class=\"fa-fusion-box inactive-icon awb-icon-plus\" aria-hidden=\"true\"><\/i><\/span><span class=\"fusion-toggle-heading\">9.6V batarya hangi cihazlarla uyumludur?<\/span><\/a><\/h4><\/div><div id=\"90c51910ec8b4831a\" class=\"panel-collapse collapse \" aria-labelledby=\"toggle_90c51910ec8b4831a\"><div class=\"panel-body toggle-content fusion-clearfix\">Schwing uyumlu kumanda vericileri ve beton pompas\u0131 kumanda sistemlerinde kullan\u0131lmaktad\u0131r.<br \/>\n<\/div><\/div><\/div><div class=\"fusion-panel panel-default panel-ce704d2ea6cecc6cd fusion-toggle-has-divider\" style=\"--awb-title-font-size:19px;--awb-title-color:var(--awb-color8);--awb-content-color:var(--awb-color8);\"><div class=\"panel-heading\"><h4 class=\"panel-title toggle\" id=\"toggle_ce704d2ea6cecc6cd\"><a aria-expanded=\"false\" aria-controls=\"ce704d2ea6cecc6cd\" role=\"button\" data-toggle=\"collapse\" data-parent=\"#accordion-3675-1\" data-target=\"#ce704d2ea6cecc6cd\" href=\"#ce704d2ea6cecc6cd\"><span class=\"fusion-toggle-icon-wrapper\" aria-hidden=\"true\"><i class=\"fa-fusion-box active-icon awb-icon-minus\" aria-hidden=\"true\"><\/i><i class=\"fa-fusion-box inactive-icon awb-icon-plus\" aria-hidden=\"true\"><\/i><\/span><span class=\"fusion-toggle-heading\">Akku batarya ne demektir?<\/span><\/a><\/h4><\/div><div id=\"ce704d2ea6cecc6cd\" class=\"panel-collapse collapse \" aria-labelledby=\"toggle_ce704d2ea6cecc6cd\"><div class=\"panel-body toggle-content fusion-clearfix\"><br \/>\nAkku batarya, tekrar \u015farj edilebilen ve uzun s\u00fcre kullan\u0131labilen batarya t\u00fcr\u00fcd\u00fcr.<\/div><\/div><\/div><div class=\"fusion-panel panel-default panel-e990a0618f7f0a4c1 fusion-toggle-has-divider\" style=\"--awb-title-font-size:19px;--awb-title-color:var(--awb-color8);--awb-content-color:var(--awb-color8);\"><div class=\"panel-heading\"><h4 class=\"panel-title toggle\" id=\"toggle_e990a0618f7f0a4c1\"><a aria-expanded=\"false\" aria-controls=\"e990a0618f7f0a4c1\" role=\"button\" data-toggle=\"collapse\" data-parent=\"#accordion-3675-1\" data-target=\"#e990a0618f7f0a4c1\" href=\"#e990a0618f7f0a4c1\"><span class=\"fusion-toggle-icon-wrapper\" aria-hidden=\"true\"><i class=\"fa-fusion-box active-icon awb-icon-minus\" aria-hidden=\"true\"><\/i><i class=\"fa-fusion-box inactive-icon awb-icon-plus\" aria-hidden=\"true\"><\/i><\/span><span class=\"fusion-toggle-heading\">Uzun tip batarya ne anlama gelir?<\/span><\/a><\/h4><\/div><div id=\"e990a0618f7f0a4c1\" class=\"panel-collapse collapse \" aria-labelledby=\"toggle_e990a0618f7f0a4c1\"><div class=\"panel-body toggle-content fusion-clearfix\"><br \/>\nUzun tip batarya, standart modellere g\u00f6re daha uzun g\u00f6vde yap\u0131s\u0131na sahip olan ve belirli kumanda modelleri ile uyumlu bataryad\u0131r.<\/div><\/div><\/div><\/div><\/div><br \/>\n<script type=\"application\/ld+json\">\n{\n  \"@context\": \"https:\/\/schema.org\",\n  \"@type\": \"FAQPage\",\n  \"mainEntity\": [\n    {\n      \"@type\": \"Question\",\n      \"name\": \"Schwing AK2 batarya ne i\u00e7in kullan\u0131l\u0131r?\",\n      \"acceptedAnswer\": {\n        \"@type\": \"Answer\",\n        \"text\": \"Schwing AK2 9.6V batarya beton pompas\u0131 uzaktan kumanda vericilerinin enerji ihtiyac\u0131n\u0131 kar\u015f\u0131lamak i\u00e7in kullan\u0131l\u0131r.\"\n      }\n    },\n    {\n      \"@type\": \"Question\",\n      \"name\": \"9.6V batarya hangi cihazlarla uyumludur?\",\n      \"acceptedAnswer\": {\n        \"@type\": \"Answer\",\n        \"text\": \"Bu batarya Schwing uyumlu beton pompas\u0131 kumanda vericileri ile kullan\u0131lmaktad\u0131r.\"\n      }\n    },\n    {\n      \"@type\": \"Question\",\n      \"name\": \"Akku batarya nedir?\",\n      \"acceptedAnswer\": {\n        \"@type\": \"Answer\",\n        \"text\": \"Akku batarya tekrar \u015farj edilebilen ve uzun s\u00fcre kullan\u0131labilen batarya t\u00fcr\u00fcd\u00fcr.\"\n      }\n    }\n  ]\n}\n<\/script><\/p>\n","protected":false},"excerpt":{"rendered":"<p data-start=\"326\" data-end=\"584\"><strong data-start=\"326\" data-end=\"397\"><span class=\"hover:entity-accent entity-underline inline cursor-pointer align-baseline\"><span class=\"whitespace-normal\">Gikatron<\/span><\/span> Schwing AK2 9.6V akku batarya<\/strong>, Schwing beton pompas\u0131 kumanda sistemleri ile uyumlu olarak tasarlanm\u0131\u015f uzun tip bir bataryad\u0131r. Y\u00fcksek kapasitesi sayesinde kumanda cihazlar\u0131n\u0131n uzun s\u00fcre kesintisiz \u00e7al\u0131\u015fmas\u0131n\u0131 sa\u011flar.<\/p>","protected":false},"featured_media":3678,"comment_status":"open","ping_status":"closed","template":"","meta":{"_seopress_robots_primary_cat":"none","_seopress_titles_title":"","_seopress_titles_desc":"","_seopress_robots_index":"","_joinchat":[]},"product_brand":[770],"product_cat":[30,27,969,44,912,69,57,35],"product_tag":[981,982,983,985,984,979,980],"class_list":{"0":"post-3675","1":"product","2":"type-product","3":"status-publish","4":"has-post-thumbnail","6":"product_brand-gikatron","7":"product_cat-beton-kumandalari","8":"product_cat-endustriyel-kumandalar","9":"product_cat-enkoderler","10":"product_cat-kablosuz-kumandalar","11":"product_cat-kemerler","12":"product_cat-kumanda-aksesuarlari","13":"product_cat-makine-kumandalari","14":"product_cat-vinc-kumandalari","15":"product_tag-9-6v-akku-batarya","16":"product_tag-beton-pompasi-kumanda-bataryasi","17":"product_tag-gikatron-schwing-batarya","18":"product_tag-kumanda-verici-bataryasi","19":"product_tag-schwing-ak2-aku","20":"product_tag-schwing-ak2-batarya","21":"product_tag-schwing-kumanda-bataryasi","22":"product_shipping_class-krg","24":"first","25":"instock","26":"taxable","27":"shipping-taxable","28":"purchasable","29":"product-type-simple"},"_links":{"self":[{"href":"https:\/\/kumandatech.tr\/en\/wp-json\/wp\/v2\/product\/3675","targetHints":{"allow":["GET"]}}],"collection":[{"href":"https:\/\/kumandatech.tr\/en\/wp-json\/wp\/v2\/product"}],"about":[{"href":"https:\/\/kumandatech.tr\/en\/wp-json\/wp\/v2\/types\/product"}],"replies":[{"embeddable":true,"href":"https:\/\/kumandatech.tr\/en\/wp-json\/wp\/v2\/comments?post=3675"}],"wp:featuredmedia":[{"embeddable":true,"href":"https:\/\/kumandatech.tr\/en\/wp-json\/wp\/v2\/media\/3678"}],"wp:attachment":[{"href":"https:\/\/kumandatech.tr\/en\/wp-json\/wp\/v2\/media?parent=3675"}],"wp:term":[{"taxonomy":"product_brand","embeddable":true,"href":"https:\/\/kumandatech.tr\/en\/wp-json\/wp\/v2\/product_brand?post=3675"},{"taxonomy":"product_cat","embeddable":true,"href":"https:\/\/kumandatech.tr\/en\/wp-json\/wp\/v2\/product_cat?post=3675"},{"taxonomy":"product_tag","embeddable":true,"href":"https:\/\/kumandatech.tr\/en\/wp-json\/wp\/v2\/product_tag?post=3675"}],"curies":[{"name":"wp","href":"https:\/\/api.w.org\/{rel}","templated":true}]}}