{"id":3767,"date":"2026-03-26T16:16:38","date_gmt":"2026-03-26T13:16:38","guid":{"rendered":"https:\/\/kumandatech.tr\/?post_type=product&#038;p=3767"},"modified":"2026-03-27T16:18:31","modified_gmt":"2026-03-27T13:18:31","slug":"gikatron-yerli-autec-mbm07mh-7-2v-1-300ma-batarya-yuksek-performansli-ve-uzun-omurlu","status":"publish","type":"product","link":"https:\/\/kumandatech.tr\/en\/product\/gikatron-yerli-autec-mbm07mh-7-2v-1-300ma-batarya-yuksek-performansli-ve-uzun-omurlu\/","title":{"rendered":"Gikatron Yerli Autec MBM07MH 7.2V-1.300mA Batarya \u2013 Y\u00fcksek Performansl\u0131 ve Uzun \u00d6m\u00fcrl\u00fc"},"content":{"rendered":"<p data-start=\"244\" data-end=\"508\">Gikatron Yerli Autec MBM07MH 7.2V-1.300mA Batarya, Autec marka cihazlar\u0131n\u0131z i\u00e7in \u00f6zel olarak \u00fcretilmi\u015f y\u00fcksek kaliteli bir enerji \u00e7\u00f6z\u00fcm\u00fcd\u00fcr. 7.2V gerilim ve 1.300mAh kapasitesi ile uzun s\u00fcreli kullan\u0131m sa\u011flar ve cihaz\u0131n\u0131z\u0131n performans\u0131n\u0131 maksimum d\u00fczeye \u00e7\u0131kar\u0131r.<\/p>\n<p data-start=\"510\" data-end=\"767\">Yerli \u00fcretim olmas\u0131 sayesinde g\u00fcvenilirlik ve dayan\u0131kl\u0131l\u0131k sunar. Hafif tasar\u0131m\u0131 ile kolay ta\u015f\u0131nabilir ve kolayl\u0131kla cihaz\u0131n\u0131za entegre edilebilir. MBM07MH batarya, \u00f6zellikle uzaktan kumandalar, elektrikli oyuncaklar ve hobi ama\u00e7l\u0131 cihazlar i\u00e7in idealdir.<\/p>\n<p data-start=\"769\" data-end=\"796\"><strong data-start=\"769\" data-end=\"794\">\u00d6ne \u00c7\u0131kan \u00d6zellikler:<\/strong><\/p>\n<ul data-start=\"797\" data-end=\"934\">\n<li data-start=\"797\" data-end=\"814\">Gerilim: 7.2V<\/li>\n<li data-start=\"815\" data-end=\"837\">Kapasite: 1.300mAh<\/li>\n<li data-start=\"838\" data-end=\"869\">Yerli \u00fcretim, y\u00fcksek kalite<\/li>\n<li data-start=\"870\" data-end=\"905\">Uzun \u00f6m\u00fcrl\u00fc ve g\u00fcvenli kullan\u0131m<\/li>\n<li data-start=\"906\" data-end=\"934\">Hafif ve kompakt tasar\u0131m<\/li>\n<\/ul>\n<p data-start=\"936\" data-end=\"1131\">Bu batarya ile cihazlar\u0131n\u0131z\u0131n \u00e7al\u0131\u015fma s\u00fcresini uzatabilir ve y\u00fcksek performans elde edebilirsiniz. Autec MBM07MH batarya, kaliteli ve g\u00fcvenli enerji arayan kullan\u0131c\u0131lar i\u00e7in ideal bir se\u00e7imdir.<\/p>\n<h4 data-start=\"195\" data-end=\"227\">\u2753 S\u0131k\u00e7a Sorulan Sorular (SSS)<\/h4>\n<style type=\"text\/css\">.fusion-faqs-wrapper #accordian-1 .fusion-panel { border-color:var(--awb-color3); }.fusion-faqs-wrapper #accordian-1 .fusion-panel:hover{ border-color: var(--awb-color3); }.fusion-accordian #accordian-1 .panel-title a .fa-fusion-box:before{ font-size: 16px;width: 16px;}.fusion-accordian #accordian-1 .panel-title a .fa-fusion-box{ color: var(--awb-color1);}.fusion-accordian  #accordian-1 .panel-title a{font-size:19px;font-family:var(--awb-typography1-font-family);font-weight:var(--awb-typography1-font-weight);font-style:var(--awb-typography1-font-style);}.fusion-accordian  #accordian-1 .panel-title a:not(:hover){}.fusion-accordian  #accordian-1 .toggle-content{font-family:var(--awb-typography4-font-family);font-weight:var(--awb-typography4-font-weight);font-style:var(--awb-typography4-font-style);}.fusion-accordian #accordian-1 .fa-fusion-box { background-color: var(--awb-color7) !important;border-color: var(--awb-color7) !important;}.fusion-accordian #accordian-1 .panel-title a:hover,.fusion-accordian #accordian-1 .panel-title a.hover { color: var(--awb-color4);}.fusion-faq-shortcode .fusion-accordian #accordian-1 .fusion-toggle-boxed-mode:hover .panel-title a { color: var(--awb-color4);}.fusion-accordian #accordian-1 .panel-title .active .fa-fusion-box,.fusion-accordian #accordian-1 .panel-title a:hover .fa-fusion-box,.fusion-accordian #accordian-1 .panel-title a.hover .fa-fusion-box { background-color: var(--awb-color4)!important;border-color: var(--awb-color4)!important;}<\/style><div class=\"fusion-faq-shortcode\" style=\"\"><div class=\"fusion-faqs-wrapper\"><div class=\"accordian fusion-accordian\"><div class=\"panel-group\" id=\"accordian-1\"><div class=\"fusion-panel panel-default fusion-faq-post fusion-faq-post-3793 gikatron-yerli-autec-mbm07mh-7-2v-1-300ma-batarya-sss\"><span class=\"entry-title rich-snippet-hidden\">Bu bataryay\u0131 yurtd\u0131\u015f\u0131na g\u00f6nderebilir misiniz?<\/span><span class=\"vcard rich-snippet-hidden\"><span class=\"fn\"><a href=\"https:\/\/kumandatech.tr\/en\/author\/admin\/\" title=\"Posts by admin\" rel=\"author\">admin<\/a><\/span><\/span><span class=\"updated rich-snippet-hidden\">2026-03-26T17:35:58+03:00<\/span><div class=\"panel-heading\"><h4 id=\"faq_1-3793\" class=\"panel-title toggle\"><a data-toggle=\"collapse\" class=\"collapsed\" data-parent=\"#accordian-1\" data-target=\"#collapse-1-3793\" href=\"#collapse-1-3793\" aria-expanded=\"false\"><div class=\"fusion-toggle-icon-wrapper\"><div class=\"fusion-toggle-icon-wrapper-main\"><div class=\"fusion-toggle-icon-wrapper-sub\"><i class=\"fa-fusion-box active-icon awb-icon-minus\" aria-hidden=\"true\"><\/i><i class=\"fa-fusion-box inactive-icon awb-icon-plus\" aria-hidden=\"true\"><\/i><\/div><\/div><\/div><div class=\"fusion-toggle-heading\">Bu bataryay\u0131 yurtd\u0131\u015f\u0131na g\u00f6nderebilir misiniz?<\/div><\/a><\/h4><\/div><div id=\"collapse-1-3793\" aria-labelledby=\"faq_1-3793\" class=\"panel-collapse collapse\"><div class=\"panel-body toggle-content post-content\"><p data-start=\"1914\" data-end=\"2133\">Evet, bataryay\u0131 g\u00fcvenli paketleme ile T\u00fcrkiye i\u00e7i ve yurtd\u0131\u015f\u0131 g\u00f6nderim sa\u011flayabiliriz. G\u00f6nderim ko\u015fullar\u0131 i\u00e7in m\u00fc\u015fteri hizmetlerimiz ile ileti\u015fime ge\u00e7ebilirsiniz.<\/p>\n<p data-start=\"1745\" data-end=\"1912\">\n<\/div><\/div><\/div><div class=\"fusion-panel panel-default fusion-faq-post fusion-faq-post-3790 gikatron-yerli-autec-mbm07mh-7-2v-1-300ma-batarya-sss\"><span class=\"entry-title rich-snippet-hidden\">Batarya g\u00fcvenli mi?<\/span><span class=\"vcard rich-snippet-hidden\"><span class=\"fn\"><a href=\"https:\/\/kumandatech.tr\/en\/author\/admin\/\" title=\"Posts by admin\" rel=\"author\">admin<\/a><\/span><\/span><span class=\"updated rich-snippet-hidden\">2026-03-26T17:33:42+03:00<\/span><div class=\"panel-heading\"><h4 id=\"faq_1-3790\" class=\"panel-title toggle\"><a data-toggle=\"collapse\" class=\"collapsed\" data-parent=\"#accordian-1\" data-target=\"#collapse-1-3790\" href=\"#collapse-1-3790\" aria-expanded=\"false\"><div class=\"fusion-toggle-icon-wrapper\"><div class=\"fusion-toggle-icon-wrapper-main\"><div class=\"fusion-toggle-icon-wrapper-sub\"><i class=\"fa-fusion-box active-icon awb-icon-minus\" aria-hidden=\"true\"><\/i><i class=\"fa-fusion-box inactive-icon awb-icon-plus\" aria-hidden=\"true\"><\/i><\/div><\/div><\/div><div class=\"fusion-toggle-heading\">Batarya g\u00fcvenli mi?<\/div><\/a><\/h4><\/div><div id=\"collapse-1-3790\" aria-labelledby=\"faq_1-3790\" class=\"panel-collapse collapse\"><div class=\"panel-body toggle-content post-content\"><p data-start=\"1745\" data-end=\"1912\">Evet, yerli \u00fcretim ve y\u00fcksek kalite standartlar\u0131na uygun olarak \u00fcretilmi\u015ftir. A\u015f\u0131r\u0131 \u0131s\u0131nma ve k\u0131sa devre gibi durumlara kar\u015f\u0131 korumal\u0131d\u0131r.<\/p>\n<p data-start=\"1745\" data-end=\"1912\">\n<\/div><\/div><\/div><div class=\"fusion-panel panel-default fusion-faq-post fusion-faq-post-3788 gikatron-yerli-autec-mbm07mh-7-2v-1-300ma-batarya-sss\"><span class=\"entry-title rich-snippet-hidden\">\u015earj s\u00fcresi ne kadard\u0131r?<\/span><span class=\"vcard rich-snippet-hidden\"><span class=\"fn\"><a href=\"https:\/\/kumandatech.tr\/en\/author\/admin\/\" title=\"Posts by admin\" rel=\"author\">admin<\/a><\/span><\/span><span class=\"updated rich-snippet-hidden\">2026-03-26T17:34:30+03:00<\/span><div class=\"panel-heading\"><h4 id=\"faq_1-3788\" class=\"panel-title toggle\"><a data-toggle=\"collapse\" class=\"collapsed\" data-parent=\"#accordian-1\" data-target=\"#collapse-1-3788\" href=\"#collapse-1-3788\" aria-expanded=\"false\"><div class=\"fusion-toggle-icon-wrapper\"><div class=\"fusion-toggle-icon-wrapper-main\"><div class=\"fusion-toggle-icon-wrapper-sub\"><i class=\"fa-fusion-box active-icon awb-icon-minus\" aria-hidden=\"true\"><\/i><i class=\"fa-fusion-box inactive-icon awb-icon-plus\" aria-hidden=\"true\"><\/i><\/div><\/div><\/div><div class=\"fusion-toggle-heading\">\u015earj s\u00fcresi ne kadard\u0131r?<\/div><\/a><\/h4><\/div><div id=\"collapse-1-3788\" aria-labelledby=\"faq_1-3788\" class=\"panel-collapse collapse\"><div class=\"panel-body toggle-content post-content\"><p data-start=\"1587\" data-end=\"1743\">Bataryay\u0131 tamamen \u015farj etmek genellikle 2-3 saat s\u00fcrer. \u015earj s\u0131ras\u0131nda cihaz\u0131n\u0131z\u0131n \u00fcretici talimatlar\u0131na uyman\u0131z \u00f6nerilir.<\/p>\n<p data-start=\"1745\" data-end=\"1912\">\n<\/div><\/div><\/div><div class=\"fusion-panel panel-default fusion-faq-post fusion-faq-post-3786 gikatron-yerli-autec-mbm07mh-7-2v-1-300ma-batarya-sss\"><span class=\"entry-title rich-snippet-hidden\">Bataryan\u0131n kullan\u0131m \u00f6mr\u00fc ne kadard\u0131r?<\/span><span class=\"vcard rich-snippet-hidden\"><span class=\"fn\"><a href=\"https:\/\/kumandatech.tr\/en\/author\/admin\/\" title=\"Posts by admin\" rel=\"author\">admin<\/a><\/span><\/span><span class=\"updated rich-snippet-hidden\">2026-03-26T17:13:38+03:00<\/span><div class=\"panel-heading\"><h4 id=\"faq_1-3786\" class=\"panel-title toggle\"><a data-toggle=\"collapse\" class=\"collapsed\" data-parent=\"#accordian-1\" data-target=\"#collapse-1-3786\" href=\"#collapse-1-3786\" aria-expanded=\"false\"><div class=\"fusion-toggle-icon-wrapper\"><div class=\"fusion-toggle-icon-wrapper-main\"><div class=\"fusion-toggle-icon-wrapper-sub\"><i class=\"fa-fusion-box active-icon awb-icon-minus\" aria-hidden=\"true\"><\/i><i class=\"fa-fusion-box inactive-icon awb-icon-plus\" aria-hidden=\"true\"><\/i><\/div><\/div><\/div><div class=\"fusion-toggle-heading\">Bataryan\u0131n kullan\u0131m \u00f6mr\u00fc ne kadard\u0131r?<\/div><\/a><\/h4><\/div><div id=\"collapse-1-3786\" aria-labelledby=\"faq_1-3786\" class=\"panel-collapse collapse\"><div class=\"panel-body toggle-content post-content\"><p data-start=\"1417\" data-end=\"1585\">Do\u011fru kullan\u0131m ve \u015farj y\u00f6ntemleri ile MBM07MH batarya uzun \u00f6m\u00fcrl\u00fcd\u00fcr ve y\u0131llarca performans kayb\u0131 olmadan kullan\u0131labilir.<\/p>\n<p data-start=\"1417\" data-end=\"1585\">\n<\/div><\/div><\/div><div class=\"fusion-panel panel-default fusion-faq-post fusion-faq-post-3782 gikatron-yerli-autec-mbm07mh-7-2v-1-300ma-batarya-sss\"><span class=\"entry-title rich-snippet-hidden\">Bu batarya hangi cihazlarla uyumludur?<\/span><span class=\"vcard rich-snippet-hidden\"><span class=\"fn\"><a href=\"https:\/\/kumandatech.tr\/en\/author\/admin\/\" title=\"Posts by admin\" rel=\"author\">admin<\/a><\/span><\/span><span class=\"updated rich-snippet-hidden\">2026-03-26T17:11:11+03:00<\/span><div class=\"panel-heading\"><h4 id=\"faq_1-3782\" class=\"panel-title toggle\"><a data-toggle=\"collapse\" class=\"collapsed\" data-parent=\"#accordian-1\" data-target=\"#collapse-1-3782\" href=\"#collapse-1-3782\" aria-expanded=\"false\"><div class=\"fusion-toggle-icon-wrapper\"><div class=\"fusion-toggle-icon-wrapper-main\"><div class=\"fusion-toggle-icon-wrapper-sub\"><i class=\"fa-fusion-box active-icon awb-icon-minus\" aria-hidden=\"true\"><\/i><i class=\"fa-fusion-box inactive-icon awb-icon-plus\" aria-hidden=\"true\"><\/i><\/div><\/div><\/div><div class=\"fusion-toggle-heading\">Bu batarya hangi cihazlarla uyumludur?<\/div><\/a><\/h4><\/div><div id=\"collapse-1-3782\" aria-labelledby=\"faq_1-3782\" class=\"panel-collapse collapse\"><div class=\"panel-body toggle-content post-content\"><p data-start=\"1170\" data-end=\"1415\">Gikatron Yerli Autec MBM07MH 7.2V-1.300mA Batarya, \u00f6zellikle Autec marka uzaktan kumandalar ve hobi ama\u00e7l\u0131 cihazlar i\u00e7in tasarlanm\u0131\u015ft\u0131r. \u00dcr\u00fcn sayfas\u0131nda uyumlu modeller listesine g\u00f6z atabilirsiniz.<\/p>\n<p data-start=\"1417\" data-end=\"1585\">\n<\/div><\/div><\/div><\/div><\/div><\/div><\/div>","protected":false},"excerpt":{"rendered":"<p data-start=\"176\" data-end=\"390\">Gikatron MBM07MH batarya, Autec cihazlar i\u00e7in 7.2V ve 1.300mAh kapasite ile uzun s\u00fcreli kullan\u0131m sa\u011flar. Yerli \u00fcretim, g\u00fcvenli ve dayan\u0131kl\u0131 enerji \u00e7\u00f6z\u00fcm\u00fc sunar. Uzaktan kumandalar ve hobi cihazlar\u0131 i\u00e7in idealdir.<\/p>","protected":false},"featured_media":3780,"comment_status":"open","ping_status":"closed","template":"","meta":{"_seopress_robots_primary_cat":"none","_seopress_titles_title":"","_seopress_titles_desc":"","_seopress_robots_index":"","_joinchat":[]},"product_brand":[770,669],"product_cat":[30,517,27,44,912,69,57,35],"product_tag":[997,1002,996,998,1003,995,999,1004,1000,1005,1001],"class_list":{"0":"post-3767","1":"product","2":"type-product","3":"status-publish","4":"has-post-thumbnail","6":"product_brand-gikatron","7":"product_brand-murr-elektronik","8":"product_cat-beton-kumandalari","9":"product_cat-dagiticilar","10":"product_cat-endustriyel-kumandalar","11":"product_cat-kablosuz-kumandalar","12":"product_cat-kemerler","13":"product_cat-kumanda-aksesuarlari","14":"product_cat-makine-kumandalari","15":"product_cat-vinc-kumandalari","16":"product_tag-8-li-dagitici","17":"product_tag-deutz-konnektor","18":"product_tag-deutz-soketli-dagitici","19":"product_tag-endustriyel-dagitici-modul","20":"product_tag-endustriyel-soket-dagitici","21":"product_tag-ifm-cr2052","22":"product_tag-ifm-dagitici","23":"product_tag-ifm-modul","24":"product_tag-otomasyon-baglanti-modulu","25":"product_tag-saha-baglanti-modulu","26":"product_tag-sensor-dagitici","27":"product_shipping_class-krg","29":"first","30":"instock","31":"taxable","32":"shipping-taxable","33":"purchasable","34":"product-type-simple"},"_links":{"self":[{"href":"https:\/\/kumandatech.tr\/en\/wp-json\/wp\/v2\/product\/3767","targetHints":{"allow":["GET"]}}],"collection":[{"href":"https:\/\/kumandatech.tr\/en\/wp-json\/wp\/v2\/product"}],"about":[{"href":"https:\/\/kumandatech.tr\/en\/wp-json\/wp\/v2\/types\/product"}],"replies":[{"embeddable":true,"href":"https:\/\/kumandatech.tr\/en\/wp-json\/wp\/v2\/comments?post=3767"}],"wp:featuredmedia":[{"embeddable":true,"href":"https:\/\/kumandatech.tr\/en\/wp-json\/wp\/v2\/media\/3780"}],"wp:attachment":[{"href":"https:\/\/kumandatech.tr\/en\/wp-json\/wp\/v2\/media?parent=3767"}],"wp:term":[{"taxonomy":"product_brand","embeddable":true,"href":"https:\/\/kumandatech.tr\/en\/wp-json\/wp\/v2\/product_brand?post=3767"},{"taxonomy":"product_cat","embeddable":true,"href":"https:\/\/kumandatech.tr\/en\/wp-json\/wp\/v2\/product_cat?post=3767"},{"taxonomy":"product_tag","embeddable":true,"href":"https:\/\/kumandatech.tr\/en\/wp-json\/wp\/v2\/product_tag?post=3767"}],"curies":[{"name":"wp","href":"https:\/\/api.w.org\/{rel}","templated":true}]}}