{"id":3837,"date":"2026-03-26T18:19:26","date_gmt":"2026-03-26T15:19:26","guid":{"rendered":"https:\/\/kumandatech.tr\/?post_type=product&#038;p=3837"},"modified":"2026-03-28T15:15:10","modified_gmt":"2026-03-28T12:15:10","slug":"pizzato-fd538-l56-r24-metal-govdeli-snap-action-1no1nc-metal-makarali-limit-switch","status":"publish","type":"product","link":"https:\/\/kumandatech.tr\/en\/product\/pizzato-fd538-l56-r24-metal-govdeli-snap-action-1no1nc-metal-makarali-limit-switch\/","title":{"rendered":"Pizzato FD538-L56 R24 \u2013 Metal G\u00f6vdeli (Snap Action) 1NO+1NC Metal Makaral\u0131 Limit Switch"},"content":{"rendered":"<p data-start=\"242\" data-end=\"442\">Pizzato FD538-L56 R24, end\u00fcstriyel uygulamalar i\u00e7in tasarlanm\u0131\u015f y\u00fcksek kaliteli metal g\u00f6vdeli limit switch\u2019tir. Snap Action (ani hareket) kontak yap\u0131s\u0131 sayesinde h\u0131zl\u0131 ve g\u00fcvenli anahtarlama sa\u011flar.<\/p>\n<p data-start=\"444\" data-end=\"616\">1NO+1NC kontak \u00f6zelli\u011fi ve metal makaral\u0131 pozisyon detekt\u00f6r\u00fc ile hassas kontrol sa\u011flar. Otomasyon, makine panelleri ve end\u00fcstriyel ekipmanlarda g\u00fcvenilir bir \u00e7\u00f6z\u00fcm sunar.<\/p>\n<p data-start=\"618\" data-end=\"645\"><strong data-start=\"618\" data-end=\"643\">\u00d6ne \u00c7\u0131kan \u00d6zellikler:<\/strong><\/p>\n<ul data-start=\"646\" data-end=\"838\">\n<li data-start=\"646\" data-end=\"683\">Metal g\u00f6vde ile dayan\u0131kl\u0131 tasar\u0131m<\/li>\n<li data-start=\"684\" data-end=\"720\">Snap Action (ani hareket) kontak<\/li>\n<li data-start=\"721\" data-end=\"746\">1NO+1NC kontak yap\u0131s\u0131<\/li>\n<li data-start=\"747\" data-end=\"782\">Metal makaral\u0131 pozisyon sens\u00f6r\u00fc<\/li>\n<li data-start=\"783\" data-end=\"838\">End\u00fcstriyel otomasyon ve makine kontrol\u00fc i\u00e7in ideal<\/li>\n<\/ul>\n<h4 data-start=\"195\" data-end=\"227\">\u2753 S\u0131k\u00e7a Sorulan Sorular (SSS)<\/h4>\n<style type=\"text\/css\">.fusion-faqs-wrapper #accordian-1 .fusion-panel { border-color:var(--awb-color3); }.fusion-faqs-wrapper #accordian-1 .fusion-panel:hover{ border-color: var(--awb-color3); }.fusion-accordian #accordian-1 .panel-title a .fa-fusion-box:before{ font-size: 16px;width: 16px;}.fusion-accordian #accordian-1 .panel-title a .fa-fusion-box{ color: var(--awb-color1);}.fusion-accordian  #accordian-1 .panel-title a{font-size:19px;font-family:var(--awb-typography1-font-family);font-weight:var(--awb-typography1-font-weight);font-style:var(--awb-typography1-font-style);}.fusion-accordian  #accordian-1 .panel-title a:not(:hover){}.fusion-accordian  #accordian-1 .toggle-content{font-family:var(--awb-typography4-font-family);font-weight:var(--awb-typography4-font-weight);font-style:var(--awb-typography4-font-style);}.fusion-accordian #accordian-1 .fa-fusion-box { background-color: var(--awb-color7) !important;border-color: var(--awb-color7) !important;}.fusion-accordian #accordian-1 .panel-title a:hover,.fusion-accordian #accordian-1 .panel-title a.hover { color: var(--awb-color4);}.fusion-faq-shortcode .fusion-accordian #accordian-1 .fusion-toggle-boxed-mode:hover .panel-title a { color: var(--awb-color4);}.fusion-accordian #accordian-1 .panel-title .active .fa-fusion-box,.fusion-accordian #accordian-1 .panel-title a:hover .fa-fusion-box,.fusion-accordian #accordian-1 .panel-title a.hover .fa-fusion-box { background-color: var(--awb-color4)!important;border-color: var(--awb-color4)!important;}<\/style><div class=\"fusion-faq-shortcode\" style=\"\"><div class=\"fusion-faqs-wrapper\"><div class=\"accordian fusion-accordian\"><div class=\"panel-group\" id=\"accordian-1\"><div class=\"fusion-panel panel-default fusion-faq-post fusion-faq-post-3881 pizzato-fd538-l56-r24-metal-govdeli-sss\"><span class=\"entry-title rich-snippet-hidden\">Hangi devrelerde kullan\u0131l\u0131r?<\/span><span class=\"vcard rich-snippet-hidden\"><span class=\"fn\"><a href=\"https:\/\/kumandatech.tr\/en\/author\/admin\/\" title=\"Posts by admin\" rel=\"author\">admin<\/a><\/span><\/span><span class=\"updated rich-snippet-hidden\">2026-03-26T18:50:42+03:00<\/span><div class=\"panel-heading\"><h4 id=\"faq_1-3881\" class=\"panel-title toggle\"><a data-toggle=\"collapse\" class=\"collapsed\" data-parent=\"#accordian-1\" data-target=\"#collapse-1-3881\" href=\"#collapse-1-3881\" aria-expanded=\"false\"><div class=\"fusion-toggle-icon-wrapper\"><div class=\"fusion-toggle-icon-wrapper-main\"><div class=\"fusion-toggle-icon-wrapper-sub\"><i class=\"fa-fusion-box active-icon awb-icon-minus\" aria-hidden=\"true\"><\/i><i class=\"fa-fusion-box inactive-icon awb-icon-plus\" aria-hidden=\"true\"><\/i><\/div><\/div><\/div><div class=\"fusion-toggle-heading\">Hangi devrelerde kullan\u0131l\u0131r?<\/div><\/a><\/h4><\/div><div id=\"collapse-1-3881\" aria-labelledby=\"faq_1-3881\" class=\"panel-collapse collapse\"><div class=\"panel-body toggle-content post-content\"><p data-start=\"655\" data-end=\"777\">D\u00fc\u015f\u00fck ve orta gerilim devrelerinde, end\u00fcstriyel ve evsel uygulamalarda kullan\u0131l\u0131r.<\/p>\n<p data-start=\"779\" data-end=\"890\">\n<\/div><\/div><\/div><div class=\"fusion-panel panel-default fusion-faq-post fusion-faq-post-3847 pizzato-fd538-l56-r24-metal-govdeli-sss\"><span class=\"entry-title rich-snippet-hidden\">Metal makaral\u0131 avantaj\u0131 nedir?<\/span><span class=\"vcard rich-snippet-hidden\"><span class=\"fn\"><a href=\"https:\/\/kumandatech.tr\/en\/author\/admin\/\" title=\"Posts by admin\" rel=\"author\">admin<\/a><\/span><\/span><span class=\"updated rich-snippet-hidden\">2026-03-26T18:38:51+03:00<\/span><div class=\"panel-heading\"><h4 id=\"faq_1-3847\" class=\"panel-title toggle\"><a data-toggle=\"collapse\" class=\"collapsed\" data-parent=\"#accordian-1\" data-target=\"#collapse-1-3847\" href=\"#collapse-1-3847\" aria-expanded=\"false\"><div class=\"fusion-toggle-icon-wrapper\"><div class=\"fusion-toggle-icon-wrapper-main\"><div class=\"fusion-toggle-icon-wrapper-sub\"><i class=\"fa-fusion-box active-icon awb-icon-minus\" aria-hidden=\"true\"><\/i><i class=\"fa-fusion-box inactive-icon awb-icon-plus\" aria-hidden=\"true\"><\/i><\/div><\/div><\/div><div class=\"fusion-toggle-heading\">Metal makaral\u0131 avantaj\u0131 nedir?<\/div><\/a><\/h4><\/div><div id=\"collapse-1-3847\" aria-labelledby=\"faq_1-3847\" class=\"panel-collapse collapse\"><div class=\"panel-body toggle-content post-content\"><p data-start=\"1287\" data-end=\"1412\">Mekanik hareketin do\u011fru \u015fekilde alg\u0131lanmas\u0131n\u0131 sa\u011flar ve uzun \u00f6m\u00fcrl\u00fc kullan\u0131m sunar.<\/p>\n<\/div><\/div><\/div><div class=\"fusion-panel panel-default fusion-faq-post fusion-faq-post-3845 pizzato-fd538-l56-r24-metal-govdeli-sss\"><span class=\"entry-title rich-snippet-hidden\">Snap Action ne demek?<\/span><span class=\"vcard rich-snippet-hidden\"><span class=\"fn\"><a href=\"https:\/\/kumandatech.tr\/en\/author\/admin\/\" title=\"Posts by admin\" rel=\"author\">admin<\/a><\/span><\/span><span class=\"updated rich-snippet-hidden\">2026-03-26T18:38:17+03:00<\/span><div class=\"panel-heading\"><h4 id=\"faq_1-3845\" class=\"panel-title toggle\"><a data-toggle=\"collapse\" class=\"collapsed\" data-parent=\"#accordian-1\" data-target=\"#collapse-1-3845\" href=\"#collapse-1-3845\" aria-expanded=\"false\"><div class=\"fusion-toggle-icon-wrapper\"><div class=\"fusion-toggle-icon-wrapper-main\"><div class=\"fusion-toggle-icon-wrapper-sub\"><i class=\"fa-fusion-box active-icon awb-icon-minus\" aria-hidden=\"true\"><\/i><i class=\"fa-fusion-box inactive-icon awb-icon-plus\" aria-hidden=\"true\"><\/i><\/div><\/div><\/div><div class=\"fusion-toggle-heading\">Snap Action ne demek?<\/div><\/a><\/h4><\/div><div id=\"collapse-1-3845\" aria-labelledby=\"faq_1-3845\" class=\"panel-collapse collapse\"><div class=\"panel-body toggle-content post-content\"><p data-start=\"1039\" data-end=\"1160\">Kontaklar\u0131n h\u0131zl\u0131 ve ani \u015fekilde a\u00e7\u0131l\u0131p kapanmas\u0131, g\u00fcvenli ve hassas anahtarlama sa\u011flar.<\/p>\n<p data-start=\"1162\" data-end=\"1285\">\n<\/div><\/div><\/div><div class=\"fusion-panel panel-default fusion-faq-post fusion-faq-post-3842 pizzato-fd538-l56-r24-metal-govdeli-sss\"><span class=\"entry-title rich-snippet-hidden\">1NO+1NC ne demek?<\/span><span class=\"vcard rich-snippet-hidden\"><span class=\"fn\"><a href=\"https:\/\/kumandatech.tr\/en\/author\/admin\/\" title=\"Posts by admin\" rel=\"author\">admin<\/a><\/span><\/span><span class=\"updated rich-snippet-hidden\">2026-03-26T18:37:36+03:00<\/span><div class=\"panel-heading\"><h4 id=\"faq_1-3842\" class=\"panel-title toggle\"><a data-toggle=\"collapse\" class=\"collapsed\" data-parent=\"#accordian-1\" data-target=\"#collapse-1-3842\" href=\"#collapse-1-3842\" aria-expanded=\"false\"><div class=\"fusion-toggle-icon-wrapper\"><div class=\"fusion-toggle-icon-wrapper-main\"><div class=\"fusion-toggle-icon-wrapper-sub\"><i class=\"fa-fusion-box active-icon awb-icon-minus\" aria-hidden=\"true\"><\/i><i class=\"fa-fusion-box inactive-icon awb-icon-plus\" aria-hidden=\"true\"><\/i><\/div><\/div><\/div><div class=\"fusion-toggle-heading\">1NO+1NC ne demek?<\/div><\/a><\/h4><\/div><div id=\"collapse-1-3842\" aria-labelledby=\"faq_1-3842\" class=\"panel-collapse collapse\"><div class=\"panel-body toggle-content post-content\"><p data-start=\"1162\" data-end=\"1285\">Switch hem Normally Open (NO) hem de Normally Closed (NC) kontak sunar, esnek kullan\u0131m sa\u011flar.<\/p>\n<\/div><\/div><\/div><div class=\"fusion-panel panel-default fusion-faq-post fusion-faq-post-3838 pizzato-fd538-l56-r24-metal-govdeli-sss\"><span class=\"entry-title rich-snippet-hidden\">Bu switch hangi uygulamalarda kullan\u0131l\u0131r?<\/span><span class=\"vcard rich-snippet-hidden\"><span class=\"fn\"><a href=\"https:\/\/kumandatech.tr\/en\/author\/admin\/\" title=\"Posts by admin\" rel=\"author\">admin<\/a><\/span><\/span><span class=\"updated rich-snippet-hidden\">2026-03-26T18:34:56+03:00<\/span><div class=\"panel-heading\"><h4 id=\"faq_1-3838\" class=\"panel-title toggle\"><a data-toggle=\"collapse\" class=\"collapsed\" data-parent=\"#accordian-1\" data-target=\"#collapse-1-3838\" href=\"#collapse-1-3838\" aria-expanded=\"false\"><div class=\"fusion-toggle-icon-wrapper\"><div class=\"fusion-toggle-icon-wrapper-main\"><div class=\"fusion-toggle-icon-wrapper-sub\"><i class=\"fa-fusion-box active-icon awb-icon-minus\" aria-hidden=\"true\"><\/i><i class=\"fa-fusion-box inactive-icon awb-icon-plus\" aria-hidden=\"true\"><\/i><\/div><\/div><\/div><div class=\"fusion-toggle-heading\">Bu switch hangi uygulamalarda kullan\u0131l\u0131r?<\/div><\/a><\/h4><\/div><div id=\"collapse-1-3838\" aria-labelledby=\"faq_1-3838\" class=\"panel-collapse collapse\"><div class=\"panel-body toggle-content post-content\"><p data-start=\"877\" data-end=\"1037\">Otomasyon sistemleri, makine kontrol panelleri ve end\u00fcstriyel ekipmanlarda pozisyon alg\u0131lama i\u00e7in uygundur.<\/p>\n<p data-start=\"1039\" data-end=\"1160\">\n<\/div><\/div><\/div><\/div><\/div><\/div><\/div>","protected":false},"excerpt":{"rendered":"<p data-start=\"176\" data-end=\"390\">Pizzato FD538-L56 R24, metal g\u00f6vdeli snap action limit switch\u2019tir. 1NO+1NC kontak ve metal makaral\u0131 pozisyon sens\u00f6r\u00fc ile hassas ve g\u00fcvenli kontrol sa\u011flar. End\u00fcstriyel otomasyon ve makine panelleri i\u00e7in idealdir.<\/p>","protected":false},"featured_media":3849,"comment_status":"open","ping_status":"closed","template":"","meta":{"_seopress_robots_primary_cat":"none","_seopress_titles_title":"","_seopress_titles_desc":"","_seopress_robots_index":"","_joinchat":[]},"product_brand":[770,669],"product_cat":[30,27,44,912,69,57,452,35],"product_tag":[1023,1018,474,116,1025,471,1011,470,169,1020,1026,1024,1021,1022,1017],"class_list":{"0":"post-3837","1":"product","2":"type-product","3":"status-publish","4":"has-post-thumbnail","6":"product_brand-gikatron","7":"product_brand-murr-elektronik","8":"product_cat-beton-kumandalari","9":"product_cat-endustriyel-kumandalar","10":"product_cat-kablosuz-kumandalar","11":"product_cat-kemerler","12":"product_cat-kumanda-aksesuarlari","13":"product_cat-makine-kumandalari","14":"product_cat-switchler","15":"product_cat-vinc-kumandalari","16":"product_tag-1no1nc-switch","17":"product_tag-dayanikli-metal-switch","18":"product_tag-endustriyel-otomasyon","19":"product_tag-endustriyel-switch","20":"product_tag-hassas-limit-switch","21":"product_tag-makine-kontrol-switch","22":"product_tag-metal-govdeli-switch","23":"product_tag-metal-makarali-limit-switch","24":"product_tag-otomasyon-switch","25":"product_tag-pizzato-fd538-l56","26":"product_tag-pizzato-limit-switch","27":"product_tag-pozisyon-switch","28":"product_tag-r24-switch","29":"product_tag-snap-action-switch","30":"product_tag-uzun-omurlu-switch","31":"product_shipping_class-krg","33":"first","34":"instock","35":"taxable","36":"shipping-taxable","37":"purchasable","38":"product-type-simple"},"_links":{"self":[{"href":"https:\/\/kumandatech.tr\/en\/wp-json\/wp\/v2\/product\/3837","targetHints":{"allow":["GET"]}}],"collection":[{"href":"https:\/\/kumandatech.tr\/en\/wp-json\/wp\/v2\/product"}],"about":[{"href":"https:\/\/kumandatech.tr\/en\/wp-json\/wp\/v2\/types\/product"}],"replies":[{"embeddable":true,"href":"https:\/\/kumandatech.tr\/en\/wp-json\/wp\/v2\/comments?post=3837"}],"wp:featuredmedia":[{"embeddable":true,"href":"https:\/\/kumandatech.tr\/en\/wp-json\/wp\/v2\/media\/3849"}],"wp:attachment":[{"href":"https:\/\/kumandatech.tr\/en\/wp-json\/wp\/v2\/media?parent=3837"}],"wp:term":[{"taxonomy":"product_brand","embeddable":true,"href":"https:\/\/kumandatech.tr\/en\/wp-json\/wp\/v2\/product_brand?post=3837"},{"taxonomy":"product_cat","embeddable":true,"href":"https:\/\/kumandatech.tr\/en\/wp-json\/wp\/v2\/product_cat?post=3837"},{"taxonomy":"product_tag","embeddable":true,"href":"https:\/\/kumandatech.tr\/en\/wp-json\/wp\/v2\/product_tag?post=3837"}],"curies":[{"name":"wp","href":"https:\/\/api.w.org\/{rel}","templated":true}]}}