{"id":4057,"date":"2026-03-28T14:19:32","date_gmt":"2026-03-28T11:19:32","guid":{"rendered":"https:\/\/kumandatech.tr\/urun\/scanreco-schwing-pn51612-canbus-analog-joystik\/"},"modified":"2026-04-02T11:23:27","modified_gmt":"2026-04-02T08:23:27","slug":"scanreco-schwing-pn51612-canbus-analog-joystik","status":"publish","type":"product","link":"https:\/\/kumandatech.tr\/en\/product\/scanreco-schwing-pn51612-canbus-analog-joystik\/","title":{"rendered":"Scanreco Schwing PN51612 Canbus Analog Joystik"},"content":{"rendered":"","protected":false},"excerpt":{"rendered":"<p>Scanreco Schwing PN51612 Canbus Analog Joystik y\u00fcksek kaliteli, dayan\u0131kl\u0131 ve end\u00fcstriyel kullan\u0131ma uygun bir \u00fcr\u00fcnd\u00fcr.<\/p>","protected":false},"featured_media":4394,"comment_status":"open","ping_status":"closed","template":"","meta":{"_seopress_robots_primary_cat":"none","_seopress_titles_title":"","_seopress_titles_desc":"","_seopress_robots_index":"","_joinchat":[]},"product_brand":[],"product_cat":[1206],"product_tag":[1207],"class_list":{"0":"post-4057","1":"product","2":"type-product","3":"status-publish","4":"has-post-thumbnail","6":"product_cat-joystik-yedek-parca","7":"product_tag-scanreco","9":"first","10":"instock","11":"taxable","12":"shipping-taxable","13":"purchasable","14":"product-type-simple"},"_links":{"self":[{"href":"https:\/\/kumandatech.tr\/en\/wp-json\/wp\/v2\/product\/4057","targetHints":{"allow":["GET"]}}],"collection":[{"href":"https:\/\/kumandatech.tr\/en\/wp-json\/wp\/v2\/product"}],"about":[{"href":"https:\/\/kumandatech.tr\/en\/wp-json\/wp\/v2\/types\/product"}],"replies":[{"embeddable":true,"href":"https:\/\/kumandatech.tr\/en\/wp-json\/wp\/v2\/comments?post=4057"}],"wp:featuredmedia":[{"embeddable":true,"href":"https:\/\/kumandatech.tr\/en\/wp-json\/wp\/v2\/media\/4394"}],"wp:attachment":[{"href":"https:\/\/kumandatech.tr\/en\/wp-json\/wp\/v2\/media?parent=4057"}],"wp:term":[{"taxonomy":"product_brand","embeddable":true,"href":"https:\/\/kumandatech.tr\/en\/wp-json\/wp\/v2\/product_brand?post=4057"},{"taxonomy":"product_cat","embeddable":true,"href":"https:\/\/kumandatech.tr\/en\/wp-json\/wp\/v2\/product_cat?post=4057"},{"taxonomy":"product_tag","embeddable":true,"href":"https:\/\/kumandatech.tr\/en\/wp-json\/wp\/v2\/product_tag?post=4057"}],"curies":[{"name":"wp","href":"https:\/\/api.w.org\/{rel}","templated":true}]}}