{"id":4070,"date":"2026-03-28T14:19:33","date_gmt":"2026-03-28T11:19:33","guid":{"rendered":"https:\/\/kumandatech.tr\/urun\/hbc-radiomatic-putzmeister-ergonic-eu1-tc645034-rf-modul\/"},"modified":"2026-04-02T11:45:24","modified_gmt":"2026-04-02T08:45:24","slug":"hbc-radiomatic-putzmeister-ergonic-eu1-tc645034-rf-modul","status":"publish","type":"product","link":"https:\/\/kumandatech.tr\/en\/product\/hbc-radiomatic-putzmeister-ergonic-eu1-tc645034-rf-modul\/","title":{"rendered":"Hbc Radiomatic Putzmeister Ergonic EU1 TC645034 RF Mod\u00fcl"},"content":{"rendered":"<h2>\u00dcr\u00fcn A\u00e7\u0131klamas\u0131<\/h2>\n<p>Hbc Radiomatic Putzmeister Ergonic EU1 TC645034 RF Mod\u00fcl, vin\u00e7 kumanda ve end\u00fcstriyel otomasyon sistemlerinde g\u00fcvenilir performans sunar. Zorlu \u00e7al\u0131\u015fma ko\u015fullar\u0131na uygun olarak \u00fcretilmi\u015ftir.<\/p>\n<h3>Teknik \u00d6zellikler<\/h3>\n<ul>\n<li>Y\u00fcksek dayan\u0131kl\u0131l\u0131k<\/li>\n<li>End\u00fcstriyel standartlara uygun<\/li>\n<li>Kolay montaj<\/li>\n<li>Uzun \u00f6m\u00fcrl\u00fc kullan\u0131m<\/li>\n<\/ul>\n<h3>Avantajlar\u0131<\/h3>\n<ul>\n<li>Stabil ve g\u00fcvenli \u00e7al\u0131\u015fma<\/li>\n<li>Uyumlu sistem deste\u011fi<\/li>\n<li>D\u00fc\u015f\u00fck ar\u0131za oran\u0131<\/li>\n<li>H\u0131zl\u0131 entegrasyon<\/li>\n<\/ul>","protected":false},"excerpt":{"rendered":"<p>Hbc Radiomatic Putzmeister Ergonic EU1 TC645034 RF Mod\u00fcl y\u00fcksek kaliteli, dayan\u0131kl\u0131 ve end\u00fcstriyel kullan\u0131ma uygun bir \u00fcr\u00fcnd\u00fcr.<\/p>","protected":false},"featured_media":4497,"comment_status":"open","ping_status":"closed","template":"","meta":{"_seopress_robots_primary_cat":"none","_seopress_titles_title":"","_seopress_titles_desc":"","_seopress_robots_index":"","_joinchat":[]},"product_brand":[],"product_cat":[15],"product_tag":[1194],"class_list":{"0":"post-4070","1":"product","2":"type-product","3":"status-publish","4":"has-post-thumbnail","6":"product_cat-genel","7":"product_tag-hbc","9":"first","10":"instock","11":"taxable","12":"shipping-taxable","13":"purchasable","14":"product-type-simple"},"_links":{"self":[{"href":"https:\/\/kumandatech.tr\/en\/wp-json\/wp\/v2\/product\/4070","targetHints":{"allow":["GET"]}}],"collection":[{"href":"https:\/\/kumandatech.tr\/en\/wp-json\/wp\/v2\/product"}],"about":[{"href":"https:\/\/kumandatech.tr\/en\/wp-json\/wp\/v2\/types\/product"}],"replies":[{"embeddable":true,"href":"https:\/\/kumandatech.tr\/en\/wp-json\/wp\/v2\/comments?post=4070"}],"wp:featuredmedia":[{"embeddable":true,"href":"https:\/\/kumandatech.tr\/en\/wp-json\/wp\/v2\/media\/4497"}],"wp:attachment":[{"href":"https:\/\/kumandatech.tr\/en\/wp-json\/wp\/v2\/media?parent=4070"}],"wp:term":[{"taxonomy":"product_brand","embeddable":true,"href":"https:\/\/kumandatech.tr\/en\/wp-json\/wp\/v2\/product_brand?post=4070"},{"taxonomy":"product_cat","embeddable":true,"href":"https:\/\/kumandatech.tr\/en\/wp-json\/wp\/v2\/product_cat?post=4070"},{"taxonomy":"product_tag","embeddable":true,"href":"https:\/\/kumandatech.tr\/en\/wp-json\/wp\/v2\/product_tag?post=4070"}],"curies":[{"name":"wp","href":"https:\/\/api.w.org\/{rel}","templated":true}]}}